{"id":347,"date":"2024-03-03T16:29:49","date_gmt":"2024-03-03T14:29:49","guid":{"rendered":"http:\/\/jnats.eu\/?post_type=product&#038;p=347"},"modified":"2025-10-23T13:03:42","modified_gmt":"2025-10-23T10:03:42","slug":"ozuku-asagi-daigokujo-pietra-naturale-per-affilatura","status":"publish","type":"product","link":"https:\/\/jnats.eu\/it\/prodotto-2\/ozuku-asagi-daigokujo-pietra-naturale-per-affilatura\/","title":{"rendered":"Pietra per affilare naturale Ozaki Asagi Daigokujo"},"content":{"rendered":"<figure class=\"wp-block-embed is-type-video is-provider-youtube wp-block-embed-youtube wp-embed-aspect-4-3 wp-has-aspect-ratio\"><div class=\"wp-block-embed__wrapper\">\n<div class=\"video-container\"><iframe title=\"Ozuku Asagi Lv 5+ Naguras H. Affilatura del rasoio di diamante (Microscopia)\" width=\"1170\" height=\"658\" src=\"https:\/\/www.youtube.com\/embed\/SfdZe_G6_YI?feature=oembed\" frameborder=\"0\" allow=\"accelerometer; autoplay; clipboard-write; encrypted-media; gyroscope; picture-in-picture; web-share\" referrerpolicy=\"strict-origin-when-cross-origin\" allowfullscreen><\/iframe><\/div>\n<\/div><\/figure>\n\n\n\n<p>Esistono molte pietre da affilatura di questa forma che reagiscono bene all'acciaio. Un tempo le pietre giapponesi venivano esportate all'estero, soprattutto negli Stati Uniti. Le dimensioni di questa forma soddisfano gli standard statunitensi. \u00c8 stata appositamente sagomata in questo modo.<\/p>\n\n\n\n<p>Questa pietra abrasiva \u00e8 poco usata e pu\u00f2 dare una finitura a specchio a seconda di come la si usa. In questo periodo dell'anno, utilizzare acqua calda a circa 42 gradi.<\/p>\n\n\n\n<p>Per utilizzarlo nella fase intermedia dell'affilatura, \u00e8 possibile raccogliere i grani fini con una piastra diamantata medio-fine, inumidire i grani abrasivi con acqua calda e applicare una leggera forza per rilasciare la sospensione dell'abrasivo.<\/p>\n\n\n\n<p>La lucidatura delicata con grani abrasivi fini produce una bella finitura a specchio. \u00c8 adatto alla fase finale dell'affilatura dei coltelli.<br>\u00c8 possibile utilizzare questa pietra anche per affilare rasoi, coltelli, forbici, pialle e scalpelli. \u00c8 una pietra per affilare di alta qualit\u00e0. Usatela con fiducia.<\/p>","protected":false},"excerpt":{"rendered":"<ul>\n<li>L'iconica pietra per la finitura del rasoio<\/li>\n<li>Dimensioni circa: 20,7 x 5,5 x 2,5 cm<\/li>\n<li>Peso circa: 710 g<\/li>\n<li>Durezza: Lv 5+<\/li>\n<li>Per velocizzare il lavoro, si consiglia di utilizzare un chiodo<\/li>\n<\/ul>","protected":false},"featured_media":349,"comment_status":"open","ping_status":"closed","template":"","meta":[],"product_brand":[],"product_cat":[22],"product_tag":[45,40,74,66,73],"class_list":{"0":"post-347","1":"product","2":"type-product","3":"status-publish","4":"has-post-thumbnail","6":"product_cat-jnats","7":"product_tag-asagi","8":"product_tag-awasedo","9":"product_tag-daigokujo","10":"product_tag-ozuku","11":"product_tag-ozuku-asagi-daigokujo","12":"product_shipping_class-iprastas","14":"first","15":"outofstock","16":"sale","17":"shipping-taxable","18":"purchasable","19":"product-type-simple"},"_links":{"self":[{"href":"https:\/\/jnats.eu\/it\/wp-json\/wp\/v2\/product\/347","targetHints":{"allow":["GET"]}}],"collection":[{"href":"https:\/\/jnats.eu\/it\/wp-json\/wp\/v2\/product"}],"about":[{"href":"https:\/\/jnats.eu\/it\/wp-json\/wp\/v2\/types\/product"}],"replies":[{"embeddable":true,"href":"https:\/\/jnats.eu\/it\/wp-json\/wp\/v2\/comments?post=347"}],"wp:featuredmedia":[{"embeddable":true,"href":"https:\/\/jnats.eu\/it\/wp-json\/wp\/v2\/media\/349"}],"wp:attachment":[{"href":"https:\/\/jnats.eu\/it\/wp-json\/wp\/v2\/media?parent=347"}],"wp:term":[{"taxonomy":"product_brand","embeddable":true,"href":"https:\/\/jnats.eu\/it\/wp-json\/wp\/v2\/product_brand?post=347"},{"taxonomy":"product_cat","embeddable":true,"href":"https:\/\/jnats.eu\/it\/wp-json\/wp\/v2\/product_cat?post=347"},{"taxonomy":"product_tag","embeddable":true,"href":"https:\/\/jnats.eu\/it\/wp-json\/wp\/v2\/product_tag?post=347"}],"curies":[{"name":"wp","href":"https:\/\/api.w.org\/{rel}","templated":true}]}}