{"id":3476,"date":"2024-11-05T11:41:44","date_gmt":"2024-11-05T09:41:44","guid":{"rendered":"https:\/\/jnats.eu\/?post_type=product&#038;p=3476"},"modified":"2024-11-07T13:18:37","modified_gmt":"2024-11-07T11:18:37","slug":"paruostas-skustis-naudotas-vintazinis-japoniskas-skustuvas-kamisori","status":"publish","type":"product","link":"https:\/\/jnats.eu\/it\/prodotto-2\/paruostas-skustis-naudotas-vintazinis-japoniskas-skustuvas-kamisori\/","title":{"rendered":"Rasoio Kamisori vintage usato e pronto per la rasatura"},"content":{"rendered":"<figure class=\"wp-block-embed is-type-video is-provider-youtube wp-block-embed-youtube wp-embed-aspect-16-9 wp-has-aspect-ratio\"><div class=\"wp-block-embed__wrapper\">\n<div class=\"video-container\"><iframe title=\"Macchina da barba vintage Kamisori\" width=\"1170\" height=\"658\" src=\"https:\/\/www.youtube.com\/embed\/UHVCt3oOkkQ?feature=oembed\" frameborder=\"0\" allow=\"accelerometer; autoplay; clipboard-write; encrypted-media; gyroscope; picture-in-picture; web-share\" referrerpolicy=\"strict-origin-when-cross-origin\" allowfullscreen><\/iframe><\/div>\n<\/div><\/figure>","protected":false},"excerpt":{"rendered":"<ul>\n<li>Rasoio giapponese vintage Henkotsu Kamisori pronto per la rasatura<\/li>\n<li>Affilatura completata con la pietra giapponese sunaturale Shobudani karasu + cintura Kanayama<\/li>\n<li>Controllo al microscopio: nessuna crepa o corrosione sulla lama<\/li>\n<li>Peso - 36 g<\/li>\n<li>Lunghezza lama - 43 mm<\/li>\n<li>Altezza - 18 mm<\/li>\n<li>Spessore del nastro - 4 mm<\/li>\n<li>Realizzato in acciaio al carbonio, che \u00e8 soggetto a ruggine, quindi assicurarsi di asciugare il rasoio dopo l'uso e conservarlo in un luogo asciutto. Per una conservazione a lungo termine, lubrificare con del grasso.<\/li>\n<li>Come la maggior parte dei Kamisori, la piastra in acciaio duro \u00e8 saldata in un telaio pi\u00f9 morbido. In questo modo si riduce la necessit\u00e0 di un buon acciaio e si evitano rotture, ad esempio in caso di caduta del rasoio. Inoltre, contiene meno carbonio e ha meno probabilit\u00e0 di arrugginire.<\/li>\n<li><strong>Non regolare in nessun caso la nitidezza con la carta. In questo modo non si affila nessun rasoio!<\/strong><\/li>\n<\/ul>","protected":false},"featured_media":3480,"comment_status":"open","ping_status":"closed","template":"","meta":[],"product_brand":[],"product_cat":[23],"product_tag":[25],"class_list":{"0":"post-3476","1":"product","2":"type-product","3":"status-publish","4":"has-post-thumbnail","6":"product_cat-razors","7":"product_tag-kamisori","9":"first","10":"outofstock","11":"shipping-taxable","12":"purchasable","13":"product-type-simple"},"_links":{"self":[{"href":"https:\/\/jnats.eu\/it\/wp-json\/wp\/v2\/product\/3476","targetHints":{"allow":["GET"]}}],"collection":[{"href":"https:\/\/jnats.eu\/it\/wp-json\/wp\/v2\/product"}],"about":[{"href":"https:\/\/jnats.eu\/it\/wp-json\/wp\/v2\/types\/product"}],"replies":[{"embeddable":true,"href":"https:\/\/jnats.eu\/it\/wp-json\/wp\/v2\/comments?post=3476"}],"wp:featuredmedia":[{"embeddable":true,"href":"https:\/\/jnats.eu\/it\/wp-json\/wp\/v2\/media\/3480"}],"wp:attachment":[{"href":"https:\/\/jnats.eu\/it\/wp-json\/wp\/v2\/media?parent=3476"}],"wp:term":[{"taxonomy":"product_brand","embeddable":true,"href":"https:\/\/jnats.eu\/it\/wp-json\/wp\/v2\/product_brand?post=3476"},{"taxonomy":"product_cat","embeddable":true,"href":"https:\/\/jnats.eu\/it\/wp-json\/wp\/v2\/product_cat?post=3476"},{"taxonomy":"product_tag","embeddable":true,"href":"https:\/\/jnats.eu\/it\/wp-json\/wp\/v2\/product_tag?post=3476"}],"curies":[{"name":"wp","href":"https:\/\/api.w.org\/{rel}","templated":true}]}}