{"id":3528,"date":"2025-07-21T10:29:03","date_gmt":"2025-07-21T07:29:03","guid":{"rendered":"https:\/\/jnats.eu\/?post_type=product&#038;p=3528"},"modified":"2025-09-16T19:15:30","modified_gmt":"2025-09-16T16:15:30","slug":"nos-kamejumaru-kinsei-kamisori","status":"publish","type":"product","link":"https:\/\/jnats.eu\/it\/prodotto-2\/nos-kamejumaru-kinsei-kamisori\/","title":{"rendered":"NOS Kamejumaru Kinsei Kamisori"},"content":{"rendered":"<p>Tradizionale <strong>Rasoio giapponese kamisori<\/strong> con scatola originale in oro. A giudicare dalle marcature e dalla forma, si tratta di <strong>kamisori giapponese vintage di alta qualit\u00e0<\/strong>, in <strong>Acciaio Yasuki<\/strong>, di solito sotto forma di <strong>Shirogami (bianco)<\/strong> o <strong>Aogami (blu)<\/strong> grado di acciaio.<\/p>\n\n\n\n<figure class=\"wp-block-embed is-type-video is-provider-youtube wp-block-embed-youtube wp-embed-aspect-16-9 wp-has-aspect-ratio\"><div class=\"wp-block-embed__wrapper\">\n<div class=\"video-container\"><iframe title=\"NOS Kamejumaru Kinsei Kamisori\" width=\"1170\" height=\"658\" src=\"https:\/\/www.youtube.com\/embed\/mixFFoWXIao?feature=oembed\" frameborder=\"0\" allow=\"accelerometer; autoplay; clipboard-write; encrypted-media; gyroscope; picture-in-picture; web-share\" referrerpolicy=\"strict-origin-when-cross-origin\" allowfullscreen><\/iframe><\/div>\n<\/div><\/figure>\n\n\n\n<hr class=\"wp-block-separator has-alpha-channel-opacity\"\/>\n\n\n\n<h3 class=\"wp-block-heading\">Iscrizioni sulla scatola:<\/h3>\n\n\n\n<ul class=\"wp-block-list\">\n<li>\u4e80\u5bff\u4e38\u8b39\u88fd (<strong>Kamejumaru Kinsei<\/strong>) - marchio <em>Kamejumaru<\/em>che significa \"Kamejumaru fatto con onore\".<\/li>\n\n\n\n<li>\u4fdd\u8a3c (<strong>Hosh\u014d<\/strong>) - garanzia.<\/li>\n\n\n\n<li>\u8b39\u88fd (<strong>Kinsei<\/strong>) - fatto con rispetto \/ cura.<\/li>\n\n\n\n<li>\u30b4\u30e0\u67c4\u4ed8 - <em>gumu-e tsuki<\/em> - con un manico di gomma (il che \u00e8 vero: il coltello ha un rivestimento di gomma blu, spesso chiamato \"kumi tsuka\").<\/li>\n<\/ul>\n\n\n\n<h4 class=\"wp-block-heading\">Lama:<\/h4>\n\n\n\n<ul class=\"wp-block-list\">\n<li>Tipico <strong>kataba<\/strong> (affilatura su un solo lato) sotto forma di kamisori.<\/li>\n<\/ul>\n\n\n\n<hr class=\"wp-block-separator has-alpha-channel-opacity\"\/>\n\n\n\n<p>Questo \u00e8 <strong>Kamejumaru<\/strong> marche <em>NOS (New Old Stock)<\/em> Kamisori giapponese per uso professionale in saloni di parrucchieri o barbieri.<br>Prodotto in Giappone, probabilmente nella seconda met\u00e0 del XX secolo (1960-1980), quando i kamisori erano ancora molto diffusi, ma avevano gi\u00e0 iniziato a diminuire la loro popolarit\u00e0 quotidiana a causa dei moderni rasoi.<\/p>\n\n\n\n<p><\/p>","protected":false},"excerpt":{"rendered":"<ul>\n<li>Rasoio giapponese Kamejumaru Kinsei d'epoca non utilizzato.<\/li>\n<li>Peso - 34 g<\/li>\n<li>Lunghezza lama - 44 mm<\/li>\n<li>Altezza - 17 mm<\/li>\n<li>Spessore del nastro - 5 mm<\/li>\n<li>Realizzato in acciaio al carbonio, che \u00e8 soggetto a ruggine, quindi assicurarsi di asciugare il rasoio dopo l'uso e conservarlo in un luogo asciutto. Per una conservazione a lungo termine, lubrificare con del grasso.<\/li>\n<li>Il nucleo duro \u00e8 circondato da acciaio pi\u00f9 morbido, che protegge da eventuali rotture in caso di caduta del rasoio.<\/li>\n<li>Maniglia in plastica.<\/li>\n<li><strong>Ottime condizioni senza evidenti segni di corrosione<\/strong><\/li>\n<\/ul>","protected":false},"featured_media":5017,"comment_status":"open","ping_status":"closed","template":"","meta":[],"product_brand":[],"product_cat":[23],"product_tag":[25,309,121,308],"class_list":{"0":"post-3528","1":"product","2":"type-product","3":"status-publish","4":"has-post-thumbnail","6":"product_cat-razors","7":"product_tag-kamisori","8":"product_tag-kinmoji","9":"product_tag-new","10":"product_tag-shave-ready","11":"product_shipping_class-light","13":"first","14":"outofstock","15":"shipping-taxable","16":"purchasable","17":"product-type-simple"},"_links":{"self":[{"href":"https:\/\/jnats.eu\/it\/wp-json\/wp\/v2\/product\/3528","targetHints":{"allow":["GET"]}}],"collection":[{"href":"https:\/\/jnats.eu\/it\/wp-json\/wp\/v2\/product"}],"about":[{"href":"https:\/\/jnats.eu\/it\/wp-json\/wp\/v2\/types\/product"}],"replies":[{"embeddable":true,"href":"https:\/\/jnats.eu\/it\/wp-json\/wp\/v2\/comments?post=3528"}],"wp:featuredmedia":[{"embeddable":true,"href":"https:\/\/jnats.eu\/it\/wp-json\/wp\/v2\/media\/5017"}],"wp:attachment":[{"href":"https:\/\/jnats.eu\/it\/wp-json\/wp\/v2\/media?parent=3528"}],"wp:term":[{"taxonomy":"product_brand","embeddable":true,"href":"https:\/\/jnats.eu\/it\/wp-json\/wp\/v2\/product_brand?post=3528"},{"taxonomy":"product_cat","embeddable":true,"href":"https:\/\/jnats.eu\/it\/wp-json\/wp\/v2\/product_cat?post=3528"},{"taxonomy":"product_tag","embeddable":true,"href":"https:\/\/jnats.eu\/it\/wp-json\/wp\/v2\/product_tag?post=3528"}],"curies":[{"name":"wp","href":"https:\/\/api.w.org\/{rel}","templated":true}]}}