{"id":354,"date":"2024-03-04T10:32:51","date_gmt":"2024-03-04T08:32:51","guid":{"rendered":"http:\/\/jnats.eu\/?post_type=product&#038;p=354"},"modified":"2026-01-29T13:28:16","modified_gmt":"2026-01-29T11:28:16","slug":"coltello-da-caccia-del-fabbro-k390-g10","status":"publish","type":"product","link":"https:\/\/jnats.eu\/it\/prodotto-2\/coltello-da-caccia-del-fabbro-k390-g10\/","title":{"rendered":"Coltello da caccia K390, G10"},"content":{"rendered":"<ul class=\"wp-block-list\">\n<li>Coltello fatto a mano dal fabbro Leonidas Vasiliev<\/li>\n\n\n\n<li>Acciaio laminato a polvere K390. Lo strato esterno di acciaio pi\u00f9 morbido protegge dalla corrosione, aumenta la resistenza alla rottura e conferisce un aspetto unico. L&#039;acciaio viene forgiato utilizzando coke, che satura la superficie dell&#039;acciaio di carbonio e diventa cos\u00ec ancora pi\u00f9 resistente all&#039;usura.<\/li>\n\n\n\n<li>65HRC<\/li>\n\n\n\n<li>K390 al centro. Laminato: Aus8, nichel e 40\u00d713<\/li>\n\n\n\n<li>Dimensioni lama: 135x30x3,9 mm<\/li>\n\n\n\n<li>Affilato di 36 gradi<\/li>\n\n\n\n<li>Maniglia G10. Materiale artificiale resistente all&#039;ambiente. 130 mm<\/li>\n\n\n\n<li>Custodia in vera pelle (sciolta)<\/li>\n\n\n\n<li>Peso 188 g (con custodia 280 g)<\/li>\n\n\n\n<li>Coltello estremamente duraturo e resistente agli urti. Fortemente consigliato solo per il taglio, in quanto l'impugnatura non \u00e8 elevata per lavori grossolani.<\/li>\n<\/ul>\n\n\n\n<p>Le propriet\u00e0 del K390 sono piuttosto eccellenti, con buona tenacit\u00e0, resistenza all&#039;usura molto elevata e mantenimento dell&#039;affilatura. Vanadis 8 e CPM-10V offrono propriet\u00e0 simili, sebbene nessuno dei tre sia stato ampiamente utilizzato nella produzione di coltelli. La combinazione di robustezza e resistenza all&#039;usura non ha eguali in nessun acciaio inossidabile. L&#039;alto contenuto di carburi di vanadio molto duri fa s\u00ec che sia i coltellinai che i grandi produttori di coltelli tendano a lamentarsi della difficolt\u00e0 di molatura e lucidatura di questo acciaio. Di conseguenza, K390, Vanadis 8 e CPM-10V probabilmente non raggiungeranno mai lo status di mainstream. (Fonte https:\/\/knifesteelnerds.com\/2023\/04\/11\/k390-best-high-wear-resistance-steel\/)<\/p>\n\n\n\n<figure class=\"wp-block-embed is-type-video is-provider-youtube wp-block-embed-youtube wp-embed-aspect-16-9 wp-has-aspect-ratio\"><div class=\"wp-block-embed__wrapper\">\n<div class=\"video-container\"><iframe title=\"Coltello da caccia da fabbro K390\" width=\"1170\" height=\"658\" src=\"https:\/\/www.youtube.com\/embed\/5EQOqNbfS9A?feature=oembed\" frameborder=\"0\" allow=\"accelerometer; autoplay; clipboard-write; encrypted-media; gyroscope; picture-in-picture; web-share\" referrerpolicy=\"strict-origin-when-cross-origin\" allowfullscreen><\/iframe><\/div>\n<\/div><\/figure>\n\n\n\n<figure class=\"wp-block-embed is-type-video is-provider-youtube wp-block-embed-youtube wp-embed-aspect-16-9 wp-has-aspect-ratio\"><div class=\"wp-block-embed__wrapper\">\n<div class=\"video-container\"><iframe title=\"Coltello in Polvere di Acciaio k390\" width=\"1170\" height=\"658\" src=\"https:\/\/www.youtube.com\/embed\/yG9SaWlizNk?feature=oembed\" frameborder=\"0\" allow=\"accelerometer; autoplay; clipboard-write; encrypted-media; gyroscope; picture-in-picture; web-share\" referrerpolicy=\"strict-origin-when-cross-origin\" allowfullscreen><\/iframe><\/div>\n<\/div><\/figure>","protected":false},"excerpt":{"rendered":"<ul>\n<li>Coltello fatto a mano dal fabbro Leonidas Vasiliev<\/li>\n<li>Acciaio laminato a polvere K390. Lo strato esterno di acciaio pi\u00f9 morbido protegge dalla corrosione, aumenta la resistenza alla rottura e conferisce un aspetto unico.<\/li>\n<li>65HRC. I coltelli seriali non sono realizzati con tale acciaio, perch\u00e9 \u00e8 difficile da lavorare ed \u00e8 necessario scegliere il giusto trattamento termico, che richiede molto tempo, energia, abilit\u00e0 e fatica.\u00a0<\/li>\n<li>K390 al centro. Laminato: Aus8, nichel e 40\u00d713. L&#039;acciaio viene forgiato utilizzando coke, che satura l&#039;acciaio di carbonio e lo rende quindi ancora pi\u00f9 resistente all&#039;usura.<\/li>\n<li>Dimensioni lama: 135x30x3,9 mm<\/li>\n<li>Affilato di 36 gradi<\/li>\n<li>Maniglia G10. Materiale artificiale resistente all&#039;ambiente. 130 mm<\/li>\n<li>Custodia in vera pelle (sciolta)<\/li>\n<li>Peso 188 g (con custodia 280 g)<\/li>\n<li>Coltello estremamente duraturo e resistente agli urti. Si consiglia vivamente di utilizzarlo solo per il taglio, poich\u00e9 l&#039;avanzamento minimo non \u00e8 adatto per lavori gravosi.<\/li>\n<\/ul>","protected":false},"featured_media":971,"comment_status":"open","ping_status":"closed","template":"","meta":[],"product_brand":[],"product_cat":[24],"product_tag":[77,75,76],"class_list":{"0":"post-354","1":"product","2":"type-product","3":"status-publish","4":"has-post-thumbnail","6":"product_cat-knifes","7":"product_tag-k390","8":"product_tag-medzioklinis-peilis","9":"product_tag-peilis","10":"product_shipping_class-iprastas","12":"first","13":"outofstock","14":"sale","15":"shipping-taxable","16":"purchasable","17":"product-type-simple"},"_links":{"self":[{"href":"https:\/\/jnats.eu\/it\/wp-json\/wp\/v2\/product\/354","targetHints":{"allow":["GET"]}}],"collection":[{"href":"https:\/\/jnats.eu\/it\/wp-json\/wp\/v2\/product"}],"about":[{"href":"https:\/\/jnats.eu\/it\/wp-json\/wp\/v2\/types\/product"}],"replies":[{"embeddable":true,"href":"https:\/\/jnats.eu\/it\/wp-json\/wp\/v2\/comments?post=354"}],"wp:featuredmedia":[{"embeddable":true,"href":"https:\/\/jnats.eu\/it\/wp-json\/wp\/v2\/media\/971"}],"wp:attachment":[{"href":"https:\/\/jnats.eu\/it\/wp-json\/wp\/v2\/media?parent=354"}],"wp:term":[{"taxonomy":"product_brand","embeddable":true,"href":"https:\/\/jnats.eu\/it\/wp-json\/wp\/v2\/product_brand?post=354"},{"taxonomy":"product_cat","embeddable":true,"href":"https:\/\/jnats.eu\/it\/wp-json\/wp\/v2\/product_cat?post=354"},{"taxonomy":"product_tag","embeddable":true,"href":"https:\/\/jnats.eu\/it\/wp-json\/wp\/v2\/product_tag?post=354"}],"curies":[{"name":"wp","href":"https:\/\/api.w.org\/{rel}","templated":true}]}}