{"id":3596,"date":"2024-12-01T13:24:15","date_gmt":"2024-12-01T11:24:15","guid":{"rendered":"https:\/\/jnats.eu\/?post_type=product&#038;p=3596"},"modified":"2024-12-11T17:28:44","modified_gmt":"2024-12-11T15:28:44","slug":"ozuku-asagi-japoniskas-naturalus-galandimo-akmuo","status":"publish","type":"product","link":"https:\/\/jnats.eu\/it\/prodotto-2\/ozuku-asagi-japoniskas-naturalus-galandimo-akmuo\/","title":{"rendered":"Pietra da affilatura naturale giapponese Ozuku Asagi"},"content":{"rendered":"<figure class=\"wp-block-embed is-type-video is-provider-youtube wp-block-embed-youtube wp-embed-aspect-16-9 wp-has-aspect-ratio\"><div class=\"wp-block-embed__wrapper\">\n<div class=\"video-container\"><iframe title=\"Aoto, Aizu, Ohira Suite, Ozuku - Affilatura del rasoio Le Moulin\" width=\"1170\" height=\"658\" src=\"https:\/\/www.youtube.com\/embed\/5Q8Nm6aKSYc?start=789&#038;feature=oembed\" frameborder=\"0\" allow=\"accelerometer; autoplay; clipboard-write; encrypted-media; gyroscope; picture-in-picture; web-share\" referrerpolicy=\"strict-origin-when-cross-origin\" allowfullscreen><\/iframe><\/div>\n<\/div><\/figure>","protected":false},"excerpt":{"rendered":"<ul>\n<li>Adatto per la finitura di rasoi, coltelli e utensili.<\/li>\n<li>Dimensioni: 196x70x17 mm<\/li>\n<li>Peso con supporto 860 g<\/li>\n<li>Durezza: Lv 5+<\/li>\n<li>La pietra Ozuku Mizu Asagi, molto dura, \u00e8 la preferita dagli affilatori di rasoi perch\u00e9 consente di ottenere la massima affilatura. Per accelerare il lavoro, \u00e8 possibile utilizzare una sospensione Nagura o strofinarla con una piastra diamantata ruvida.<\/li>\n<li>Non \u00e8 duro, ma \u00e8 molto resistente. Si usura quindi molto lentamente e dura per molti anni.<\/li>\n<li>Un angolo in basso \u00e8 smussato.<\/li>\n<\/ul>","protected":false},"featured_media":3612,"comment_status":"open","ping_status":"closed","template":"","meta":[],"product_brand":[],"product_cat":[22],"product_tag":[45,66],"class_list":{"0":"post-3596","1":"product","2":"type-product","3":"status-publish","4":"has-post-thumbnail","6":"product_cat-jnats","7":"product_tag-asagi","8":"product_tag-ozuku","9":"product_shipping_class-iprastas","11":"first","12":"outofstock","13":"sale","14":"shipping-taxable","15":"purchasable","16":"product-type-simple"},"_links":{"self":[{"href":"https:\/\/jnats.eu\/it\/wp-json\/wp\/v2\/product\/3596","targetHints":{"allow":["GET"]}}],"collection":[{"href":"https:\/\/jnats.eu\/it\/wp-json\/wp\/v2\/product"}],"about":[{"href":"https:\/\/jnats.eu\/it\/wp-json\/wp\/v2\/types\/product"}],"replies":[{"embeddable":true,"href":"https:\/\/jnats.eu\/it\/wp-json\/wp\/v2\/comments?post=3596"}],"wp:featuredmedia":[{"embeddable":true,"href":"https:\/\/jnats.eu\/it\/wp-json\/wp\/v2\/media\/3612"}],"wp:attachment":[{"href":"https:\/\/jnats.eu\/it\/wp-json\/wp\/v2\/media?parent=3596"}],"wp:term":[{"taxonomy":"product_brand","embeddable":true,"href":"https:\/\/jnats.eu\/it\/wp-json\/wp\/v2\/product_brand?post=3596"},{"taxonomy":"product_cat","embeddable":true,"href":"https:\/\/jnats.eu\/it\/wp-json\/wp\/v2\/product_cat?post=3596"},{"taxonomy":"product_tag","embeddable":true,"href":"https:\/\/jnats.eu\/it\/wp-json\/wp\/v2\/product_tag?post=3596"}],"curies":[{"name":"wp","href":"https:\/\/api.w.org\/{rel}","templated":true}]}}