{"id":3651,"date":"2025-07-21T10:46:30","date_gmt":"2025-07-21T07:46:30","guid":{"rendered":"https:\/\/jnats.eu\/?post_type=product&#038;p=3651"},"modified":"2025-10-04T01:47:52","modified_gmt":"2025-10-03T22:47:52","slug":"tradicinis-japoniskas-skustuvas-kamisori-henkotsu-shave-ready","status":"publish","type":"product","link":"https:\/\/jnats.eu\/it\/prodotto-2\/tradicinis-japoniskas-skustuvas-kamisori-henkotsu-shave-ready\/","title":{"rendered":"Rasoio tradizionale giapponese Kamisori Henkotsu NOS"},"content":{"rendered":"<figure class=\"wp-block-embed is-type-video is-provider-youtube wp-block-embed-youtube wp-embed-aspect-16-9 wp-has-aspect-ratio\"><div class=\"wp-block-embed__wrapper\">\n<div class=\"video-container\"><iframe title=\"Rasoio tradizionale giapponese Kamisori Henkotsu NOS\" width=\"1170\" height=\"658\" src=\"https:\/\/www.youtube.com\/embed\/DL54bPgnt04?feature=oembed\" frameborder=\"0\" allow=\"accelerometer; autoplay; clipboard-write; encrypted-media; gyroscope; picture-in-picture; web-share\" referrerpolicy=\"strict-origin-when-cross-origin\" allowfullscreen><\/iframe><\/div>\n<\/div><\/figure>\n\n\n\n<p><strong>Henkotsu kamisori NOS (Nuovo stock vecchio)<\/strong> - uno dei pi\u00f9 noti marchi giapponesi di kamisori, prodotto a met\u00e0 del XX secolo per uso professionale. I rasoi Henkotsu sono apprezzati per:<\/p>\n\n\n\n<ul class=\"wp-block-list\">\n<li>alta qualit\u00e0 <strong>Acciaio Yasuki<\/strong> (soprattutto Shirogami #2),<\/li>\n\n\n\n<li>geometria precisa,<\/li>\n\n\n\n<li>buon comportamento di affilatura,<\/li>\n\n\n\n<li>storie - sia per l'uso da parte dei parrucchieri professionisti che per l'esportazione in altri paesi.<\/li>\n<\/ul>\n\n\n\n<p>Simili a una tradizionale spada da samurai, questi Kamisori sono stati forgiati a mano da 2 strati, la parte tagliente in acciaio ad alto tenore di carbonio e lo strato di supporto in uno pi\u00f9 semplice. Lo strato di acciaio \u00e8 fragile e duro, mentre la guaina fornisce la flessibilit\u00e0 necessaria.<\/p>\n\n\n\n<p>Entrambi gli strati sono antiruggine, quindi mantieni sempre il rasoio asciutto dopo la rasatura e proteggilo con un sottile strato di olio. Perch\u00e9 questo coltello si arrugginisce? I coltelli in acciaio inossidabile sono realizzati con una lega che previene la formazione di macchie di corrosione, ma sar\u00e0 anche meno dura. L&#039;acciaio ad alto contenuto di carbonio, come lo strato di questo taglierino Kamisori, fornisce molta pi\u00f9 durezza e manterr\u00e0 il tuo rasoio liscio per molto pi\u00f9 tempo prima che tu debba affilarlo nuovamente!<\/p>","protected":false},"excerpt":{"rendered":"<ul>\n<li>Rasoio giapponese Henkotsu Kamisori d'epoca non utilizzato.<\/li>\n<li>Tutte le dimensioni e i pesi variano leggermente perch\u00e9 sono fatti a mano.<\/li>\n<li>Peso - 33 g<\/li>\n<li>Lunghezza della lama - 45 mm<\/li>\n<li>Altezza - 19 mm<\/li>\n<li>Spessore del nastro - 5 mm<\/li>\n<li>Lunghezza totale - 148 mm<\/li>\n<li>Realizzato in acciaio al carbonio, che \u00e8 soggetto a ruggine, quindi assicurarsi di asciugare il rasoio dopo l'uso e conservarlo in un luogo asciutto. Per una conservazione a lungo termine, lubrificare con del grasso.<\/li>\n<li>Il nucleo duro \u00e8 circondato da acciaio pi\u00f9 morbido, che protegge da eventuali rotture in caso di caduta del rasoio.<\/li>\n<li>Leggermente influenzato dalla corrosione.<\/li>\n<li>se non vedete l'articolo nell'elenco, \u00e8 stato venduto.<\/li>\n<\/ul>","protected":false},"featured_media":5033,"comment_status":"open","ping_status":"closed","template":"","meta":[],"product_brand":[],"product_cat":[23],"product_tag":[314,25,313],"class_list":{"0":"post-3651","1":"product","2":"type-product","3":"status-publish","4":"has-post-thumbnail","6":"product_cat-razors","7":"product_tag-henkotsu","8":"product_tag-kamisori","9":"product_tag-kamisori-henkotsu","10":"product_shipping_class-light","12":"first","13":"instock","14":"shipping-taxable","15":"purchasable","16":"product-type-variable"},"_links":{"self":[{"href":"https:\/\/jnats.eu\/it\/wp-json\/wp\/v2\/product\/3651","targetHints":{"allow":["GET"]}}],"collection":[{"href":"https:\/\/jnats.eu\/it\/wp-json\/wp\/v2\/product"}],"about":[{"href":"https:\/\/jnats.eu\/it\/wp-json\/wp\/v2\/types\/product"}],"replies":[{"embeddable":true,"href":"https:\/\/jnats.eu\/it\/wp-json\/wp\/v2\/comments?post=3651"}],"wp:featuredmedia":[{"embeddable":true,"href":"https:\/\/jnats.eu\/it\/wp-json\/wp\/v2\/media\/5033"}],"wp:attachment":[{"href":"https:\/\/jnats.eu\/it\/wp-json\/wp\/v2\/media?parent=3651"}],"wp:term":[{"taxonomy":"product_brand","embeddable":true,"href":"https:\/\/jnats.eu\/it\/wp-json\/wp\/v2\/product_brand?post=3651"},{"taxonomy":"product_cat","embeddable":true,"href":"https:\/\/jnats.eu\/it\/wp-json\/wp\/v2\/product_cat?post=3651"},{"taxonomy":"product_tag","embeddable":true,"href":"https:\/\/jnats.eu\/it\/wp-json\/wp\/v2\/product_tag?post=3651"}],"curies":[{"name":"wp","href":"https:\/\/api.w.org\/{rel}","templated":true}]}}