{"id":3679,"date":"2025-12-16T14:37:04","date_gmt":"2025-12-16T12:37:04","guid":{"rendered":"https:\/\/jnats.eu\/?post_type=product&#038;p=3679"},"modified":"2026-02-12T13:14:33","modified_gmt":"2026-02-12T11:14:33","slug":"nos-kamisori-tamahagane-pauvlonijos-dezuteje","status":"publish","type":"product","link":"https:\/\/jnats.eu\/it\/prodotto-2\/nos-kamisori-tamahagane-pauvlonijos-dezuteje\/","title":{"rendered":"Premium NOS Kamisori Tamahagane in una scatola di pauvlonia"},"content":{"rendered":"<p>Ci sono tracce di tempo e di ruggine. Si prega di osservare attentamente le foto e il video. I rasoi sono affilati ma preferibilmente rifiniti con una pietra adatta e una cinghia di cordovan. Per le persone meno esigenti, la rasatura \u00e8 adatta a tutti.<\/p>\n\n\n\n<figure class=\"wp-block-embed is-type-video is-provider-youtube wp-block-embed-youtube wp-embed-aspect-9-16 wp-has-aspect-ratio\"><div class=\"wp-block-embed__wrapper\">\n<div class=\"video-container\"><iframe title=\"Autentico Tamahagane Kamisori | NOS Artigianato giapponese #tamahagane\" width=\"563\" height=\"1000\" src=\"https:\/\/www.youtube.com\/embed\/UoiK7YYzXa0?feature=oembed\" frameborder=\"0\" allow=\"accelerometer; autoplay; clipboard-write; encrypted-media; gyroscope; picture-in-picture; web-share\" referrerpolicy=\"strict-origin-when-cross-origin\" allowfullscreen><\/iframe><\/div>\n<\/div><\/figure>\n\n\n\n<h2 class=\"wp-block-heading\">Traduzione:<\/h2>\n\n\n\n<h3 class=\"wp-block-heading\">Sulla scatola<\/h3>\n\n\n\n<ul class=\"wp-block-list\">\n<li><strong>\u767b\u9332\u5546\u6a19<\/strong><br>Traduzione: <em>Marchio registrato<\/em>.<\/li>\n\n\n\n<li><strong>\u7279\u64b0<\/strong><br>Traduzione: <em>Selezionato appositamente<\/em> o <em>qualit\u00e0 superiore<\/em>.<\/li>\n<\/ul>\n\n\n\n<h3 class=\"wp-block-heading\">Sul rasoio<\/h3>\n\n\n\n<ol class=\"wp-block-list\">\n<li><strong>\u7d14\u6b63\u92fc\u51a0\u884c<\/strong><br>Traduzione: <em>\"Autentico acciaio Tamahagane\".<\/em> via <em>\"Acciaio di qualit\u00e0 superiore\"<\/em>.<\/li>\n\n\n\n<li><strong>\u7279\u7d1a\u767b\u9332<\/strong><br>Traduzione: <em>\"Classe speciale registrata\"<\/em> (prodotto premium).<\/li>\n\n\n\n<li><strong>\u559c<\/strong><br>\u00c8 un simbolo di gioia utilizzato per il branding.<\/li>\n<\/ol>\n\n\n\n<p>Simile a una tradizionale spada da samurai, questo Kamisori \u00e8 stato forgiato a mano da due strati, la parte tagliente in acciaio al carbonio duro e lo strato di supporto morbido. Ci\u00f2 che rende speciale questo Kamisori \u00e8 che l'acciaio \u00e8 il vero Tamahagane. Il Tamahagane \u00e8 un acciaio tradizionale prodotto in Giappone da secoli a partire dalla sabbia e dal carbone \"di ferro\" che si trovano in loco. Poich\u00e9 il Giappone non dispone di grandi risorse di minerale di ferro, l'acciaio viene ricavato dalla sabbia di ferro in un processo che richiede diversi giorni di lavoro manuale. Questa era la principale fonte di materiale per tutte le spade dei samurai. Lo strato di acciaio \u00e8 fragile e duro (temprato a 70HRC), mentre la struttura pi\u00f9 morbida fornisce la necessaria flessibilit\u00e0.<\/p>\n\n\n\n<p>Entrambi gli strati non sono antiruggine, quindi \u00e8 necessario tenere sempre il rasoio asciutto dopo la rasatura e proteggerlo con un sottile strato di lubrificante. Perch\u00e9 questo rasoio \u00e8 antiruggine? I rasoi in acciaio inossidabile sono realizzati in una lega che previene le macchie di corrosione, ma che li rende anche meno duri e meno taglienti. L'acciaio ad alto tenore di carbonio, come lo strato tagliente di questo Kamisori, consente una durezza molto pi\u00f9 elevata e manterr\u00e0 una rasatura liscia molto pi\u00f9 a lungo prima di dover essere affilato di nuovo, soprattutto questo strato Tamahagane!<\/p>\n\n\n\n<p>L'acciaio Tamahagane \u7389\u92fc, un materiale leggendario e venerato nella fabbricazione tradizionale delle spade giapponesi, occupa un posto speciale nel cuore di artigiani e appassionati. Rinomato per la sua eccezionale qualit\u00e0 e per il meticoloso processo di sviluppo, l'acciaio Tamahagane incarna la perfetta combinazione di arte, tradizione e funzionalit\u00e0. <\/p>\n\n\n\n<p>Qui sotto potete vedere la mia mietitrice affilata:<\/p>\n\n\n\n<figure class=\"wp-block-embed is-type-video is-provider-youtube wp-block-embed-youtube wp-embed-aspect-16-9 wp-has-aspect-ratio\"><div class=\"wp-block-embed__wrapper\">\n<div class=\"video-container\"><iframe title=\"NOS Kamisori Tamahagane Shave ready\" width=\"1170\" height=\"658\" src=\"https:\/\/www.youtube.com\/embed\/a2fycebA5I4?feature=oembed\" frameborder=\"0\" allow=\"accelerometer; autoplay; clipboard-write; encrypted-media; gyroscope; picture-in-picture; web-share\" referrerpolicy=\"strict-origin-when-cross-origin\" allowfullscreen><\/iframe><\/div>\n<\/div><\/figure>","protected":false},"excerpt":{"rendered":"<p>NOS (New old Stock) Rasoio Kamisori giapponese in acciaio Tamahagane \u7389\u92fc ultra duro (fino a 70 HRC). Kamisori medio e leggero. Questo rasoio \u00e8 stato realizzato nel periodo Showa, intorno agli anni '60. Piacer\u00e0 a chi ama la rasatura aggressiva.<\/p>\n<p>\u7d14\u7389\u92fc (Jun Tama Hagane), che significa \"Puro acciaio Tamahagane\". Il testo aggiuntivo \"\u5225\u6253\" (Betsuuchi) significa \"forgiato a lungo\". La forgiatura lunga rende la struttura dell'acciaio pi\u00f9 omogenea e pi\u00f9 forte ed elimina le impurit\u00e0 non necessarie. Ci\u00f2 consente di affilare l'utensile in modo pi\u00f9 netto e la sua affilatura dura sensibilmente pi\u00f9 a lungo.<\/p>\n<p>\u7279 \u7ea7 \u7f16 = Edizione speciale<\/p>\n<p>Marchio <strong>\"\u559c\"<\/strong> (simbolo di gioia) e l'esclusivo marchio di qualit\u00e0 \"\u7279\u64b0\" (premium) indicano che si tratta di uno strumento da barba giapponese di fascia alta, realizzato con attenzione ai dettagli e con l'utilizzo di acciaio della migliore qualit\u00e0.<\/p>\n<p><strong>Le dimensioni di tutti i Kamisori sono leggermente diverse perch\u00e9 sono fatti a mano!<\/strong><\/p>\n<ul>\n<li>Lunghezza circa 152 mm<\/li>\n<li>Altezza circa 17 mm<\/li>\n<li>Lunghezza del tagliente circa 43 mm<\/li>\n<li>spessore circa 4 mm<\/li>\n<li>peso circa 41 g.<\/li>\n<li>maniglia in plastica<\/li>\n<\/ul>","protected":false},"featured_media":5539,"comment_status":"open","ping_status":"closed","template":"","meta":[],"product_brand":[],"product_cat":[23],"product_tag":[25,26],"class_list":{"0":"post-3679","1":"product","2":"type-product","3":"status-publish","4":"has-post-thumbnail","6":"product_cat-razors","7":"product_tag-kamisori","8":"product_tag-tamahagane","9":"product_shipping_class-light","11":"first","12":"outofstock","13":"shipping-taxable","14":"product-type-variable"},"_links":{"self":[{"href":"https:\/\/jnats.eu\/it\/wp-json\/wp\/v2\/product\/3679","targetHints":{"allow":["GET"]}}],"collection":[{"href":"https:\/\/jnats.eu\/it\/wp-json\/wp\/v2\/product"}],"about":[{"href":"https:\/\/jnats.eu\/it\/wp-json\/wp\/v2\/types\/product"}],"replies":[{"embeddable":true,"href":"https:\/\/jnats.eu\/it\/wp-json\/wp\/v2\/comments?post=3679"}],"wp:featuredmedia":[{"embeddable":true,"href":"https:\/\/jnats.eu\/it\/wp-json\/wp\/v2\/media\/5539"}],"wp:attachment":[{"href":"https:\/\/jnats.eu\/it\/wp-json\/wp\/v2\/media?parent=3679"}],"wp:term":[{"taxonomy":"product_brand","embeddable":true,"href":"https:\/\/jnats.eu\/it\/wp-json\/wp\/v2\/product_brand?post=3679"},{"taxonomy":"product_cat","embeddable":true,"href":"https:\/\/jnats.eu\/it\/wp-json\/wp\/v2\/product_cat?post=3679"},{"taxonomy":"product_tag","embeddable":true,"href":"https:\/\/jnats.eu\/it\/wp-json\/wp\/v2\/product_tag?post=3679"}],"curies":[{"name":"wp","href":"https:\/\/api.w.org\/{rel}","templated":true}]}}