{"id":377,"date":"2024-03-04T14:16:15","date_gmt":"2024-03-04T12:16:15","guid":{"rendered":"http:\/\/jnats.eu\/?post_type=product&#038;p=377"},"modified":"2024-05-03T11:33:34","modified_gmt":"2024-05-03T08:33:34","slug":"kyoto-pietra-naturale-per-affilare-appositamente-selezionata-shomotoyama-shiro-renge-suita","status":"publish","type":"product","link":"https:\/\/jnats.eu\/it\/prodotto-2\/kyoto-pietra-naturale-per-affilare-appositamente-selezionata-shomotoyama-shiro-renge-suita\/","title":{"rendered":"Pietra per affilare naturale appositamente selezionata di Kyoto Shomotoyama Shiro Renge Suita"},"content":{"rendered":"<p>Shiro Renge Suita \u00e8 una pietra per affilare, conosciuta anche come pietra per affilare, comunemente utilizzata nelle tradizionali tecniche di affilatura dei coltelli giapponesi. \u00c8 molto apprezzato sia dagli appassionati che dai professionisti per la sua eccezionale qualit\u00e0 e capacit\u00e0 di produrre una lama affilata.<\/p>\n\n\n\n<p><strong>Descrizione delle pietre abrasive Shiro Renge Suita:<\/strong><\/p>\n\n\n\n<p>Materiale: Shiro Renge Suita \u00e8 solitamente realizzato con pietre sedimentarie naturali trovate nelle montagne del Giappone. Queste pietre sono note per la loro struttura a grana fine, che consente l&#039;affilatura e la lucidatura precise delle lame dei coltelli.<\/p>\n\n\n\n<p>Livello di grana: Shiro Renge Suita rientra generalmente nella gamma di grana da media a fine. La finezza si riferisce alla ruvidit\u00e0 della superficie della pietra e determina il livello di abrasivit\u00e0. Questa pietra viene spesso utilizzata nelle fasi finali dell&#039;affilatura per affinare il filo e ottenere una finitura a specchio.<\/p>\n\n\n\n<p>Versatilit\u00e0: la Shiro Renge Suita viene utilizzata principalmente per affilare coltelli in stile giapponese come coltelli da sushi o sashimi, ma pu\u00f2 essere utilizzata anche per affilare altri tipi di coltelli, inclusi coltelli da cucina, strumenti per la lavorazione del legno e persino rasoi.<\/p>\n\n\n\n<p>Utilizzo dell&#039;acqua: come la maggior parte delle pietre giapponesi, Shiro Renge Suita deve essere inumidita con acqua tiepida prima dell&#039;uso. Questo processo aiuta a prevenire la disidratazione della pietra e fornisce lubrificazione per il processo di affilatura.<\/p>\n\n\n\n<p>Cura e manutenzione: la cura e la manutenzione adeguate sono essenziali per garantire la longevit\u00e0 e l&#039;efficacia delle pietre abrasive Shiro Renge Suita. Deve essere lavato accuratamente dopo l&#039;uso e lasciato asciugare completamente prima di riporlo. Inoltre, il livellamento periodico della superficie aiuta a mantenere una superficie di affilatura uniforme.<\/p>\n\n\n\n<p>Qualit\u00e0 artigianale: molte delle mole vintage Shiro Renge Suita sono realizzate da abili artigiani che conoscono bene le caratteristiche e le propriet\u00e0 della pietra. Questa lavorazione artigianale garantisce la consistenza e la qualit\u00e0 di ogni pietra prodotta.<\/p>\n\n\n\n<p>Nel complesso, la pietra per affilare Shiro Renge Suita \u00e8 apprezzata per la sua capacit\u00e0 di affinare i bordi dei coltelli in superfici eccezionalmente affilate e lucide, rendendola uno strumento prezioso per chef, appassionati di cucina e artigiani che richiedono precisione e qualit\u00e0 nel loro lavoro.<\/p>","protected":false},"excerpt":{"rendered":"<ul>\n<li>Pietra per affilare Shiro Renge Suita vintage, inutilizzata<\/li>\n<li>Dimensioni <span class=\"VIpgJd-yAWNEb-VIpgJd-fmcmS-sn54Q\">195\u00d773<\/span><span class=\"VIpgJd-yAWNEb-VIpgJd-fmcmS-sn54Q\">\u00a0X\u00a0<\/span><span class=\"VIpgJd-yAWNEb-VIpgJd-fmcmS-sn54Q\">26<\/span><\/li>\n<li>Durezza: Lv 4<\/li>\n<li>Peso con supporto: 1018 g<\/li>\n<\/ul>","protected":false},"featured_media":2478,"comment_status":"open","ping_status":"closed","template":"","meta":[],"product_brand":[],"product_cat":[22],"product_tag":[86,87,88,50],"class_list":{"0":"post-377","1":"product","2":"type-product","3":"status-publish","4":"has-post-thumbnail","6":"product_cat-jnats","7":"product_tag-renge","8":"product_tag-shiro","9":"product_tag-shomotoyama","10":"product_tag-suita","11":"product_shipping_class-iprastas","13":"first","14":"instock","15":"sale","16":"shipping-taxable","17":"purchasable","18":"product-type-simple"},"_links":{"self":[{"href":"https:\/\/jnats.eu\/it\/wp-json\/wp\/v2\/product\/377","targetHints":{"allow":["GET"]}}],"collection":[{"href":"https:\/\/jnats.eu\/it\/wp-json\/wp\/v2\/product"}],"about":[{"href":"https:\/\/jnats.eu\/it\/wp-json\/wp\/v2\/types\/product"}],"replies":[{"embeddable":true,"href":"https:\/\/jnats.eu\/it\/wp-json\/wp\/v2\/comments?post=377"}],"wp:featuredmedia":[{"embeddable":true,"href":"https:\/\/jnats.eu\/it\/wp-json\/wp\/v2\/media\/2478"}],"wp:attachment":[{"href":"https:\/\/jnats.eu\/it\/wp-json\/wp\/v2\/media?parent=377"}],"wp:term":[{"taxonomy":"product_brand","embeddable":true,"href":"https:\/\/jnats.eu\/it\/wp-json\/wp\/v2\/product_brand?post=377"},{"taxonomy":"product_cat","embeddable":true,"href":"https:\/\/jnats.eu\/it\/wp-json\/wp\/v2\/product_cat?post=377"},{"taxonomy":"product_tag","embeddable":true,"href":"https:\/\/jnats.eu\/it\/wp-json\/wp\/v2\/product_tag?post=377"}],"curies":[{"name":"wp","href":"https:\/\/api.w.org\/{rel}","templated":true}]}}