{"id":3879,"date":"2025-01-29T14:38:22","date_gmt":"2025-01-29T12:38:22","guid":{"rendered":"https:\/\/jnats.eu\/?post_type=product&#038;p=3879"},"modified":"2026-02-04T16:13:56","modified_gmt":"2026-02-04T14:13:56","slug":"naudoti-japoniski-vintaziniai-skustuvai-kamisori","status":"publish","type":"product","link":"https:\/\/jnats.eu\/it\/prodotto-2\/naudoti-japoniski-vintaziniai-skustuvai-kamisori\/","title":{"rendered":"Rasoi giapponesi Kamisori vintage usati"},"content":{"rendered":"<figure class=\"wp-block-embed is-type-video is-provider-youtube wp-block-embed-youtube wp-embed-aspect-16-9 wp-has-aspect-ratio\"><div class=\"wp-block-embed__wrapper\">\n<div class=\"video-container\"><iframe title=\"Kamisori\" width=\"1170\" height=\"658\" src=\"https:\/\/www.youtube.com\/embed\/Es3h28h7VN8?feature=oembed\" frameborder=\"0\" allow=\"accelerometer; autoplay; clipboard-write; encrypted-media; gyroscope; picture-in-picture; web-share\" referrerpolicy=\"strict-origin-when-cross-origin\" allowfullscreen><\/iframe><\/div>\n<\/div><\/figure>\n\n\n\n<p>Simili a una tradizionale spada da samurai, questi Kamisori sono stati forgiati a mano da 2 strati, la parte tagliente in acciaio ad alto tenore di carbonio e lo strato di supporto in uno pi\u00f9 semplice. Lo strato di acciaio \u00e8 fragile e duro, mentre la guaina fornisce la flessibilit\u00e0 necessaria.<\/p>\n\n\n\n<p>Entrambi gli strati non sono antiruggine, quindi \u00e8 necessario tenere sempre il rasoio asciutto dopo la rasatura e proteggerlo con un sottile strato di olio. Perch\u00e9 \u00e8 stato scelto l'acciaio arrugginito per questo rasoio? I rasoi antiruggine sono realizzati con una lega che previene le macchie di corrosione, ma \u00e8 anche meno dura e meno affilata. L'acciaio ad alto tenore di carbonio, come lo strato tagliente di questo Kamisori, offre una durezza molto pi\u00f9 elevata e manterr\u00e0 una rasatura liscia molto pi\u00f9 a lungo prima di dover essere affilato di nuovo, e pu\u00f2 essere affilato molto pi\u00f9 affilato!<\/p>","protected":false},"excerpt":{"rendered":"<ul>\n<li>Rasoi giapponesi Kamisori vintage usati<\/li>\n<li>Leggermente influenzato dalla corrosione.<\/li>\n<li>Se l'articolo non \u00e8 presente nell'elenco, \u00e8 stato venduto.<\/li>\n<\/ul>","protected":false},"featured_media":3883,"comment_status":"open","ping_status":"closed","template":"","meta":[],"product_brand":[],"product_cat":[23],"product_tag":[25],"class_list":{"0":"post-3879","1":"product","2":"type-product","3":"status-publish","4":"has-post-thumbnail","6":"product_cat-razors","7":"product_tag-kamisori","8":"product_shipping_class-light","10":"first","11":"instock","12":"shipping-taxable","13":"purchasable","14":"product-type-variable"},"_links":{"self":[{"href":"https:\/\/jnats.eu\/it\/wp-json\/wp\/v2\/product\/3879","targetHints":{"allow":["GET"]}}],"collection":[{"href":"https:\/\/jnats.eu\/it\/wp-json\/wp\/v2\/product"}],"about":[{"href":"https:\/\/jnats.eu\/it\/wp-json\/wp\/v2\/types\/product"}],"replies":[{"embeddable":true,"href":"https:\/\/jnats.eu\/it\/wp-json\/wp\/v2\/comments?post=3879"}],"wp:featuredmedia":[{"embeddable":true,"href":"https:\/\/jnats.eu\/it\/wp-json\/wp\/v2\/media\/3883"}],"wp:attachment":[{"href":"https:\/\/jnats.eu\/it\/wp-json\/wp\/v2\/media?parent=3879"}],"wp:term":[{"taxonomy":"product_brand","embeddable":true,"href":"https:\/\/jnats.eu\/it\/wp-json\/wp\/v2\/product_brand?post=3879"},{"taxonomy":"product_cat","embeddable":true,"href":"https:\/\/jnats.eu\/it\/wp-json\/wp\/v2\/product_cat?post=3879"},{"taxonomy":"product_tag","embeddable":true,"href":"https:\/\/jnats.eu\/it\/wp-json\/wp\/v2\/product_tag?post=3879"}],"curies":[{"name":"wp","href":"https:\/\/api.w.org\/{rel}","templated":true}]}}