{"id":4004,"date":"2025-03-07T08:57:39","date_gmt":"2025-03-07T06:57:39","guid":{"rendered":"https:\/\/jnats.eu\/?post_type=product&#038;p=4004"},"modified":"2026-03-08T02:05:45","modified_gmt":"2026-03-08T00:05:45","slug":"kasetine-deka-teac-v-7000","status":"publish","type":"product","link":"https:\/\/jnats.eu\/it\/prodotto-2\/kasetine-deka-teac-v-7000\/","title":{"rendered":"Coperchio a cassetta TEAC V-7000"},"content":{"rendered":"<p>Il V-7000 \u00e8 stato lanciato nel 1990 ed era il modello pi\u00f9 popolare all'epoca. Esiste anche il modello superiore V-8000S, apparso nel 1991 come V-7000 modificato e migliorato, che divenne il modello di punta, scalzando il 7000 dal secondo posto.<\/p>\n\n\n\n<p>Dopo il V-9000, TEAC lo riprogett\u00f2 completamente, tanto che la nuova serie, di cui il V-7000 era il fiore all'occhiello, poteva dirsi realizzata da zero e tutti i modelli successivi, come il V-8000S, il V-7010, il V-8030S, erano essenzialmente un aggiornamento della serie V-8000S.<\/p>\n\n\n\n<p>Veniva prodotto sia per il mercato interno che per l'esportazione, in argento e nero. Inoltre, il nero non era richiesto in Giappone, dove \u00e8 piuttosto raro.<\/p>\n\n\n\n<p>Il TEAC V-7000 ha un'ampia gamma di funzioni e garantisce un suono di alta qualit\u00e0.<\/p>\n\n\n\n<p>Corpo robusto, pannello frontale in metallo.<\/p>\n\n\n\n<p>Motore LPM 4, due alberi con tratto chiuso.<\/p>\n\n\n\n<p>Il motore \u00e8 dotato di stabilizzazione al quarzo e di trasmissione diretta ad albero.<\/p>\n\n\n\n<p>Il secondo motore \u00e8 responsabile del riavvolgimento, mentre gli altri due sono responsabili del caricamento della cassetta e del sollevamento dell'unit\u00e0 principale.<\/p>\n\n\n\n<p>Sistema a 3 teste, teste in cobalto amorfo con avvolgimento in rame puro PC-OCC (99,997%)<\/p>\n\n\n\n<p>Come si addice a un deca di qualit\u00e0, \u00e8 dotato di una funzione di calibrazione della pellicola. Il calibratore \u00e8 manuale e, a differenza di molti concorrenti, la calibrazione viene effettuata per ogni canale individualmente in base al livello e alla magnetizzazione, il che consente una regolazione pi\u00f9 precisa della testina sulla banda specifica. La magnetizzazione \u00e8 di 210 kHz; \u00e8 interessante notare che la frequenza \u00e8 stata ridotta a 150 kHz nel modello successivo V-7010.<\/p>\n\n\n\n<p>\u00c8 dotato di riduzione del rumore Dolby B e C e del sistema di cambio dinamico HX-PRO.<\/p>\n\n\n\n<p>Include il telecomando a infrarossi RC-394<\/p>\n\n\n\n<p>Il TEAC V-7000 \u00e8 rimasto in produzione per circa due anni, ha goduto di grande popolarit\u00e0 ed \u00e8 stato distribuito in grandi quantit\u00e0.<\/p>\n\n\n\n<figure class=\"wp-block-embed is-type-video is-provider-youtube wp-block-embed-youtube wp-embed-aspect-16-9 wp-has-aspect-ratio\"><div class=\"wp-block-embed__wrapper\">\n<div class=\"video-container\"><iframe title=\"Coperchio a cassetta TEAC V-7000\" width=\"1170\" height=\"658\" src=\"https:\/\/www.youtube.com\/embed\/84KSrB6kiAI?feature=oembed\" frameborder=\"0\" allow=\"accelerometer; autoplay; clipboard-write; encrypted-media; gyroscope; picture-in-picture; web-share\" referrerpolicy=\"strict-origin-when-cross-origin\" allowfullscreen><\/iframe><\/div>\n<\/div><\/figure>\n\n\n\n<figure class=\"wp-block-image size-full\"><img decoding=\"async\" width=\"873\" height=\"740\" src=\"https:\/\/jnats.eu\/wp-content\/uploads\/2025\/03\/5cb9ba293cb3fcf398bad99bf37488bb_873x740.93076923077.jpg\" alt=\"\" class=\"wp-image-4005\" srcset=\"https:\/\/jnats.eu\/wp-content\/uploads\/2025\/03\/5cb9ba293cb3fcf398bad99bf37488bb_873x740.93076923077.jpg 873w, https:\/\/jnats.eu\/wp-content\/uploads\/2025\/03\/5cb9ba293cb3fcf398bad99bf37488bb_873x740.93076923077-300x254.jpg 300w, https:\/\/jnats.eu\/wp-content\/uploads\/2025\/03\/5cb9ba293cb3fcf398bad99bf37488bb_873x740.93076923077-768x651.jpg 768w, https:\/\/jnats.eu\/wp-content\/uploads\/2025\/03\/5cb9ba293cb3fcf398bad99bf37488bb_873x740.93076923077-14x12.jpg 14w, https:\/\/jnats.eu\/wp-content\/uploads\/2025\/03\/5cb9ba293cb3fcf398bad99bf37488bb_873x740.93076923077-441x374.jpg 441w, https:\/\/jnats.eu\/wp-content\/uploads\/2025\/03\/5cb9ba293cb3fcf398bad99bf37488bb_873x740.93076923077-600x509.jpg 600w, https:\/\/jnats.eu\/wp-content\/uploads\/2025\/03\/5cb9ba293cb3fcf398bad99bf37488bb_873x740.93076923077-150x127.jpg 150w\" sizes=\"(max-width: 873px) 100vw, 873px\" \/><\/figure>","protected":false},"excerpt":{"rendered":"<ul>\n<li>Coperchio a cassetta TEAC V-7000<\/li>\n<li>C'\u00e8 un piccolo graffio sulla parte anteriore<\/li>\n<li>Condizioni generali eccellenti<\/li>\n<li>Per il mercato giapponese<\/li>\n<li>Alimentazione 110v, convertitore a 220v incluso<\/li>\n<\/ul>","protected":false},"featured_media":4017,"comment_status":"open","ping_status":"closed","template":"","meta":[],"product_brand":[],"product_cat":[],"product_tag":[321,320,319],"class_list":{"0":"post-4004","1":"product","2":"type-product","3":"status-publish","4":"has-post-thumbnail","6":"product_tag-kasetine-deka","7":"product_tag-teac","8":"product_tag-v-7000","9":"product_shipping_class-sunkus","11":"first","12":"outofstock","13":"sale","14":"shipping-taxable","15":"purchasable","16":"product-type-simple"},"_links":{"self":[{"href":"https:\/\/jnats.eu\/it\/wp-json\/wp\/v2\/product\/4004","targetHints":{"allow":["GET"]}}],"collection":[{"href":"https:\/\/jnats.eu\/it\/wp-json\/wp\/v2\/product"}],"about":[{"href":"https:\/\/jnats.eu\/it\/wp-json\/wp\/v2\/types\/product"}],"replies":[{"embeddable":true,"href":"https:\/\/jnats.eu\/it\/wp-json\/wp\/v2\/comments?post=4004"}],"wp:featuredmedia":[{"embeddable":true,"href":"https:\/\/jnats.eu\/it\/wp-json\/wp\/v2\/media\/4017"}],"wp:attachment":[{"href":"https:\/\/jnats.eu\/it\/wp-json\/wp\/v2\/media?parent=4004"}],"wp:term":[{"taxonomy":"product_brand","embeddable":true,"href":"https:\/\/jnats.eu\/it\/wp-json\/wp\/v2\/product_brand?post=4004"},{"taxonomy":"product_cat","embeddable":true,"href":"https:\/\/jnats.eu\/it\/wp-json\/wp\/v2\/product_cat?post=4004"},{"taxonomy":"product_tag","embeddable":true,"href":"https:\/\/jnats.eu\/it\/wp-json\/wp\/v2\/product_tag?post=4004"}],"curies":[{"name":"wp","href":"https:\/\/api.w.org\/{rel}","templated":true}]}}