{"id":4031,"date":"2026-01-03T10:10:38","date_gmt":"2026-01-03T08:10:38","guid":{"rendered":"https:\/\/jnats.eu\/?post_type=product&#038;p=4031"},"modified":"2026-01-15T12:57:28","modified_gmt":"2026-01-15T10:57:28","slug":"nenaudoti-chobomasa-vintaziniai-japoniski-skustuvai-kamisori","status":"publish","type":"product","link":"https:\/\/jnats.eu\/it\/prodotto-2\/nenaudoti-chobomasa-vintaziniai-japoniski-skustuvai-kamisori\/","title":{"rendered":"Rasoi kamisori giapponesi d'epoca Chobomasa, inutilizzati"},"content":{"rendered":"<figure class=\"wp-block-embed is-type-video is-provider-youtube wp-block-embed-youtube wp-embed-aspect-9-16 wp-has-aspect-ratio\"><div class=\"wp-block-embed__wrapper\">\n<div class=\"video-container\"><iframe title=\"Chobomasa, kamisori giapponese d&#039;epoca\" width=\"563\" height=\"1000\" src=\"https:\/\/www.youtube.com\/embed\/UT2s0rEBxoQ?feature=oembed\" frameborder=\"0\" allow=\"accelerometer; autoplay; clipboard-write; encrypted-media; gyroscope; picture-in-picture; web-share\" referrerpolicy=\"strict-origin-when-cross-origin\" allowfullscreen><\/iframe><\/div>\n<\/div><\/figure>","protected":false},"excerpt":{"rendered":"<ul>\n<li>Come la tradizionale spada dei samurai, la katana, questi Kamisori sono stati forgiati a mano in due parti. La parte tagliente \u00e8 realizzata in acciaio ad alto tenore di carbonio, mentre lo strato di supporto \u00e8 costituito da un acciaio pi\u00f9 semplice. Lo strato di acciaio \u00e8 duro, mentre la struttura pi\u00f9 morbida fornisce la necessaria resistenza alla rottura.<\/li>\n<li>\u00c8 visibile un po' di decapaggio. Rimozione della ruggine con carta #2500 a 6 fonti e pasta diamantata Venev 7\/5.<\/li>\n<li>I primi acquirenti otterranno kamisori migliori! In seguito, venderemo gli avanzi a un prezzo inferiore.<\/li>\n<li>Tutti i rasoi sono leggermente diversi perch\u00e9 sono fatti a mano.<\/li>\n<li>Peso: 32 g.<\/li>\n<li>Lunghezza totale: 140 mm<\/li>\n<li>Altezza: 18 mm<\/li>\n<li>Spessore del nastro: 6 mm<\/li>\n<li>Lunghezza della lama: 43 mm<\/li>\n<\/ul>","protected":false},"featured_media":5566,"comment_status":"open","ping_status":"closed","template":"","meta":[],"product_brand":[],"product_cat":[23],"product_tag":[322,25],"class_list":{"0":"post-4031","1":"product","2":"type-product","3":"status-publish","4":"has-post-thumbnail","6":"product_cat-razors","7":"product_tag-chobomasa","8":"product_tag-kamisori","9":"product_shipping_class-light","11":"first","12":"outofstock","13":"shipping-taxable","14":"product-type-variable"},"_links":{"self":[{"href":"https:\/\/jnats.eu\/it\/wp-json\/wp\/v2\/product\/4031","targetHints":{"allow":["GET"]}}],"collection":[{"href":"https:\/\/jnats.eu\/it\/wp-json\/wp\/v2\/product"}],"about":[{"href":"https:\/\/jnats.eu\/it\/wp-json\/wp\/v2\/types\/product"}],"replies":[{"embeddable":true,"href":"https:\/\/jnats.eu\/it\/wp-json\/wp\/v2\/comments?post=4031"}],"wp:featuredmedia":[{"embeddable":true,"href":"https:\/\/jnats.eu\/it\/wp-json\/wp\/v2\/media\/5566"}],"wp:attachment":[{"href":"https:\/\/jnats.eu\/it\/wp-json\/wp\/v2\/media?parent=4031"}],"wp:term":[{"taxonomy":"product_brand","embeddable":true,"href":"https:\/\/jnats.eu\/it\/wp-json\/wp\/v2\/product_brand?post=4031"},{"taxonomy":"product_cat","embeddable":true,"href":"https:\/\/jnats.eu\/it\/wp-json\/wp\/v2\/product_cat?post=4031"},{"taxonomy":"product_tag","embeddable":true,"href":"https:\/\/jnats.eu\/it\/wp-json\/wp\/v2\/product_tag?post=4031"}],"curies":[{"name":"wp","href":"https:\/\/api.w.org\/{rel}","templated":true}]}}