{"id":408,"date":"2024-03-04T14:56:03","date_gmt":"2024-03-04T12:56:03","guid":{"rendered":"http:\/\/jnats.eu\/?post_type=product&#038;p=408"},"modified":"2025-07-07T22:37:22","modified_gmt":"2025-07-07T19:37:22","slug":"shobudani-8-strati-daigoku-qualita-finitura-cote-naturale","status":"publish","type":"product","link":"https:\/\/jnats.eu\/it\/prodotto-2\/shobudani-8-strati-daigoku-qualita-finitura-cote-naturale\/","title":{"rendered":"Shobudani 8 veli, pietra naturale per la finitura di qualit\u00e0 Daigoku"},"content":{"rendered":"<p>Dimensioni 20,7 x 7,8 x 3,2 cm<br>Peso 1 250 g<\/p>\n\n\n\n<p>Questa pietra ha una scanalatura cementata, ma la strada da percorrere \u00e8 ancora lunga. Inoltre, anche una volta raggiunta, l'angolo danneggiato pu\u00f2 essere rimosso per evitare interferenze con l'affilatura. Se le prestazioni fossero inferiori alla media, lo spigolo potrebbe essere scartato, ma<br>Poich\u00e9 ha otto strati, pu\u00f2 essere utilizzato. Lo scavo di questo strato di pietra \u00e8 stato completato circa 200 anni fa, ma \u00e8 sicuramente presente.<\/p>\n\n\n\n<p>La pietra per affilatura a otto strati era molto popolare per l'affilatura delle spade artistiche nel periodo Edo. Il motivo sembra essere che la lucidatura fine presenta meno imperfezioni e la lucidatura pu\u00f2 essere effettuata con regolazioni fini. Nell'epoca Taihei, le spade non erano solo strumenti di omicidio, ma si erano gi\u00e0 affermate come opere d'arte.<\/p>\n\n\n\n<p> Ancora oggi, quando visito gli affilatori di spade che hanno cessato l'attivit\u00e0, mi capita di imbattermi in diverse pietre da affilatura a otto strati. Tra queste, la Nakayama a 8 strati \u00e8 venduta a prezzi molto alti.<\/p>\n\n\n\n<p>Queste propriet\u00e0 lo rendono ideale per la regolazione della superficie di coltelli, scalpelli da finitura e pialle.<br>Per quanto non lo voglia, credo che si possa affermare con certezza che le possibilit\u00e0 di incontrare pietre a otto strati in futuro sono quasi nulle.<br>Qualit\u00e0 garantita.<\/p>","protected":false},"excerpt":{"rendered":"<ul>\n<li><strong>Dimensioni: 207 x 78 x 32 mm<\/strong><\/li>\n<li><strong>Peso: 1 250 g<\/strong><\/li>\n<li>Perfetto per una finitura kasumi<\/li>\n<\/ul>","protected":false},"featured_media":414,"comment_status":"open","ping_status":"closed","template":"","meta":[],"product_brand":[],"product_cat":[22],"product_tag":[93,94,71,90,92,44],"class_list":{"0":"post-408","1":"product","2":"type-product","3":"status-publish","4":"has-post-thumbnail","6":"product_cat-jnats","7":"product_tag-8-layer","8":"product_tag-daigoku","9":"product_tag-finishing","10":"product_tag-natural-whetstone","11":"product_tag-quality","12":"product_tag-shobudani","13":"product_shipping_class-iprastas","15":"first","16":"outofstock","17":"shipping-taxable","18":"purchasable","19":"product-type-simple"},"_links":{"self":[{"href":"https:\/\/jnats.eu\/it\/wp-json\/wp\/v2\/product\/408","targetHints":{"allow":["GET"]}}],"collection":[{"href":"https:\/\/jnats.eu\/it\/wp-json\/wp\/v2\/product"}],"about":[{"href":"https:\/\/jnats.eu\/it\/wp-json\/wp\/v2\/types\/product"}],"replies":[{"embeddable":true,"href":"https:\/\/jnats.eu\/it\/wp-json\/wp\/v2\/comments?post=408"}],"wp:featuredmedia":[{"embeddable":true,"href":"https:\/\/jnats.eu\/it\/wp-json\/wp\/v2\/media\/414"}],"wp:attachment":[{"href":"https:\/\/jnats.eu\/it\/wp-json\/wp\/v2\/media?parent=408"}],"wp:term":[{"taxonomy":"product_brand","embeddable":true,"href":"https:\/\/jnats.eu\/it\/wp-json\/wp\/v2\/product_brand?post=408"},{"taxonomy":"product_cat","embeddable":true,"href":"https:\/\/jnats.eu\/it\/wp-json\/wp\/v2\/product_cat?post=408"},{"taxonomy":"product_tag","embeddable":true,"href":"https:\/\/jnats.eu\/it\/wp-json\/wp\/v2\/product_tag?post=408"}],"curies":[{"name":"wp","href":"https:\/\/api.w.org\/{rel}","templated":true}]}}