{"id":4135,"date":"2025-03-19T13:51:34","date_gmt":"2025-03-19T11:51:34","guid":{"rendered":"https:\/\/jnats.eu\/?post_type=product&#038;p=4135"},"modified":"2025-11-03T23:53:03","modified_gmt":"2025-11-03T21:53:03","slug":"nisshoyama-suita-naturalus-japoniskas-akmuo-galandinimui-ir-kasumi-finisui","status":"publish","type":"product","link":"https:\/\/jnats.eu\/it\/prodotto-2\/nisshoyama-suita-naturalus-japoniskas-akmuo-galandinimui-ir-kasumi-finisui\/","title":{"rendered":"Pietra naturale giapponese Nisshoyama Suita per affilatura e finitura Kasumi"},"content":{"rendered":"<p>Suita \u00e8 un tipo di pietra naturale giapponese per affilare, estratta da determinati strati geologici in Giappone. Queste pietre hanno una struttura porosa e spesso presentano piccole cavit\u00e0 chiamate &quot;su&quot;. Grazie a questa struttura, le pietre Suita rilasciano rapidamente la loro sospensione, contribuendo ad affilare la lama in modo efficiente e uniforme. Sono particolarmente apprezzati per la loro capacit\u00e0 di conferire alle lame una finitura di alta qualit\u00e0 e un&#039;affilatura duratura, nonch\u00e9 per il sorprendente contrasto tra l&#039;acciaio duro e quello pi\u00f9 morbido (finitura Kasumi).<\/p>\n\n\n\n<figure class=\"wp-block-embed is-type-video is-provider-youtube wp-block-embed-youtube wp-embed-aspect-16-9 wp-has-aspect-ratio\"><div class=\"wp-block-embed__wrapper\">\n<div class=\"video-container\"><iframe title=\"Hapstone T2 contro Jnats: Nisshoyama Suita, Ozuku, Ohira, Karasu, Tomae\" width=\"1170\" height=\"658\" src=\"https:\/\/www.youtube.com\/embed\/HXBtpEUmp3Q?feature=oembed\" frameborder=\"0\" allow=\"accelerometer; autoplay; clipboard-write; encrypted-media; gyroscope; picture-in-picture; web-share\" referrerpolicy=\"strict-origin-when-cross-origin\" allowfullscreen><\/iframe><\/div>\n<\/div><\/figure>","protected":false},"excerpt":{"rendered":"<ul class=\"wp-block-list\">\n<li>Adatto per la rifinitura di coltelli, forbici, utensili da falegnameria e altri utensili, nonch\u00e9 per la finitura con scalpelli.<\/li>\n<li>Dimensioni circa: 165x105x37 mm<\/li>\n<li>Peso: 1450 g<\/li>\n<li>Durezza: Lv 3,7<\/li>\n<li>Linee sicure<\/li>\n<li>Si consiglia di utilizzare acqua calda per l&#039;affilatura quando si lavora con qualsiasi pietra, poich\u00e9 l&#039;acqua fredda riduce la velocit\u00e0 di affilatura e la risposta.<\/li>\n<\/ul>","protected":false},"featured_media":4136,"comment_status":"open","ping_status":"closed","template":"","meta":[],"product_brand":[],"product_cat":[22],"product_tag":[179,50],"class_list":{"0":"post-4135","1":"product","2":"type-product","3":"status-publish","4":"has-post-thumbnail","6":"product_cat-jnats","7":"product_tag-nisshoyama","8":"product_tag-suita","9":"product_shipping_class-iprastas","11":"first","12":"outofstock","13":"shipping-taxable","14":"purchasable","15":"product-type-simple"},"_links":{"self":[{"href":"https:\/\/jnats.eu\/it\/wp-json\/wp\/v2\/product\/4135","targetHints":{"allow":["GET"]}}],"collection":[{"href":"https:\/\/jnats.eu\/it\/wp-json\/wp\/v2\/product"}],"about":[{"href":"https:\/\/jnats.eu\/it\/wp-json\/wp\/v2\/types\/product"}],"replies":[{"embeddable":true,"href":"https:\/\/jnats.eu\/it\/wp-json\/wp\/v2\/comments?post=4135"}],"wp:featuredmedia":[{"embeddable":true,"href":"https:\/\/jnats.eu\/it\/wp-json\/wp\/v2\/media\/4136"}],"wp:attachment":[{"href":"https:\/\/jnats.eu\/it\/wp-json\/wp\/v2\/media?parent=4135"}],"wp:term":[{"taxonomy":"product_brand","embeddable":true,"href":"https:\/\/jnats.eu\/it\/wp-json\/wp\/v2\/product_brand?post=4135"},{"taxonomy":"product_cat","embeddable":true,"href":"https:\/\/jnats.eu\/it\/wp-json\/wp\/v2\/product_cat?post=4135"},{"taxonomy":"product_tag","embeddable":true,"href":"https:\/\/jnats.eu\/it\/wp-json\/wp\/v2\/product_tag?post=4135"}],"curies":[{"name":"wp","href":"https:\/\/api.w.org\/{rel}","templated":true}]}}