{"id":415,"date":"2024-03-04T15:10:19","date_gmt":"2024-03-04T13:10:19","guid":{"rendered":"http:\/\/jnats.eu\/?post_type=product&#038;p=415"},"modified":"2025-09-29T16:19:30","modified_gmt":"2025-09-29T13:19:30","slug":"otaniyama-hondo-daigokujo-finitura-cote-naturale","status":"publish","type":"product","link":"https:\/\/jnats.eu\/it\/prodotto-2\/otaniyama-hondo-daigokujo-finitura-cote-naturale\/","title":{"rendered":"Otaniyama Hondo Daigokujo Razor Finishing Natural Whetstone (pietra naturale per la rifinitura del rasoio)"},"content":{"rendered":"<p>Le Hondo Daigokujo sono le pietre da affilatura di pi\u00f9 alta qualit\u00e0 tra le pietre Otaniyama. Il monte Otani si trova a circa 10 chilometri a nord-ovest del centro della citt\u00e0 di Kameoka ed \u00e8 il nome comune di molte montagne. Si tratta di uno strato di pietra da affilatura contenente molte particelle abrasive e sembra essere stato estratto durante l'epoca Showa, poich\u00e9 il colore nero era considerato una sfortuna e veniva evitato nel periodo Edo. <\/p>\n\n\n\n<p>La qualit\u00e0 delle pietre \u00e8 buona, ma non sono molto conosciute perch\u00e9 non sono state ammesse all'Associazione delle Pietre Naturali di Kyoto, che non vedeva di buon occhio le pietre economiche e di alta qualit\u00e0 presenti sul mercato. Poi un uomo d'affari, che importava e vendeva soprattutto lubrificanti, bacchette, ferri da stiro, ecc. ha individuato questa pietra da macina e l'ha venduta porta a porta ai parrucchieri di tutto il Giappone, e pian piano si \u00e8 diffusa. <\/p>\n\n\n\n<p>Questa pietra \u00e8 una miscela di Hondo-mae e Shiki-tomae, che d\u00e0 la migliore finitura. Pu\u00f2 essere paragonata alla finitura Nakayama.<\/p>\n\n\n\n<p>All'epoca veniva venduta a un prezzo pari allo stipendio iniziale di un laureato, ma poich\u00e9 si tratta di una pietra nera, non tutti pensano che valga cos\u00ec tanto. Per quanto riguarda questa pietra da macina, \u00e8 leggermente morbida, quindi pu\u00f2 essere utilizzata anche per rifinire i coltelli.<\/p>\n\n\n\n<p>\u00c8 abbastanza spessa da durare una vita. Come suggerisce il nome, \u00e8 una pietra versatile che pu\u00f2 essere utilizzata non solo per i coltelli, ma anche per rifinire rasoi, coltellini, forbici, lime, scalpelli, ecc. Il fascino di Otaniyama \u00e8 che il risultato \u00e8 simile a quello delle pietre per affilatura di alta qualit\u00e0.<\/p>\n\n\n\n<p>L'acqua fredda compromette notevolmente la risposta dell'acciaio nel tempo, quindi \u00e8 meglio usare acqua calda a circa 42 gradi Celsius quando si affila.<\/p>\n\n\n\n<figure class=\"wp-block-embed is-type-video is-provider-youtube wp-block-embed-youtube wp-embed-aspect-16-9 wp-has-aspect-ratio\"><div class=\"wp-block-embed__wrapper\">\nhttps:\/\/youtu.be\/6k_XyH2uSsI\n<\/div><\/figure>","protected":false},"excerpt":{"rendered":"<ul>\n<li>Dimensioni approssimative: 20,6 x 7,8 x 3,5 cm<\/li>\n<li>\u00a0Peso circa: 1450 g<\/li>\n<li>Durezza Lv 4<\/li>\n<li>Funziona rapidamente e d\u00e0 una rasatura delicata. Taglia i capelli insieme dopo averli rifiniti sulla pietra. Non \u00e8 necessaria la Nagura o la piastra diamantata.<\/li>\n<li>Una delle migliori pietre per rasoi che abbia mai visto. Non \u00e8 molto bella, ma funziona bene.<\/li>\n<\/ul>","protected":false},"featured_media":420,"comment_status":"open","ping_status":"closed","template":"","meta":[],"product_brand":[],"product_cat":[22],"product_tag":[74,71,95,90,70],"class_list":{"0":"post-415","1":"product","2":"type-product","3":"status-publish","4":"has-post-thumbnail","6":"product_cat-jnats","7":"product_tag-daigokujo","8":"product_tag-finishing","9":"product_tag-hondo","10":"product_tag-natural-whetstone","11":"product_tag-otaniyama","12":"product_shipping_class-iprastas","14":"first","15":"outofstock","16":"sale","17":"shipping-taxable","18":"purchasable","19":"product-type-simple"},"_links":{"self":[{"href":"https:\/\/jnats.eu\/it\/wp-json\/wp\/v2\/product\/415","targetHints":{"allow":["GET"]}}],"collection":[{"href":"https:\/\/jnats.eu\/it\/wp-json\/wp\/v2\/product"}],"about":[{"href":"https:\/\/jnats.eu\/it\/wp-json\/wp\/v2\/types\/product"}],"replies":[{"embeddable":true,"href":"https:\/\/jnats.eu\/it\/wp-json\/wp\/v2\/comments?post=415"}],"wp:featuredmedia":[{"embeddable":true,"href":"https:\/\/jnats.eu\/it\/wp-json\/wp\/v2\/media\/420"}],"wp:attachment":[{"href":"https:\/\/jnats.eu\/it\/wp-json\/wp\/v2\/media?parent=415"}],"wp:term":[{"taxonomy":"product_brand","embeddable":true,"href":"https:\/\/jnats.eu\/it\/wp-json\/wp\/v2\/product_brand?post=415"},{"taxonomy":"product_cat","embeddable":true,"href":"https:\/\/jnats.eu\/it\/wp-json\/wp\/v2\/product_cat?post=415"},{"taxonomy":"product_tag","embeddable":true,"href":"https:\/\/jnats.eu\/it\/wp-json\/wp\/v2\/product_tag?post=415"}],"curies":[{"name":"wp","href":"https:\/\/api.w.org\/{rel}","templated":true}]}}