{"id":422,"date":"2024-03-04T15:16:08","date_gmt":"2024-03-04T13:16:08","guid":{"rendered":"http:\/\/jnats.eu\/?post_type=product&#038;p=422"},"modified":"2024-11-03T18:25:28","modified_gmt":"2024-11-03T16:25:28","slug":"otaniyama-daigokujo-finitura-pietra-per-affilare-naturale","status":"publish","type":"product","link":"https:\/\/jnats.eu\/it\/prodotto-2\/otaniyama-daigokujo-finitura-pietra-per-affilare-naturale\/","title":{"rendered":"Otaniyama Daigokujo Pietra naturale per la finitura del rasoio"},"content":{"rendered":"<p>Hondo Daigokujo sono le pietre per affilare di altissima qualit\u00e0 tra Otaniyama. Il monte Otani si trova a circa 10 chilometri a nord-ovest del centro del municipio di Kameoka ed \u00e8 il nome collettivo di molte montagne. Si tratta di uno strato di pietra abrasiva che contiene molte particelle abrasive e sembra che sia stato estratto durante l&#039;era Showa, poich\u00e9 il nero era considerato sfortunato e veniva evitato nel periodo Edo.<\/p>\n\n\n\n<p>La qualit\u00e0 delle pietre \u00e8 buona, ma non sono molto conosciute perch\u00e9 non \u00e8 stato loro permesso di aderire alla Kyoto Natural Stone Association perch\u00e9 a quest&#039;ultima non piaceva il fatto che sul mercato venissero vendute pietre economiche e di alta qualit\u00e0. Dopodich\u00e9, l&#039;imprenditore che per lo pi\u00f9<br>lubrificanti, bacchette, ferri da stiro, ecc. importati e venduti, notarono questa mola e<br>venduti porta a porta ai parrucchieri di tutto il Giappone e lentamente si diffusero.<\/p>\n\n\n\n<p>Questa pietra \u00e8 una miscela di Hondo-mae e Shiki-tomae, che d\u00e0 la migliore finitura. Pu\u00f2 essere paragonata alla finitura Nakayama.<\/p>\n\n\n\n<p>All&#039;epoca veniva venduta all&#039;incirca allo stesso prezzo dello stipendio iniziale di un laureato, ma poich\u00e9 \u00e8 una pietra nera, non tutti pensano che valga cos\u00ec tanto. Per quanto riguarda questa pietra, \u00e8 un po&#039; morbida quindi pu\u00f2 essere utilizzata anche per rifinire i coltelli. <\/p>\n\n\n\n<p>La pietra \u00e8 abbastanza spessa da durare una vita. Come suggerisce il nome, si tratta di una pietra per affilare versatile che pu\u00f2 essere utilizzata non solo per i coltelli, ma anche per l&#039;affilatura finale di rasoi, coltellini, forbici, pialle, scalpelli e altro ancora. per completare l&#039;affilatura. Il fascino di Otaniyama \u00e8 che la finitura \u00e8 simile alle mole della massima qualit\u00e0.<\/p>\n\n\n\n<p>L'acqua fredda compromette notevolmente la risposta dell'acciaio nel tempo, quindi \u00e8 meglio usare acqua calda a circa 42 gradi Celsius quando si affila.<\/p>\n\n\n\n<figure class=\"wp-block-embed is-type-video is-provider-youtube wp-block-embed-youtube wp-embed-aspect-16-9 wp-has-aspect-ratio\"><div class=\"wp-block-embed__wrapper\">\n<div class=\"video-container\"><iframe title=\"Otaniyama Daigokujo - La migliore pietra per affilare naturale per rasoi\" width=\"1170\" height=\"658\" src=\"https:\/\/www.youtube.com\/embed\/6k_XyH2uSsI?feature=oembed\" frameborder=\"0\" allow=\"accelerometer; autoplay; clipboard-write; encrypted-media; gyroscope; picture-in-picture; web-share\" referrerpolicy=\"strict-origin-when-cross-origin\" allowfullscreen><\/iframe><\/div>\n<\/div><\/figure>","protected":false},"excerpt":{"rendered":"<ul>\n<li>Dimensioni circa: 20,0 x 7,0 x 2,4 cm<\/li>\n<li>\u00a0Peso circa: 820 g<\/li>\n<li>Durezza Lv 4<\/li>\n<li>Funziona velocemente e garantisce una rasatura perfetta. I capelli vengono tagliati subito dopo la finitura sulla pietra. La piastra Nagura o diamantata non \u00e8 necessaria.<\/li>\n<li>Una delle migliori pietre per rasoi che abbia mai visto. Non \u00e8 molto bella, ma funziona bene.<\/li>\n<\/ul>","protected":false},"featured_media":1259,"comment_status":"open","ping_status":"closed","template":"","meta":[],"product_brand":[],"product_cat":[22],"product_tag":[74,71,90,70],"class_list":{"0":"post-422","1":"product","2":"type-product","3":"status-publish","4":"has-post-thumbnail","6":"product_cat-jnats","7":"product_tag-daigokujo","8":"product_tag-finishing","9":"product_tag-natural-whetstone","10":"product_tag-otaniyama","11":"product_shipping_class-iprastas","13":"first","14":"outofstock","15":"sale","16":"shipping-taxable","17":"purchasable","18":"product-type-simple"},"_links":{"self":[{"href":"https:\/\/jnats.eu\/it\/wp-json\/wp\/v2\/product\/422","targetHints":{"allow":["GET"]}}],"collection":[{"href":"https:\/\/jnats.eu\/it\/wp-json\/wp\/v2\/product"}],"about":[{"href":"https:\/\/jnats.eu\/it\/wp-json\/wp\/v2\/types\/product"}],"replies":[{"embeddable":true,"href":"https:\/\/jnats.eu\/it\/wp-json\/wp\/v2\/comments?post=422"}],"wp:featuredmedia":[{"embeddable":true,"href":"https:\/\/jnats.eu\/it\/wp-json\/wp\/v2\/media\/1259"}],"wp:attachment":[{"href":"https:\/\/jnats.eu\/it\/wp-json\/wp\/v2\/media?parent=422"}],"wp:term":[{"taxonomy":"product_brand","embeddable":true,"href":"https:\/\/jnats.eu\/it\/wp-json\/wp\/v2\/product_brand?post=422"},{"taxonomy":"product_cat","embeddable":true,"href":"https:\/\/jnats.eu\/it\/wp-json\/wp\/v2\/product_cat?post=422"},{"taxonomy":"product_tag","embeddable":true,"href":"https:\/\/jnats.eu\/it\/wp-json\/wp\/v2\/product_tag?post=422"}],"curies":[{"name":"wp","href":"https:\/\/api.w.org\/{rel}","templated":true}]}}