{"id":4313,"date":"2025-04-09T11:32:24","date_gmt":"2025-04-09T08:32:24","guid":{"rendered":"https:\/\/jnats.eu\/?post_type=product&#038;p=4313"},"modified":"2026-04-20T01:04:40","modified_gmt":"2026-04-19T22:04:40","slug":"kamisori-henkotsu-hureka-kobayashi-kinsei-ippon-renda","status":"publish","type":"product","link":"https:\/\/jnats.eu\/it\/prodotto-2\/kamisori-henkotsu-hureka-kobayashi-kinsei-ippon-renda\/","title":{"rendered":"Kamisori Henkotsu, Hureka, Kobayashi Kinsei, Ippon Renda"},"content":{"rendered":"<figure class=\"wp-block-embed is-type-video is-provider-youtube wp-block-embed-youtube wp-embed-aspect-16-9 wp-has-aspect-ratio\"><div class=\"wp-block-embed__wrapper\">\n<div class=\"video-container\"><iframe title=\"Kamisori Henkotsu, Hureka, Kobayashi Kinsei, Ippon Renda\" width=\"1170\" height=\"658\" src=\"https:\/\/www.youtube.com\/embed\/UGGiu8uU1nI?feature=oembed\" frameborder=\"0\" allow=\"accelerometer; autoplay; clipboard-write; encrypted-media; gyroscope; picture-in-picture; web-share\" referrerpolicy=\"strict-origin-when-cross-origin\" allowfullscreen><\/iframe><\/div>\n<\/div><\/figure>\n\n\n\n<p>Simili alle tradizionali spade da samurai, queste Kamisori sono state forgiate a mano partendo da due strati: la parte tagliente \u00e8 realizzata in acciaio ad alto tenore di carbonio, mentre lo strato di supporto \u00e8 in acciaio pi\u00f9 semplice. Lo strato di acciaio \u00e8 fragile e duro, mentre il guscio offre la flessibilit\u00e0 e la resistenza alla rottura necessarie.<\/p>\n\n\n\n<p>Entrambi gli strati non sono antiruggine, quindi dopo la rasatura tieni sempre il rasoio asciutto e proteggilo con un sottile strato di olio o di lubrificante atossico (ad esempio Balistol). Perch\u00e9 questo coltello si sta arrugginindo? I coltelli in acciaio inossidabile sono realizzati in una lega che impedisce la formazione di punti di corrosione, ma \u00e8 anche meno dura. L&#039;acciaio ad alto tenore di carbonio, come lo strato tagliente di questo Kamisori, offre una durezza molto maggiore e manterr\u00e0 una rasatura liscia molto pi\u00f9 a lungo prima di dover essere affilato di nuovo!<\/p>\n\n\n\n<p>Le lamette Kamisori sono lamette giapponesi di alta qualit\u00e0, realizzate da maestri nel loro mestiere. Questi kamisori sono molto apprezzati nella comunit\u00e0 tradizionale giapponese della rasatura per i seguenti motivi:<\/p>\n\n\n\n<hr class=\"wp-block-separator has-alpha-channel-opacity\"\/>\n\n\n\n<h3 class=\"wp-block-heading\"> <strong>Cosa sono le canottiere?<\/strong><\/h3>\n\n\n\n<ul class=\"wp-block-list\">\n<li>Il kamisori \u00e8 una lametta tradizionale giapponese, diversa dai rasoi occidentali. <em>rasoio a mano libera<\/em> in quanto spesso presentano un&#039;inclinazione della lama asimmetrica (un lato \u00e8 dritto, l&#039;altro \u00e8 curvo).<\/li>\n\n\n\n<li>Utilizzato per la rasatura senza lame sostituibili, \u00e8 uno strumento in acciaio massiccio che richiede affilatura e manutenzione.<\/li>\n<\/ul>\n\n\n\n<hr class=\"wp-block-separator has-alpha-channel-opacity\"\/>\n\n\n\n<h3 class=\"wp-block-heading\"><strong>Caratteristiche uniche di Kamisori:<\/strong><\/h3>\n\n\n\n<ol class=\"wp-block-list\">\n<li><strong>Fatto a mano<\/strong> \u2013 ogni lama \u00e8 realizzata a mano da un maestro utilizzando tecniche di forgiatura tradizionali.<\/li>\n\n\n\n<li><strong>Acciaio di alta qualit\u00e0<\/strong> \u2013 spesso usato <em>Shirogami<\/em> (Acciaio Carta Bianca) o <em>Aogami<\/em> (Blue Paper Steel) acciaio che mantiene perfettamente la sua affilatura.<\/li>\n\n\n\n<li><strong>Design asimmetrico<\/strong> \u2013 tipico delle canotte tradizionali, consente una rasatura estremamente precisa.<\/li>\n\n\n\n<li><strong>Estetica<\/strong> \u2013 presenta spesso dettagli artisticamente incisi (ad esempio caratteri kanji), eleganza in stile giapponese.<\/li>\n\n\n\n<li><strong>Reputazione<\/strong> \u2013 Gli artigiani giapponesi sono tra i pi\u00f9 famosi produttori di strumenti da barba vintage.<\/li>\n<\/ol>\n\n\n\n<p><\/p>\n\n\n\n<p>Henkotsu kamisori \u00e8 un altro nome molto apprezzato nel mondo delle lamette da barba tradizionali giapponesi. Questo <strong>vintage (antico)<\/strong> coltelli kamisori, realizzati per la maggior parte nel XX secolo. all&#039;inizio o durante la guerra (cos\u00ec come nel dopoguerra) e sono diventati oggetti ambiti dai collezionisti e dagli amanti della rasatura.<\/p>\n\n\n\n<hr class=\"wp-block-separator has-alpha-channel-opacity\"\/>\n\n\n\n<h3 class=\"wp-block-heading\"><strong>Che cosa \u00e8 Henkotsu?<\/strong><\/h3>\n\n\n\n<ul class=\"wp-block-list\">\n<li><strong>&quot;Henkotsu&quot; (osso morto)<\/strong> pu\u00f2 letteralmente significare &quot;testardo&quot; o &quot;eccentrico&quot;, ma nel mondo della rasatura \u00e8 <strong>marchio del produttore (o dell&#039;artigiano)<\/strong>, che era inciso sulla lama del kamisori.<\/li>\n\n\n\n<li>Questi rasoi sono stati fabbricati <strong>Periodo Showa (circa 1926\u20131989)<\/strong>, e alcuni anche prima \u2013 <strong>Taish\u014d (1912\u20131926)<\/strong> o anche <strong>Meiji (1868\u20131912)<\/strong> periodo.<\/li>\n\n\n\n<li>La maggior parte di loro sono stati prodotti <strong>A Osaka o Tokyo<\/strong>, nei famosi distretti di produzione di coltelli.<\/li>\n<\/ul>\n\n\n\n<hr class=\"wp-block-separator has-alpha-channel-opacity\"\/>\n\n\n\n<h3 class=\"wp-block-heading\"><strong>Cosa rende Henkotsu kamisori cos\u00ec speciale?<\/strong><\/h3>\n\n\n\n<ol class=\"wp-block-list\">\n<li><strong>Autentico e vintage<\/strong> \u2013 si tratta di strumenti da barba storici, spesso caratterizzati da <em>wabi sabi<\/em> estetica (semplicit\u00e0, antichit\u00e0, forma non ideale).<\/li>\n\n\n\n<li><strong>Acciaio di alta qualit\u00e0<\/strong> \u2013 i vecchi kamisori sono stati forgiati dalla tradizione giapponese <em>tamahagan<\/em> o acciaio al carbonio duro.<\/li>\n\n\n\n<li><strong>Forma unica<\/strong> \u2013 un classico design camisori minimalista, spesso senza manici, con una sottile stampa kanji.<\/li>\n\n\n\n<li><strong>Buona reputazione tra i collezionisti<\/strong> \u2013 Il nome Henkotsu \u00e8 spesso paragonato ad altri famosi produttori vintage come Iwasaki o Tanifuji.<\/li>\n\n\n\n<li><strong>Perfettamente affilato<\/strong> \u2013 I coltelli Henkotsu correttamente mantenuti mantengono un taglio molto affilato e regolare.<\/li>\n<\/ol>","protected":false},"excerpt":{"rendered":"<ol>\n<li>Henkotsu<\/li>\n<li>Henkotsu<\/li>\n<li>Hurrek<\/li>\n<li>Kobayashi Kinsei<\/li>\n<li>Ippon Renda<\/li>\n<li>Ippon Renda<\/li>\n<li>Ippon Renda<\/li>\n<li>Ippon Renda<\/li>\n<li>Ippon Renda<\/li>\n<\/ol>\n<p><!-- wp:paragraph --><\/p>\n<p><strong>Usatelo e non pensateci due volte.<\/strong> Leggermente influenzato dalla corrosione.<\/p>\n<p><!-- \/wp:paragraph --><\/p>\n<p><!-- wp:paragraph --><\/p>\n<p>Se non vedi No nell&#039;elenco, significa che l&#039;articolo \u00e8 stato venduto.<\/p>\n<p><!-- \/wp:paragraph --><\/p>","protected":false},"featured_media":4315,"comment_status":"open","ping_status":"closed","template":"","meta":[],"product_brand":[],"product_cat":[23],"product_tag":[314,328,330,25,329],"class_list":{"0":"post-4313","1":"product","2":"type-product","3":"status-publish","4":"has-post-thumbnail","6":"product_cat-razors","7":"product_tag-henkotsu","8":"product_tag-hureka","9":"product_tag-ippon-renda","10":"product_tag-kamisori","11":"product_tag-kobayashi-kinsei","12":"product_shipping_class-light","14":"first","15":"instock","16":"shipping-taxable","17":"purchasable","18":"product-type-variable"},"_links":{"self":[{"href":"https:\/\/jnats.eu\/it\/wp-json\/wp\/v2\/product\/4313","targetHints":{"allow":["GET"]}}],"collection":[{"href":"https:\/\/jnats.eu\/it\/wp-json\/wp\/v2\/product"}],"about":[{"href":"https:\/\/jnats.eu\/it\/wp-json\/wp\/v2\/types\/product"}],"replies":[{"embeddable":true,"href":"https:\/\/jnats.eu\/it\/wp-json\/wp\/v2\/comments?post=4313"}],"wp:featuredmedia":[{"embeddable":true,"href":"https:\/\/jnats.eu\/it\/wp-json\/wp\/v2\/media\/4315"}],"wp:attachment":[{"href":"https:\/\/jnats.eu\/it\/wp-json\/wp\/v2\/media?parent=4313"}],"wp:term":[{"taxonomy":"product_brand","embeddable":true,"href":"https:\/\/jnats.eu\/it\/wp-json\/wp\/v2\/product_brand?post=4313"},{"taxonomy":"product_cat","embeddable":true,"href":"https:\/\/jnats.eu\/it\/wp-json\/wp\/v2\/product_cat?post=4313"},{"taxonomy":"product_tag","embeddable":true,"href":"https:\/\/jnats.eu\/it\/wp-json\/wp\/v2\/product_tag?post=4313"}],"curies":[{"name":"wp","href":"https:\/\/api.w.org\/{rel}","templated":true}]}}