{"id":4509,"date":"2025-04-30T14:47:15","date_gmt":"2025-04-30T11:47:15","guid":{"rendered":"https:\/\/jnats.eu\/?post_type=product&#038;p=4509"},"modified":"2026-02-12T09:28:34","modified_gmt":"2026-02-12T07:28:34","slug":"nakayama-kiita-lv-4","status":"publish","type":"product","link":"https:\/\/jnats.eu\/it\/prodotto-2\/nakayama-kiita-lv-4\/","title":{"rendered":"Nakayama Kiita Lv 4"},"content":{"rendered":"<figure class=\"wp-block-embed is-type-video is-provider-youtube wp-block-embed-youtube wp-embed-aspect-16-9 wp-has-aspect-ratio\"><div class=\"wp-block-embed__wrapper\">\n<div class=\"video-container\"><iframe title=\"Affilatura del rasoio Puma: Aizu, Aiwatani, Nakayama Kiita, Nashiji, Karasu\" width=\"1170\" height=\"658\" src=\"https:\/\/www.youtube.com\/embed\/fu4WmCwVvQU?start=416&#038;feature=oembed\" frameborder=\"0\" allow=\"accelerometer; autoplay; clipboard-write; encrypted-media; gyroscope; picture-in-picture; web-share\" referrerpolicy=\"strict-origin-when-cross-origin\" allowfullscreen><\/iframe><\/div>\n<\/div><\/figure>\n\n\n\n<p>Nakayama Kiita Lv 4 \u00e8 una pietra da affilatura naturale giapponese di alta qualit\u00e0 (toishi) per coltelli, rasoi e utensili. <\/p>\n\n\n\n<ul class=\"wp-block-list\">\n<li><strong>Origine e qualit\u00e0<\/strong>: Si tratta di una pietra della miniera di Nakayama, rinomata per la sua eccezionale qualit\u00e0 e per il raro colore giallo (kiita), molto apprezzato in Giappone. Per la sua rarit\u00e0 e la sua estetica \u00e8 classificata come grado da collezione.<a href=\"https:\/\/www.japanesenaturalstones.com\/nakayama-kiita-lv-4-5-a1225\/\" target=\"_blank\" rel=\"noreferrer noopener\"><\/a><a href=\"https:\/\/www.japanesenaturalstones.com\/nakayama-kiita-lv-4-a1845\/\" target=\"_blank\" rel=\"noreferrer noopener\"><\/a><\/li>\n\n\n\n<li><strong>Durezza e finezza<\/strong>Il livello di durezza \u00e8 Lv 4, ma la finezza \u00e8 di circa 8000 Grit, quindi la pietra \u00e8 abbastanza fine per l'affilatura finale. Non \u00e8 considerata n\u00e9 troppo dura n\u00e9 troppo morbida, il che la rende facile da usare, soprattutto per i principianti.<a href=\"https:\/\/www.japanesenaturalstones.com\/nakayama-kiita-lv-4-a1845\/\" target=\"_blank\" rel=\"noreferrer noopener\"><\/a><\/li>\n\n\n\n<li><strong>Utilizzo<\/strong>Ideale per affilare piccoli utensili o piccoli coltelli. Pu\u00f2 essere utilizzato con una pietra nagura per migliorare i risultati dell'affilatura. Per rasoi (kamisori e occidentali) - prefinitura.<\/li>\n\n\n\n<li><strong>Finitura<\/strong>Fornisce una finitura semi-specchiante che \u00e8 estetica e funzionale, garantendo una lama molto affilata.<a href=\"https:\/\/www.japanesenaturalstones.com\/nakayama-kiita-lv-4-5-a1225\/\" target=\"_blank\" rel=\"noreferrer noopener\"><\/a><a href=\"https:\/\/www.japanesenaturalstones.com\/nakayama-kiita-lv-4-a1845\/\" target=\"_blank\" rel=\"noreferrer noopener\"><\/a><\/li>\n\n\n\n<li><strong>Aspetto<\/strong>Una combinazione di grigio e giallo, senza linee tossiche o inclusioni, per un'affilatura pulita e uniforme. <\/li>\n\n\n\n<li><strong>Caratteristiche speciali<\/strong>R: La pietra \u00e8 facile da usare, produce una rapida rimozione del metallo e la sensazione di affilatura \u00e8 estremamente morbida e piacevole.<a href=\"https:\/\/www.japanesenaturalstones.com\/nakayama-kiita-lv-4-5-a1225\/\" target=\"_blank\" rel=\"noreferrer noopener\"><\/a><a href=\"https:\/\/www.japanesenaturalstones.com\/nakayama-sunashi-suita-kiita-lv-4-a787\/\" target=\"_blank\" rel=\"noreferrer noopener\"><\/a><\/li>\n<\/ul>\n\n\n\n<p>La pietra \u00e8 rara e apprezzata sia per le sue propriet\u00e0 pratiche di affilatura che per la sua bellezza ed \u00e8 spesso considerata un oggetto da collezione. <\/p>","protected":false},"excerpt":{"rendered":"<ul>\n<li>Adatto per la finitura di coltelli, forbici, attrezzi da falegnameria e altri utensili. Prefinitura per rasoi.<\/li>\n<li>Dimensioni: 205x75x36 mm<\/li>\n<li>Peso con supporto: 1280 g<\/li>\n<li>Durezza: Lv 4<\/li>\n<li>Una pietra veloce e di qualit\u00e0 per il completamento. Marchio Maruka conservato ma sfocato.<\/li>\n<\/ul>","protected":false},"featured_media":4517,"comment_status":"open","ping_status":"closed","template":"","meta":[],"product_brand":[],"product_cat":[22],"product_tag":[141,336,49],"class_list":{"0":"post-4509","1":"product","2":"type-product","3":"status-publish","4":"has-post-thumbnail","6":"product_cat-jnats","7":"product_tag-kiita","8":"product_tag-lv-4","9":"product_tag-nakayama","10":"product_shipping_class-iprastas","12":"first","13":"outofstock","14":"shipping-taxable","15":"purchasable","16":"product-type-simple"},"_links":{"self":[{"href":"https:\/\/jnats.eu\/it\/wp-json\/wp\/v2\/product\/4509","targetHints":{"allow":["GET"]}}],"collection":[{"href":"https:\/\/jnats.eu\/it\/wp-json\/wp\/v2\/product"}],"about":[{"href":"https:\/\/jnats.eu\/it\/wp-json\/wp\/v2\/types\/product"}],"replies":[{"embeddable":true,"href":"https:\/\/jnats.eu\/it\/wp-json\/wp\/v2\/comments?post=4509"}],"wp:featuredmedia":[{"embeddable":true,"href":"https:\/\/jnats.eu\/it\/wp-json\/wp\/v2\/media\/4517"}],"wp:attachment":[{"href":"https:\/\/jnats.eu\/it\/wp-json\/wp\/v2\/media?parent=4509"}],"wp:term":[{"taxonomy":"product_brand","embeddable":true,"href":"https:\/\/jnats.eu\/it\/wp-json\/wp\/v2\/product_brand?post=4509"},{"taxonomy":"product_cat","embeddable":true,"href":"https:\/\/jnats.eu\/it\/wp-json\/wp\/v2\/product_cat?post=4509"},{"taxonomy":"product_tag","embeddable":true,"href":"https:\/\/jnats.eu\/it\/wp-json\/wp\/v2\/product_tag?post=4509"}],"curies":[{"name":"wp","href":"https:\/\/api.w.org\/{rel}","templated":true}]}}