{"id":4523,"date":"2025-04-30T14:52:53","date_gmt":"2025-04-30T11:52:53","guid":{"rendered":"https:\/\/jnats.eu\/?post_type=product&#038;p=4523"},"modified":"2025-06-22T11:59:20","modified_gmt":"2025-06-22T08:59:20","slug":"nakayama-karasu-lv-5","status":"publish","type":"product","link":"https:\/\/jnats.eu\/it\/prodotto-2\/nakayama-karasu-lv-5\/","title":{"rendered":"Nakayama Karasu Lv 5"},"content":{"rendered":"<figure class=\"wp-block-embed is-type-video is-provider-youtube wp-block-embed-youtube wp-embed-aspect-16-9 wp-has-aspect-ratio\"><div class=\"wp-block-embed__wrapper\">\n<div class=\"video-container\"><iframe title=\"Affilatura del rasoio Puma: Aizu, Aiwatani, Nakayama Kiita, Nashiji, Karasu\" width=\"1170\" height=\"658\" src=\"https:\/\/www.youtube.com\/embed\/fu4WmCwVvQU?start=963&#038;feature=oembed\" frameborder=\"0\" allow=\"accelerometer; autoplay; clipboard-write; encrypted-media; gyroscope; picture-in-picture; web-share\" referrerpolicy=\"strict-origin-when-cross-origin\" allowfullscreen><\/iframe><\/div>\n<\/div><\/figure>\n\n\n\n<p>Nakayama Karasu Lv 5 \u00e8 una pietra da affilatura naturale (toishi) giapponese di alta qualit\u00e0, molto apprezzata per la sua rarit\u00e0, l'estetica e le eccezionali propriet\u00e0 di affilatura. Ecco una descrizione basata sulle informazioni disponibili:<\/p>\n\n\n\n<ul class=\"wp-block-list\">\n<li><strong>Origine e qualit\u00e0<\/strong>: Pietra proveniente dalla miniera di Nakayama, famosa per la produzione di alcune delle migliori pietre da affilatura del mondo. Il nome Karasu (\"corvo\") deriva dal suo disegno unico di macchie nere o scure su un fondo grigio o blu (mizu asagi), che ricorda le piume di un corvo. \u00c8 una pietra da collezione ed \u00e8 particolarmente rara e apprezzata dai collezionisti.<a href=\"https:\/\/www.japanesenaturalstones.com\/nakayama-san-karasu-lv-5-a265\/\" target=\"_blank\" rel=\"noreferrer noopener\"><\/a><a href=\"https:\/\/japanese-whetstones.com\/products\/nakayama-karasu-lv-5\" target=\"_blank\" rel=\"noreferrer noopener\"><\/a><\/li>\n\n\n\n<li><strong>Durezza e finezza<\/strong>Livello di durezza Lv 5 (duro), finezza di 1500Grit, che rende la pietra superfine, ideale per l'affilatura finale. La superficie \u00e8 molto liscia, senza linee tossiche o inclusioni, garantendo un'affilatura pulita e precisa.<a href=\"https:\/\/www.japanesenaturalstones.com\/nakayama-karasu-lv-5-a1603\/\" target=\"_blank\" rel=\"noreferrer noopener\"><\/a><a href=\"https:\/\/zenrazorjapan.com\/products\/nakayama-asagi-karasu-hardness-5-fineness-5\" target=\"_blank\" rel=\"noreferrer noopener\"><\/a><\/li>\n\n\n\n<li><strong>Utilizzo<\/strong>: Lo scopo principale \u00e8 l'affilatura finale di rasoi (kamisori e occidentali), piccoli utensili (ad es. scalpelli) o coltelli. Adatta per ottenere bordi estremamente affilati, d\u00e0 una finitura liscia e quasi a specchio. Si consiglia l'uso di una pietra nagura, in particolare per i rasoi occidentali, per ottenere pi\u00f9 rapidamente risultati ottimali.<a href=\"https:\/\/www.japanesenaturalstones.com\/nakayama-san-karasu-lv-5-a265\/\" target=\"_blank\" rel=\"noreferrer noopener\"><\/a><a href=\"https:\/\/www.japanesenaturalstones.com\/nakayama-maruichi-kamisori-karasu-lv-5-a1743\/\" target=\"_blank\" rel=\"noreferrer noopener\"><\/a><\/li>\n\n\n\n<li><strong>Finitura<\/strong>: Fornisce un bordo altamente lucidato, affilato e liscio per la rasatura di precisione o la lavorazione di utensili. La pietra \u00e8 piuttosto abrasiva sul metallo.<a href=\"https:\/\/www.japanesenaturalstones.com\/nakayama-maruichi-karasu-suita-lv-4-5-a1636\/\" target=\"_blank\" rel=\"noreferrer noopener\"><\/a><\/li>\n\n\n\n<li><strong>Aspetto<\/strong>Caratterizzata da una bella base grigia o grigio-bluastra (mizu asagi) con macchie nere brillanti di karasu che attraversano gli strati della pietra. La pietra \u00e8 priva di difetti come crepe o linee tossiche ed \u00e8 esteticamente gradevole. <\/li>\n<\/ul>","protected":false},"excerpt":{"rendered":"<ul>\n<li>Adatto per la finitura di rasoi, coltelli, forbici, attrezzi da falegnameria e altri utensili.<\/li>\n<li>Dimensioni: 209x72x22 mm<\/li>\n<li>Peso con supporto: 1170 g<\/li>\n<li>Durezza: Lv 5<\/li>\n<li>Una pietra rapida per la finitura dei rasoi.  Si tratta di una pietra davvero di qualit\u00e0. Lo potete vedere voi stessi nel video qui sotto.<\/li>\n<\/ul>","protected":false},"featured_media":4527,"comment_status":"open","ping_status":"closed","template":"","meta":[],"product_brand":[],"product_cat":[22],"product_tag":[57,337,49],"class_list":{"0":"post-4523","1":"product","2":"type-product","3":"status-publish","4":"has-post-thumbnail","6":"product_cat-jnats","7":"product_tag-karasu","8":"product_tag-lv-5","9":"product_tag-nakayama","10":"product_shipping_class-iprastas","12":"first","13":"outofstock","14":"shipping-taxable","15":"purchasable","16":"product-type-simple"},"_links":{"self":[{"href":"https:\/\/jnats.eu\/it\/wp-json\/wp\/v2\/product\/4523","targetHints":{"allow":["GET"]}}],"collection":[{"href":"https:\/\/jnats.eu\/it\/wp-json\/wp\/v2\/product"}],"about":[{"href":"https:\/\/jnats.eu\/it\/wp-json\/wp\/v2\/types\/product"}],"replies":[{"embeddable":true,"href":"https:\/\/jnats.eu\/it\/wp-json\/wp\/v2\/comments?post=4523"}],"wp:featuredmedia":[{"embeddable":true,"href":"https:\/\/jnats.eu\/it\/wp-json\/wp\/v2\/media\/4527"}],"wp:attachment":[{"href":"https:\/\/jnats.eu\/it\/wp-json\/wp\/v2\/media?parent=4523"}],"wp:term":[{"taxonomy":"product_brand","embeddable":true,"href":"https:\/\/jnats.eu\/it\/wp-json\/wp\/v2\/product_brand?post=4523"},{"taxonomy":"product_cat","embeddable":true,"href":"https:\/\/jnats.eu\/it\/wp-json\/wp\/v2\/product_cat?post=4523"},{"taxonomy":"product_tag","embeddable":true,"href":"https:\/\/jnats.eu\/it\/wp-json\/wp\/v2\/product_tag?post=4523"}],"curies":[{"name":"wp","href":"https:\/\/api.w.org\/{rel}","templated":true}]}}