{"id":4533,"date":"2025-05-02T09:36:30","date_gmt":"2025-05-02T06:36:30","guid":{"rendered":"https:\/\/jnats.eu\/?post_type=product&#038;p=4533"},"modified":"2026-04-08T15:39:44","modified_gmt":"2026-04-08T12:39:44","slug":"vintaziniai-vokiski-skustuvai-puma-89-solingen","status":"publish","type":"product","link":"https:\/\/jnats.eu\/it\/prodotto-2\/vintaziniai-vokiski-skustuvai-puma-89-solingen\/","title":{"rendered":"Rasoi tedeschi d'epoca Puma 89 Solingen"},"content":{"rendered":"<figure class=\"wp-block-embed is-type-video is-provider-youtube wp-block-embed-youtube wp-embed-aspect-16-9 wp-has-aspect-ratio\"><div class=\"wp-block-embed__wrapper\">\n<div class=\"video-container\"><iframe title=\"Rasoi tedeschi d&#039;epoca Puma 89 Solingen\" width=\"1170\" height=\"658\" src=\"https:\/\/www.youtube.com\/embed\/uWf2QJpylzg?feature=oembed\" frameborder=\"0\" allow=\"accelerometer; autoplay; clipboard-write; encrypted-media; gyroscope; picture-in-picture; web-share\" referrerpolicy=\"strict-origin-when-cross-origin\" allowfullscreen><\/iframe><\/div>\n<\/div><\/figure>\n\n\n\n<p>I rasoi tedeschi vintage Puma sono apprezzati come strumenti da barba di alta qualit\u00e0 e sono stati prodotti in Germania, principalmente a Solingen, una citt\u00e0 che \u00e8 stata a lungo famosa per i suoi coltelli e strumenti da barba. \"Puma \u00e8 un marchio ben noto, associato non solo all'abbigliamento e alle calzature sportive, ma anche ai tradizionali rasoi e ad altri prodotti di coltelleria, particolarmente popolari a met\u00e0 del XX secolo.<\/p>\n\n\n\n<ol class=\"wp-block-list\">\n<li><strong>Storia della produzione<\/strong>:\n<ul class=\"wp-block-list\">\n<li>\"I rasoi Puma venivano prodotti a Solingen, in Germania, dove \u00e8 ancora attiva la Puma-Werk Lauterjung und Sohn (fondata nel 1769). Questa azienda era specializzata nella produzione di coltelli, rasoi e altri strumenti taglienti.<\/li>\n\n\n\n<li>I modelli vintage risalgono per lo pi\u00f9 agli anni '40 e '70, quando i rasoi artigianali erano molto popolari.<\/li>\n\n\n\n<li>\"I rasoi Puma sono stati apprezzati per la loro precisione artigianale, la durata e il design estetico.<\/li>\n<\/ul>\n<\/li>\n\n\n\n<li><strong>Caratteristiche<\/strong>:\n<ul class=\"wp-block-list\">\n<li><strong>I materiali<\/strong>Le lame sono solitamente realizzate in acciaio al carbonio o in acciaio inossidabile di alta qualit\u00e0 per garantire l'affilatura e la resistenza alla corrosione. Le impugnature erano realizzate in materiali naturali come il corno, il legno, la madreperla o la plastica (ad esempio la bachelite).<\/li>\n\n\n\n<li><strong>Design<\/strong>I rasoi Puma avevano spesso dettagli incisi sulla lama, come il logo del marchio o il numero del modello. Il loro design era elegante e curato nei minimi dettagli.<\/li>\n\n\n\n<li><strong>Modelli<\/strong>R: I modelli vintage pi\u00f9 diffusi hanno numeri unici (ad esempio Puma 193, Puma 89) che indicano design o serie diverse.<\/li>\n<\/ul>\n<\/li>\n\n\n\n<li><strong>Valore del collezionista<\/strong>:\n<ul class=\"wp-block-list\">\n<li>I rasoi Puma vintage sono molto apprezzati dai collezionisti per la loro rarit\u00e0, qualit\u00e0 e importanza storica. Particolarmente desiderabili sono i modelli in buone condizioni o con la confezione originale.<\/li>\n\n\n\n<li>Il prezzo di mercato dipende dalle condizioni del rasoio, dalla rarit\u00e0 del modello e dal materiale del manico. Gli esemplari ben conservati possono costare da poche decine a diverse centinaia di euro.<\/li>\n<\/ul>\n<\/li>\n\n\n\n<li><strong>Uso e manutenzione<\/strong>:\n<ul class=\"wp-block-list\">\n<li>Questi rasoi richiedono una manutenzione regolare: riaffilatura del filo di cuoio e protezione dalla ruggine.<\/li>\n\n\n\n<li>Grazie alla loro affilatezza e qualit\u00e0, sono ancora utilizzati dagli appassionati di rasatura tradizionale, anche se richiedono maggiore abilit\u00e0 rispetto ai moderni rasoi multiuso.<\/li>\n<\/ul>\n<\/li>\n<\/ol>\n\n\n\n<h3 class=\"wp-block-heading\">Perch\u00e9 i rasoi Puma sono considerati eccezionali?<\/h3>\n\n\n\n<ul class=\"wp-block-list\">\n<li><strong>Maestria<\/strong>Solingen \u00e8 un centro mondiale per la produzione di coltelli e Puma ha mantenuto gli standard pi\u00f9 elevati.<\/li>\n\n\n\n<li><strong>Durata<\/strong>I rasoi sottoposti a una corretta manutenzione possono durare decenni.<\/li>\n\n\n\n<li><strong>Estetica<\/strong>: Il design elegante e i dettagli fatti a mano li rendono non solo funzionali ma anche opere d'arte.<\/li>\n<\/ul>","protected":false},"excerpt":{"rendered":"<p>Rasoi Puma tedeschi vintage usati. Prodotti a met\u00e0 del secolo scorso. Ancora prodotti con questo marchio, ma inferiori ai rasoi d'epoca per qualit\u00e0 del trattamento termico e meccanico. Apprezzato per la sua rasatura morbida. Ci sono segni di corrosione, ma tutte le lame sono completamente intatte, quindi l'affilatura e l'uso non saranno un problema. La meccanica e la geometria sono perfette. Si prega di osservare attentamente le foto e il video. <strong>Peso 49-50 g.<\/strong><\/p>\n<ol>\n<li>Dimensioni della lama - 80x20x4 mm. Affilato e con scatola<\/li>\n<li>Dimensioni della lama - 80x19x4 mm. Affilato. Rettificata con conicit\u00e0 in avanti (sindrome della carota).<\/li>\n<li>Dimensioni della lama - 80x19x4 mm<\/li>\n<li>Dimensioni della lama - 80x19x4 mm<\/li>\n<li>Dimensioni della lama - 80x16x4 mm<\/li>\n<\/ol>\n<p><strong>Se l'articolo non viene visualizzato nell'elenco a discesa, significa che \u00e8 stato venduto.\u00a0<\/strong><\/p>","protected":false},"featured_media":4538,"comment_status":"open","ping_status":"closed","template":"","meta":[],"product_brand":[],"product_cat":[23],"product_tag":[338,339,160],"class_list":{"0":"post-4533","1":"product","2":"type-product","3":"status-publish","4":"has-post-thumbnail","6":"product_cat-razors","7":"product_tag-puma","8":"product_tag-puma-89","9":"product_tag-skustuvai","10":"product_shipping_class-light","12":"first","13":"instock","14":"shipping-taxable","15":"purchasable","16":"product-type-variable"},"_links":{"self":[{"href":"https:\/\/jnats.eu\/it\/wp-json\/wp\/v2\/product\/4533","targetHints":{"allow":["GET"]}}],"collection":[{"href":"https:\/\/jnats.eu\/it\/wp-json\/wp\/v2\/product"}],"about":[{"href":"https:\/\/jnats.eu\/it\/wp-json\/wp\/v2\/types\/product"}],"replies":[{"embeddable":true,"href":"https:\/\/jnats.eu\/it\/wp-json\/wp\/v2\/comments?post=4533"}],"wp:featuredmedia":[{"embeddable":true,"href":"https:\/\/jnats.eu\/it\/wp-json\/wp\/v2\/media\/4538"}],"wp:attachment":[{"href":"https:\/\/jnats.eu\/it\/wp-json\/wp\/v2\/media?parent=4533"}],"wp:term":[{"taxonomy":"product_brand","embeddable":true,"href":"https:\/\/jnats.eu\/it\/wp-json\/wp\/v2\/product_brand?post=4533"},{"taxonomy":"product_cat","embeddable":true,"href":"https:\/\/jnats.eu\/it\/wp-json\/wp\/v2\/product_cat?post=4533"},{"taxonomy":"product_tag","embeddable":true,"href":"https:\/\/jnats.eu\/it\/wp-json\/wp\/v2\/product_tag?post=4533"}],"curies":[{"name":"wp","href":"https:\/\/api.w.org\/{rel}","templated":true}]}}