{"id":4594,"date":"2025-05-13T11:05:22","date_gmt":"2025-05-13T08:05:22","guid":{"rendered":"https:\/\/jnats.eu\/?post_type=product&#038;p=4594"},"modified":"2026-03-08T21:17:40","modified_gmt":"2026-03-08T19:17:40","slug":"nos-chobomasa-kamisori-vintaziniai-japoniski-skustuvai","status":"publish","type":"product","link":"https:\/\/jnats.eu\/it\/prodotto-2\/nos-chobomasa-kamisori-vintaziniai-japoniski-skustuvai\/","title":{"rendered":"Rasoi giapponesi vintage NOS Chobomasa kamisori"},"content":{"rendered":"<figure class=\"wp-block-embed is-type-video is-provider-youtube wp-block-embed-youtube wp-embed-aspect-16-9 wp-has-aspect-ratio\"><div class=\"wp-block-embed__wrapper\">\n<div class=\"video-container\"><iframe title=\"NOS Chobomasa Kamisori - Rasoi dritti giapponesi d&#039;epoca\" width=\"1170\" height=\"658\" src=\"https:\/\/www.youtube.com\/embed\/AiR2JJ7mTRE?feature=oembed\" frameborder=\"0\" allow=\"accelerometer; autoplay; clipboard-write; encrypted-media; gyroscope; picture-in-picture; web-share\" referrerpolicy=\"strict-origin-when-cross-origin\" allowfullscreen><\/iframe><\/div>\n<\/div><\/figure>\n\n\n\n<p>Scoprite la vera maestria della rasatura giapponese con <strong>NOS Chobomasa Kamisori<\/strong> - rasoi giapponesi vintage autentici e fatti a mano. Questi rasoi sono <strong>NOS (New Old Stock)<\/strong> - inutilizzato, conservato in ottime condizioni, proveniente direttamente dal Giappone della met\u00e0 del XX secolo.<\/p>\n\n\n\n<p>Cucinato in modo tradizionale <strong>kamisori<\/strong> a forma di lamette da barba, questi rasoi si distinguono <strong>lama asimmetrica<\/strong> e <strong>acciaio al carbonio di alta qualit\u00e0<\/strong> per un'affilatura eccezionale e un uso duraturo. Ogni rasoio cattura sottilmente lo spirito dell'antico artigianato giapponese e l'eccezionale funzionalit\u00e0.<\/p>\n\n\n\n<p><strong>Caratteristiche:<\/strong><\/p>\n\n\n\n<ul class=\"wp-block-list\">\n<li>Autentico giapponese <strong>kamisori<\/strong> design<\/li>\n\n\n\n<li>NOS (New Old Stock) - inutilizzato, vintage<\/li>\n\n\n\n<li>Alta qualit\u00e0 <strong>lama in acciaio al carbonio<\/strong><\/li>\n\n\n\n<li>Produzione artigianale e tradizionale in Giappone<\/li>\n\n\n\n<li>Per i collezionisti e gli appassionati di rasatura<\/li>\n<\/ul>\n\n\n\n<p><strong>Osservazione:<\/strong> A causa dell'et\u00e0 del prodotto e della natura della lavorazione a mano, l'aspetto di ogni rasoio pu\u00f2 variare leggermente.<\/p>","protected":false},"excerpt":{"rendered":"<ul>\n<li>Come la tradizionale spada dei samurai, la katana, questi Kamisori sono stati forgiati a mano in due parti. La parte tagliente \u00e8 realizzata in acciaio ad alto tenore di carbonio, mentre lo strato di supporto \u00e8 costituito da un acciaio pi\u00f9 semplice. Lo strato di acciaio \u00e8 duro, mentre la struttura pi\u00f9 morbida fornisce la necessaria resistenza alla rottura.<\/li>\n<li>\u00c8 visibile un po' di decapaggio. Rimozione della ruggine con carta #2500 a 6 fonti e pasta diamantata Venev 7\/5.<\/li>\n<li>Tutte le canotte sono leggermente diverse perch\u00e9 sono fatte a mano.<\/li>\n<li>Peso (circa): 33 g.<\/li>\n<li>Lunghezza totale (circa): 140 mm<\/li>\n<li>Altezza (circa): 18 mm<\/li>\n<li>Spessore del nastro (circa): 6 mm<\/li>\n<li>Lunghezza lama (circa): 44 mm<\/li>\n<li>Nuova impugnatura in gomma Tosuke<\/li>\n<li><strong>N. 1-5 affilati, n. 6-7 non affilati.<\/strong><span data-mce-type=\"bookmark\" style=\"display: inline-block; width: 0px; overflow: hidden; line-height: 0;\" class=\"mce_SELRES_start\"><\/span><\/li>\n<li><strong>Se l'articolo non compare nell'elenco a discesa, significa che \u00e8 in saldo.<\/strong><\/li>\n<\/ul>","protected":false},"featured_media":4595,"comment_status":"open","ping_status":"closed","template":"","meta":[],"product_brand":[],"product_cat":[23],"product_tag":[322,25,55],"class_list":{"0":"post-4594","1":"product","2":"type-product","3":"status-publish","4":"has-post-thumbnail","6":"product_cat-razors","7":"product_tag-chobomasa","8":"product_tag-kamisori","9":"product_tag-nos","10":"product_shipping_class-light","12":"first","13":"instock","14":"shipping-taxable","15":"purchasable","16":"product-type-variable"},"_links":{"self":[{"href":"https:\/\/jnats.eu\/it\/wp-json\/wp\/v2\/product\/4594","targetHints":{"allow":["GET"]}}],"collection":[{"href":"https:\/\/jnats.eu\/it\/wp-json\/wp\/v2\/product"}],"about":[{"href":"https:\/\/jnats.eu\/it\/wp-json\/wp\/v2\/types\/product"}],"replies":[{"embeddable":true,"href":"https:\/\/jnats.eu\/it\/wp-json\/wp\/v2\/comments?post=4594"}],"wp:featuredmedia":[{"embeddable":true,"href":"https:\/\/jnats.eu\/it\/wp-json\/wp\/v2\/media\/4595"}],"wp:attachment":[{"href":"https:\/\/jnats.eu\/it\/wp-json\/wp\/v2\/media?parent=4594"}],"wp:term":[{"taxonomy":"product_brand","embeddable":true,"href":"https:\/\/jnats.eu\/it\/wp-json\/wp\/v2\/product_brand?post=4594"},{"taxonomy":"product_cat","embeddable":true,"href":"https:\/\/jnats.eu\/it\/wp-json\/wp\/v2\/product_cat?post=4594"},{"taxonomy":"product_tag","embeddable":true,"href":"https:\/\/jnats.eu\/it\/wp-json\/wp\/v2\/product_tag?post=4594"}],"curies":[{"name":"wp","href":"https:\/\/api.w.org\/{rel}","templated":true}]}}