{"id":4750,"date":"2025-06-13T12:34:12","date_gmt":"2025-06-13T09:34:12","guid":{"rendered":"https:\/\/jnats.eu\/?post_type=product&#038;p=4750"},"modified":"2025-10-25T21:37:45","modified_gmt":"2025-10-25T18:37:45","slug":"komazen-japan-vidutinio-grudetumo-sintetinis-galandinimo-akmuo","status":"publish","type":"product","link":"https:\/\/jnats.eu\/it\/prodotto-2\/komazen-japan-vidutinio-grudetumo-sintetinis-galandinimo-akmuo\/","title":{"rendered":"Komazen Japan pietra per affilatura sintetica a grana media"},"content":{"rendered":"<p><strong>Komazen Giappone<\/strong> pietra dentata sintetica di marca.<\/p>\n\n\n\n<hr class=\"wp-block-separator has-alpha-channel-opacity\"\/>\n\n\n\n<h3 class=\"wp-block-heading\">\ud83d\udce6 Informazioni di base:<\/h3>\n\n\n\n<ul class=\"wp-block-list\">\n<li><strong>Produttore<\/strong>: Komazen Giappone<\/li>\n\n\n\n<li><strong>Marcatura del prodotto<\/strong>: \"Pietra per affilare\" \/ \"\u4e2d\u76ee\" (Ch\u016bme) significa <strong>Grana media<\/strong> (giapponese: \u4e2d\u76ee, ch\u016bme) pietra.<\/li>\n\n\n\n<li><strong>Dimensioni<\/strong>: 200 \u00d7 50 \u00d7 25 mm (indicato sulla scatola)<\/li>\n<\/ul>\n\n\n\n<hr class=\"wp-block-separator has-alpha-channel-opacity\"\/>\n\n\n\n<h3 class=\"wp-block-heading\">\ud83d\udccc Che pietra:<\/h3>\n\n\n\n<p>Questo \u00e8 <strong>pietra d'acqua sintetica<\/strong>utilizzato per affilare coltelli e utensili. Poich\u00e9 \u00e8 contrassegnato dalla dicitura \"\u4e2d\u76ee\", la sua granulometria si aggira solitamente intorno a <strong>#1000<\/strong> (granulometria media standard secondo il sistema giapponese). Si tratta di una scelta eccellente:<\/p>\n\n\n\n<ul class=\"wp-block-list\">\n<li>per l'affilatura quotidiana dei coltelli<\/li>\n\n\n\n<li>rimozione di piccole irregolarit\u00e0<\/li>\n\n\n\n<li>modellare il bordo della lama prima di passare a pietre pi\u00f9 piccole (ad es. #3000, #6000)<\/li>\n<\/ul>\n\n\n\n<hr class=\"wp-block-separator has-alpha-channel-opacity\"\/>\n\n\n\n<h3 class=\"wp-block-heading\">\ud83d\udccc Komazen Giappone:<\/h3>\n\n\n\n<p>Questo \u00e8 uno dei <strong>Bilancio<\/strong> Produttori giapponesi di pietre sintetiche. Le loro pietre sono spesso utilizzate nelle cucine, nei laboratori e dagli hobbisti perch\u00e9 offrono un buon rapporto qualit\u00e0-prezzo, ma non sono di qualit\u00e0 superiore come Naniwa o Shapton.<\/p>\n\n\n\n<hr class=\"wp-block-separator has-alpha-channel-opacity\"\/>\n\n\n\n<h3 class=\"wp-block-heading\">\ud83d\udccc Utilizzo:<\/h3>\n\n\n\n<ul class=\"wp-block-list\">\n<li><strong>Prima dell'uso<\/strong> Si consiglia di immergersi nell'acqua per 5-10 minuti.<\/li>\n\n\n\n<li>Utilizzare con acqua (non a secco, non con olio)<\/li>\n\n\n\n<li>Risciacquare dopo l'uso, asciugare naturalmente (non usare il calore).<\/li>\n<\/ul>","protected":false},"excerpt":{"rendered":"<p><!-- wp:list --><\/p>\n<ul class=\"wp-block-list\"><!-- wp:list-item --><\/p>\n<li><strong>Produttore<\/strong>: Komazen Giappone<\/li>\n<p><!-- \/wp:list-item --> <!-- wp:list-item --><\/p>\n<li><strong>Grana media<\/strong><\/li>\n<p><!-- \/wp:list-item --> <!-- wp:list-item --><\/p>\n<li><strong>Dimensioni<\/strong>: 200 \u00d7 50 \u00d7 25 mm<\/li>\n<li>Scatola leggermente appannata, pietra inutilizzata<\/li>\n<p><!-- \/wp:list-item --><\/ul>\n<p><!-- \/wp:list --><\/p>","protected":false},"featured_media":4751,"comment_status":"open","ping_status":"closed","template":"","meta":[],"product_brand":[],"product_cat":[290],"product_tag":[356,355],"class_list":{"0":"post-4750","1":"product","2":"type-product","3":"status-publish","4":"has-post-thumbnail","6":"product_cat-whetstones","7":"product_tag-356","8":"product_tag-komazen","9":"product_shipping_class-iprastas","11":"first","12":"outofstock","13":"shipping-taxable","14":"purchasable","15":"product-type-simple"},"_links":{"self":[{"href":"https:\/\/jnats.eu\/it\/wp-json\/wp\/v2\/product\/4750","targetHints":{"allow":["GET"]}}],"collection":[{"href":"https:\/\/jnats.eu\/it\/wp-json\/wp\/v2\/product"}],"about":[{"href":"https:\/\/jnats.eu\/it\/wp-json\/wp\/v2\/types\/product"}],"replies":[{"embeddable":true,"href":"https:\/\/jnats.eu\/it\/wp-json\/wp\/v2\/comments?post=4750"}],"wp:featuredmedia":[{"embeddable":true,"href":"https:\/\/jnats.eu\/it\/wp-json\/wp\/v2\/media\/4751"}],"wp:attachment":[{"href":"https:\/\/jnats.eu\/it\/wp-json\/wp\/v2\/media?parent=4750"}],"wp:term":[{"taxonomy":"product_brand","embeddable":true,"href":"https:\/\/jnats.eu\/it\/wp-json\/wp\/v2\/product_brand?post=4750"},{"taxonomy":"product_cat","embeddable":true,"href":"https:\/\/jnats.eu\/it\/wp-json\/wp\/v2\/product_cat?post=4750"},{"taxonomy":"product_tag","embeddable":true,"href":"https:\/\/jnats.eu\/it\/wp-json\/wp\/v2\/product_tag?post=4750"}],"curies":[{"name":"wp","href":"https:\/\/api.w.org\/{rel}","templated":true}]}}