{"id":4781,"date":"2025-06-20T14:54:04","date_gmt":"2025-06-20T11:54:04","guid":{"rendered":"https:\/\/jnats.eu\/?post_type=product&#038;p=4781"},"modified":"2025-06-25T11:48:43","modified_gmt":"2025-06-25T08:48:43","slug":"universalus-peilis-is-cpm-20cv-plieno-naudotas","status":"publish","type":"product","link":"https:\/\/jnats.eu\/it\/prodotto-2\/universalus-peilis-is-cpm-20cv-plieno-naudotas\/","title":{"rendered":"Coltello universale in acciaio CPM 20CV (usato)"},"content":{"rendered":"<figure class=\"wp-block-embed is-type-video is-provider-youtube wp-block-embed-youtube wp-embed-aspect-16-9 wp-has-aspect-ratio\"><div class=\"wp-block-embed__wrapper\">\n<div class=\"video-container\"><iframe title=\"Acciaio moderno vs. Pietra per affilare giapponese tradizionale | CPM 20CV + Ohira\" width=\"1170\" height=\"658\" src=\"https:\/\/www.youtube.com\/embed\/dkrrzanZkhc?feature=oembed\" frameborder=\"0\" allow=\"accelerometer; autoplay; clipboard-write; encrypted-media; gyroscope; picture-in-picture; web-share\" referrerpolicy=\"strict-origin-when-cross-origin\" allowfullscreen><\/iframe><\/div>\n<\/div><\/figure>\n\n\n\n<p>Un coltello usato eccezionale realizzato con uno degli acciai in polvere moderni pi\u00f9 avanzati - <strong>CPM 20CV<\/strong>, che presenta un&#039;eccellente conservazione dell&#039;affilatura e un&#039;eccezionale resistenza alla corrosione.<\/p>\n\n\n\n<p><strong>Ancora pi\u00f9 importante, l&#039;acciaio di questo coltello \u00e8 stato temprato da uno dei pi\u00f9 famosi termisti russi, Alan Balikoev, famoso per il suo trattamento termico di precisione, che consente di sfruttare al massimo le propriet\u00e0 dell&#039;acciaio.<\/strong><\/p>\n\n\n\n<hr class=\"wp-block-separator has-alpha-channel-opacity\"\/>\n\n\n\n<h3 class=\"wp-block-heading\"><strong>Propriet\u00e0 dell&#039;acciaio<\/strong><\/h3>\n\n\n\n<p><strong>CPM 20CV<\/strong> \u2013 un acciaio inossidabile verniciato a polvere progettato per offrire un&#039;eccezionale tenuta dell&#039;affilatura e resistenza agli agenti atmosferici. \u00c8 un materiale di alta qualit\u00e0 per coltelli, adatti sia all&#039;uso quotidiano, sia al collezionismo, sia a impieghi eccezionali. <\/p>\n\n\n\n<hr class=\"wp-block-separator has-alpha-channel-opacity\"\/>\n\n\n\n<h3 class=\"wp-block-heading\"><strong>Composizione chimica dell&#039;acciaio<\/strong><\/h3>\n\n\n\n<figure class=\"wp-block-table\"><table class=\"has-fixed-layout\"><thead><tr><th>Elemento<\/th><th>Percentuale (%)<\/th><\/tr><\/thead><tbody><tr><td>Carbonio (C)<\/td><td>1.9<\/td><\/tr><tr><td>Cromo (Cr)<\/td><td>20.0<\/td><\/tr><tr><td>Vanadio (V)<\/td><td>4.0<\/td><\/tr><tr><td>Molibdeno (Mo)<\/td><td>1.0<\/td><\/tr><tr><td>Tungsteno (W)<\/td><td>0.6<\/td><\/tr><tr><td>Manganese (Mn)<\/td><td>0.3<\/td><\/tr><tr><td>Silicio (Si)<\/td><td>0.6<\/td><\/tr><tr><td>Fosforo (P)<\/td><td>\u2264 0,03<\/td><\/tr><tr><td>Zolfo (S)<\/td><td>\u2264 0,03<\/td><\/tr><\/tbody><\/table><\/figure>\n\n\n\n<hr class=\"wp-block-separator has-alpha-channel-opacity\"\/>\n\n\n\n<h3 class=\"wp-block-heading\"><strong>Vantaggi principali<\/strong><\/h3>\n\n\n\n<p>\u2705 <strong>Resistenza alla corrosione estremamente elevata<\/strong><br>Grazie al contenuto di cromo del 20%, questo coltello \u00e8 resistente sia all&#039;umidit\u00e0 che agli ambienti acidi.<\/p>\n\n\n\n<p>\u2705 <strong>Lunga conservazione della nitidezza<\/strong><br>Grazie all&#039;elevato contenuto di carbonio e vanadio, l&#039;acciaio mantiene la sua affilatura molto pi\u00f9 a lungo rispetto alla maggior parte degli altri acciai inossidabili.<\/p>\n\n\n\n<p>\u2705 <strong>Maniglia unica<\/strong><br>La betulla della Carelia stabilizzata con intarsi in denti di mammut e il rinforzo in Makume conferiscono a ogni coltello un carattere unico: non ce ne sono due uguali.<\/p>\n\n\n\n<p>\u2705 <strong>Tempra professionale<\/strong><br>Il trattamento termico eseguito da Alan Balikoev garantisce il massimo equilibrio tra durezza dell&#039;acciaio, resistenza all&#039;usura ed elasticit\u00e0.<\/p>\n\n\n\n<p>\u2705 <strong>Pendenze universali<\/strong><br>Le pendenze dritte dalla spalla garantiscono buone propriet\u00e0 di taglio, facilit\u00e0 di controllo e facile manutenzione.<\/p>\n\n\n\n<hr class=\"wp-block-separator has-alpha-channel-opacity\"\/>\n\n\n\n<h3 class=\"wp-block-heading\"><strong>Riepilogo<\/strong><\/h3>\n\n\n\n<p>Questo non \u00e8 solo uno strumento funzionale, ma anche un pezzo da collezione unico che unisce l&#039;acciaio in polvere pi\u00f9 avanzato, la tempra professionale e una squisita estetica artigianale.<\/p>","protected":false},"excerpt":{"rendered":"<p><!-- wp:list --><\/p>\n<ul class=\"wp-block-list\"><!-- wp:list-item --><\/p>\n<li>Lunghezza lama: 140 mm.<\/li>\n<p><!-- \/wp:list-item --><\/p>\n<p><!-- wp:list-item --><\/p>\n<li>Altezza lama: 29 mm.<\/li>\n<li>Spessore lama: 4,0 mm<\/li>\n<li>Allineamento circa 0,3 mm<\/li>\n<p><!-- \/wp:list-item --><\/p>\n<p><!-- wp:list-item --><\/p>\n<li>Superficie della lama: non perfettamente lucidata<\/li>\n<p><!-- \/wp:list-item --><\/p>\n<p><!-- wp:list-item --><\/p>\n<li>Acciaio in polvere CPM 20CV. Temprato da uno dei migliori termisti russi, Alan Balikoev.<\/li>\n<p><!-- \/wp:list-item --><\/p>\n<p><!-- wp:list-item --><\/p>\n<li>Il vantaggio pi\u00f9 importante di questo acciaio \u00e8 la sua elevatissima resistenza alla corrosione e la sua relativamente lunga conservazione dell&#039;affilatura.<\/li>\n<p><!-- \/wp:list-item --><\/p>\n<p><!-- wp:list-item --><\/p>\n<li>Pendenze: dritte dalla spalla<\/li>\n<p><!-- \/wp:list-item --><\/p>\n<p><!-- wp:list-item --><\/p>\n<li>Lunghezza della maniglia: 128 mm<\/li>\n<li>Cuscino in Makum<\/li>\n<li>Intarsio di denti di mammut<\/li>\n<p><!-- \/wp:list-item --><\/p>\n<p><!-- wp:list-item --><\/p>\n<li>Il materiale del manico \u00e8 tubero di betulla careliana stabilizzata.<\/li>\n<li>Custodia in vera pelle<\/li>\n<p><!-- \/wp:list-item --><\/p>\n<p><!-- wp:list-item --><\/p>\n<li>Peso con custodia: 172 g<\/li>\n<p><!-- \/wp:list-item --><\/p>\n<p><!-- wp:list-item --><\/p>\n<li>Peso: 244 g<\/li>\n<p><!-- \/wp:list-item --><\/p>\n<p><!-- wp:list-item --><\/p>\n<li>Prodotto in Russia<\/li>\n<li>Affilata con pietra naturale giapponese Ohira.<\/li>\n<p><!-- \/wp:list-item --><\/ul>\n<p><!-- \/wp:list --><\/p>","protected":false},"featured_media":4784,"comment_status":"open","ping_status":"closed","template":"","meta":[],"product_brand":[],"product_cat":[24],"product_tag":[358,76],"class_list":{"0":"post-4781","1":"product","2":"type-product","3":"status-publish","4":"has-post-thumbnail","6":"product_cat-knifes","7":"product_tag-20cv","8":"product_tag-peilis","9":"product_shipping_class-iprastas","11":"first","12":"outofstock","13":"shipping-taxable","14":"purchasable","15":"product-type-simple"},"_links":{"self":[{"href":"https:\/\/jnats.eu\/it\/wp-json\/wp\/v2\/product\/4781","targetHints":{"allow":["GET"]}}],"collection":[{"href":"https:\/\/jnats.eu\/it\/wp-json\/wp\/v2\/product"}],"about":[{"href":"https:\/\/jnats.eu\/it\/wp-json\/wp\/v2\/types\/product"}],"replies":[{"embeddable":true,"href":"https:\/\/jnats.eu\/it\/wp-json\/wp\/v2\/comments?post=4781"}],"wp:featuredmedia":[{"embeddable":true,"href":"https:\/\/jnats.eu\/it\/wp-json\/wp\/v2\/media\/4784"}],"wp:attachment":[{"href":"https:\/\/jnats.eu\/it\/wp-json\/wp\/v2\/media?parent=4781"}],"wp:term":[{"taxonomy":"product_brand","embeddable":true,"href":"https:\/\/jnats.eu\/it\/wp-json\/wp\/v2\/product_brand?post=4781"},{"taxonomy":"product_cat","embeddable":true,"href":"https:\/\/jnats.eu\/it\/wp-json\/wp\/v2\/product_cat?post=4781"},{"taxonomy":"product_tag","embeddable":true,"href":"https:\/\/jnats.eu\/it\/wp-json\/wp\/v2\/product_tag?post=4781"}],"curies":[{"name":"wp","href":"https:\/\/api.w.org\/{rel}","templated":true}]}}