{"id":479,"date":"2024-03-07T10:23:42","date_gmt":"2024-03-07T08:23:42","guid":{"rendered":"http:\/\/jnats.eu\/?post_type=product&#038;p=479"},"modified":"2024-04-26T09:30:50","modified_gmt":"2024-04-26T06:30:50","slug":"set-di-rasoi-vintage-da-7-giorni-di-harrison-br-howson-manafacturers-sheffield-england","status":"publish","type":"product","link":"https:\/\/jnats.eu\/it\/prodotto-2\/set-di-rasoi-vintage-da-7-giorni-di-harrison-br-howson-manafacturers-sheffield-england\/","title":{"rendered":"Harrison Br &amp; Howson Manafacturers Sheffield Inghilterra Set di rasoi vintage da 7 giorni"},"content":{"rendered":"<p>Harrison Br &amp; Howson \u00e8 un rinomato produttore di rasoi di Sheffield, in Inghilterra, con una lunga storia e reputazione per la qualit\u00e0 impeccabile. I loro rasoi vintage nel set 7 giorni sono un prodotto di eccezionale pregio e stile.<\/p>\n\n\n\n<p>Descrizione di questo set di rasoi vintage:<\/p>\n\n\n\n<ul class=\"wp-block-list\">\n<li><strong>Qualit\u00e0 ed et\u00e0<\/strong>: Ogni rasoio di questo set \u00e8 realizzato in acciaio di alta qualit\u00e0 per una maggiore durata e un&#039;ottima rasatura. Questi rasoi riflettono l&#039;eccezionale attenzione di Harrison Br &amp; Howson ai dettagli e alla qualit\u00e0.<\/li>\n\n\n\n<li><strong>Design vintage<\/strong>: Questi rasoi hanno un design interessante e unico che evoca l&#039;eleganza dei tempi passati. Le loro lame e i loro manici possono essere l&#039;accessorio perfetto per lo stile di ogni uomo.<\/li>\n\n\n\n<li><strong>Set di 7 giorni<\/strong>: Questo set \u00e8 un&#039;ottima scelta per coloro che apprezzano l&#039;ordine e uno stile di vita organizzato. Ogni rasoio corrisponde ad un giorno della settimana, cos\u00ec hai sempre lo strumento giusto per raderti ogni giorno. L&#039;acciaio riposer\u00e0 e potrai eseguire il processo di affilatura per tutti in una volta e dimenticartene per molto tempo. Ci\u00f2 \u00e8 particolarmente vero se invii i tuoi rasoi agli artigiani per l&#039;affilatura.<\/li>\n\n\n\n<li><strong>Un&#039;ottima opzione regalo<\/strong>: Questo set di rasoi pu\u00f2 anche essere un ottimo regalo per gli uomini che apprezzano lo stile classico e i prodotti di qualit\u00e0. \u00c8 un&#039;opzione regalo unica e pratica per ogni gentiluomo.<\/li>\n<\/ul>\n\n\n\n<p>I rasoi vintage Harrison Br &amp; Howson nel set da 7 giorni non sono solo pratici strumenti per la rasatura, ma anche un accento elegante nel mondo della bellezza e dello stile maschile.<\/p>\n\n\n\n<figure class=\"wp-block-embed is-type-video is-provider-youtube wp-block-embed-youtube wp-embed-aspect-16-9 wp-has-aspect-ratio\"><div class=\"wp-block-embed__wrapper\">\n<div class=\"video-container\"><iframe title=\"Harrison Br &amp; Howson Manafacturers Sheffield Inghilterra Set di rasoi vintage da 7 giorni\" width=\"1170\" height=\"658\" src=\"https:\/\/www.youtube.com\/embed\/AhMxzAVzb6Q?feature=oembed\" frameborder=\"0\" allow=\"accelerometer; autoplay; clipboard-write; encrypted-media; gyroscope; picture-in-picture; web-share\" allowfullscreen><\/iframe><\/div>\n<\/div><\/figure>","protected":false},"excerpt":{"rendered":"<ul>\n<li>Set da 7 giorni di rasoi vintage Harrison Br &amp; Howson Manafacturers Sheffield England<\/li>\n<li>Le maniglie sono in polimero<\/li>\n<li>Non utilizzato (NOS - Nuovo vecchio stock)<\/li>\n<li>Buono stato<\/li>\n<li>Segni di corrosione<\/li>\n<li>Nessuna divisione o rottura<\/li>\n<\/ul>","protected":false},"featured_media":1040,"comment_status":"open","ping_status":"closed","template":"","meta":[],"product_brand":[],"product_cat":[23],"product_tag":[112,109,111,110],"class_list":{"0":"post-479","1":"product","2":"type-product","3":"status-publish","4":"has-post-thumbnail","6":"product_cat-razors","7":"product_tag-england","8":"product_tag-harrison-br-howson","9":"product_tag-manafacturers","10":"product_tag-sheffield","11":"product_shipping_class-light","13":"first","14":"instock","15":"sale","16":"shipping-taxable","17":"purchasable","18":"product-type-simple"},"_links":{"self":[{"href":"https:\/\/jnats.eu\/it\/wp-json\/wp\/v2\/product\/479","targetHints":{"allow":["GET"]}}],"collection":[{"href":"https:\/\/jnats.eu\/it\/wp-json\/wp\/v2\/product"}],"about":[{"href":"https:\/\/jnats.eu\/it\/wp-json\/wp\/v2\/types\/product"}],"replies":[{"embeddable":true,"href":"https:\/\/jnats.eu\/it\/wp-json\/wp\/v2\/comments?post=479"}],"wp:featuredmedia":[{"embeddable":true,"href":"https:\/\/jnats.eu\/it\/wp-json\/wp\/v2\/media\/1040"}],"wp:attachment":[{"href":"https:\/\/jnats.eu\/it\/wp-json\/wp\/v2\/media?parent=479"}],"wp:term":[{"taxonomy":"product_brand","embeddable":true,"href":"https:\/\/jnats.eu\/it\/wp-json\/wp\/v2\/product_brand?post=479"},{"taxonomy":"product_cat","embeddable":true,"href":"https:\/\/jnats.eu\/it\/wp-json\/wp\/v2\/product_cat?post=479"},{"taxonomy":"product_tag","embeddable":true,"href":"https:\/\/jnats.eu\/it\/wp-json\/wp\/v2\/product_tag?post=479"}],"curies":[{"name":"wp","href":"https:\/\/api.w.org\/{rel}","templated":true}]}}