{"id":4824,"date":"2025-06-30T08:13:15","date_gmt":"2025-06-30T05:13:15","guid":{"rendered":"https:\/\/jnats.eu\/?post_type=product&#038;p=4824"},"modified":"2025-07-05T11:19:22","modified_gmt":"2025-07-05T08:19:22","slug":"myojinho-aogami-super-gyuto-180-mm-virtuvinis-peilis","status":"publish","type":"product","link":"https:\/\/jnats.eu\/it\/prodotto-2\/myojinho-aogami-super-gyuto-180-mm-virtuvinis-peilis\/","title":{"rendered":"Coltello da cucina My\u014djinho Aogami Super Gyuto da 180 mm"},"content":{"rendered":"<h2 class=\"wp-block-heading\">Descrizione del prodotto:<\/h2>\n\n\n\n<p><strong>My\u014djinho Aogami Super Gyuto 180mm<\/strong> \u2013 coltello da cucina giapponese di alta qualit\u00e0 realizzato con il leggendario <strong>Aogami Super (Super Acciaio Blu)<\/strong> acciaio. Questo acciaio \u00e8 apprezzato per la sua eccezionale affilatura, l&#039;eccellente tenuta del filo e la piacevole sensazione di taglio.<\/p>\n\n\n\n<p>Il coltello \u00e8 completamente inutilizzato, ma inoltre <strong>Affilato professionalmente con una pietra per affilatura Morihei semi-naturale di alta qualit\u00e0 con grana 12.000<\/strong> \u2014 garantendo la massima affilatura e un filo estremamente pulito e uniformemente lucidato. Questa affilatura garantisce una qualit\u00e0 di taglio e una resistenza all&#039;usura ideali.<\/p>\n\n\n\n<hr class=\"wp-block-separator has-alpha-channel-opacity\"\/>\n\n\n\n<h3 class=\"wp-block-heading\">Caratteristiche:<\/h3>\n\n\n\n<ul class=\"wp-block-list\">\n<li><strong>Lunghezza della lama:<\/strong> 180 millimetri<\/li>\n\n\n\n<li><strong>Acciaio:<\/strong> Aogami Super (Blue Super Steel) con strati esterni inossidabili<\/li>\n\n\n\n<li><strong>Durezza:<\/strong> ~65\u201366 HRC<\/li>\n\n\n\n<li><strong>Utilizzo:<\/strong> carne, pesce, verdure<\/li>\n\n\n\n<li><strong>Maniglia:<\/strong> mogano con tre rivetti<\/li>\n\n\n\n<li><strong>Affilatura:<\/strong> affilato con una pietra semi-naturale Morihei da 12.000 grana<\/li>\n\n\n\n<li><strong>Angolo di affilatura:<\/strong> consigliato 12\u201315\u00b0<\/li>\n\n\n\n<li><strong>Confezionato in una scatola originale in stile giapponese<\/strong><\/li>\n<\/ul>\n\n\n\n<hr class=\"wp-block-separator has-alpha-channel-opacity\"\/>\n\n\n\n<h3 class=\"wp-block-heading\">Perch\u00e9 vale la pena scegliere?<\/h3>\n\n\n\n<p>L&#039;acciaio Aogami Super \u00e8 una delle migliori scelte di acciaio al carbonio giapponese per i coltelli da cucina.<br>Il coltello \u00e8 gi\u00e0 <strong>affilato professionalmente con una pietra Morihei 12.000<\/strong> \u2014 subito pronto per lavorare con la massima nitidezza.<br>Elegante design classico giapponese e comoda impugnatura ergonomica.<\/p>\n\n\n\n<figure class=\"wp-block-embed is-type-video is-provider-youtube wp-block-embed-youtube wp-embed-aspect-16-9 wp-has-aspect-ratio\"><div class=\"wp-block-embed__wrapper\">\n<div class=\"video-container\"><iframe title=\"Test delle pietre per affilare &quot;\u706b Hi&quot; Fire Series di Morihei Hishiboshi | Affilatura Aogami Super e M390\" width=\"1170\" height=\"658\" src=\"https:\/\/www.youtube.com\/embed\/y9GuR0ZJmUQ?start=1849&#038;feature=oembed\" frameborder=\"0\" allow=\"accelerometer; autoplay; clipboard-write; encrypted-media; gyroscope; picture-in-picture; web-share\" referrerpolicy=\"strict-origin-when-cross-origin\" allowfullscreen><\/iframe><\/div>\n<\/div><\/figure>","protected":false},"excerpt":{"rendered":"<p><!-- wp:list --><\/p>\n<ul class=\"wp-block-list\"><!-- wp:list-item --><\/p>\n<li><strong>Dimensioni della lama:<\/strong> 180x41x2mm<\/li>\n<li><strong>Peso: 135 g<\/strong><\/li>\n<p><!-- \/wp:list-item --> <!-- wp:list-item --><\/p>\n<li><strong>Acciaio:<\/strong> Aogami Super (Blue Super Steel) con strati esterni inossidabili<\/li>\n<p><!-- \/wp:list-item --> <!-- wp:list-item --><\/p>\n<li><strong>Durezza:<\/strong> ~65\u201366 HRC<\/li>\n<p><!-- \/wp:list-item --> <!-- wp:list-item --><\/p>\n<li><strong>Utilizzo:<\/strong> carne, pesce, verdure<\/li>\n<p><!-- \/wp:list-item --> <!-- wp:list-item --><\/p>\n<li><strong>Maniglia:<\/strong> mogano con tre rivetti<\/li>\n<p><!-- \/wp:list-item --> <!-- wp:list-item --><\/p>\n<li><strong>Affilatura:<\/strong> affilato con una pietra semi-naturale Morihei da 12.000 grana<\/li>\n<p><!-- \/wp:list-item --> <!-- wp:list-item --><\/p>\n<li><strong>Angolo di affilatura:<\/strong> consigliato 12\u201315\u00b0<\/li>\n<p><!-- \/wp:list-item --> <!-- wp:list-item --><\/p>\n<li><strong>Confezionato in una scatola originale in stile giapponese<\/strong><\/li>\n<p><!-- \/wp:list-item --><\/ul>\n<p><!-- \/wp:list --><\/p>","protected":false},"featured_media":4827,"comment_status":"open","ping_status":"closed","template":"","meta":[],"product_brand":[],"product_cat":[24],"product_tag":[360,361,359],"class_list":{"0":"post-4824","1":"product","2":"type-product","3":"status-publish","4":"has-post-thumbnail","6":"product_cat-knifes","7":"product_tag-aogami-super","8":"product_tag-gyuto","9":"product_tag-myojinho","10":"product_shipping_class-iprastas","12":"first","13":"outofstock","14":"shipping-taxable","15":"purchasable","16":"product-type-simple"},"_links":{"self":[{"href":"https:\/\/jnats.eu\/it\/wp-json\/wp\/v2\/product\/4824","targetHints":{"allow":["GET"]}}],"collection":[{"href":"https:\/\/jnats.eu\/it\/wp-json\/wp\/v2\/product"}],"about":[{"href":"https:\/\/jnats.eu\/it\/wp-json\/wp\/v2\/types\/product"}],"replies":[{"embeddable":true,"href":"https:\/\/jnats.eu\/it\/wp-json\/wp\/v2\/comments?post=4824"}],"wp:featuredmedia":[{"embeddable":true,"href":"https:\/\/jnats.eu\/it\/wp-json\/wp\/v2\/media\/4827"}],"wp:attachment":[{"href":"https:\/\/jnats.eu\/it\/wp-json\/wp\/v2\/media?parent=4824"}],"wp:term":[{"taxonomy":"product_brand","embeddable":true,"href":"https:\/\/jnats.eu\/it\/wp-json\/wp\/v2\/product_brand?post=4824"},{"taxonomy":"product_cat","embeddable":true,"href":"https:\/\/jnats.eu\/it\/wp-json\/wp\/v2\/product_cat?post=4824"},{"taxonomy":"product_tag","embeddable":true,"href":"https:\/\/jnats.eu\/it\/wp-json\/wp\/v2\/product_tag?post=4824"}],"curies":[{"name":"wp","href":"https:\/\/api.w.org\/{rel}","templated":true}]}}