{"id":4860,"date":"2025-07-03T12:33:26","date_gmt":"2025-07-03T09:33:26","guid":{"rendered":"https:\/\/jnats.eu\/?post_type=product&#038;p=4860"},"modified":"2025-11-25T13:16:33","modified_gmt":"2025-11-25T11:16:33","slug":"natsuya-japoniskas-naturalus-galandinimo-akmuo-vidutinio-grudetumo","status":"publish","type":"product","link":"https:\/\/jnats.eu\/it\/prodotto-2\/natsuya-japoniskas-naturalus-galandinimo-akmuo-vidutinio-grudetumo\/","title":{"rendered":"Pietra per affilatura naturale giapponese Natsuya (grana media)"},"content":{"rendered":"<p>Natsuya \u00e8 una pietra naturale giapponese originaria della regione di Kyoto, famosa per le sue antiche miniere di pietra. Questa pietra a grana media (circa 1000-2000 equivalente) \u00e8 perfetta per l&#039;affilatura intermedia di coltelli, rasoi o utensili da falegnameria, garantendo un&#039;affilatura estremamente pulita e controllata prima di passare a pietre pi\u00f9 fini.<\/p>\n\n\n\n<figure class=\"wp-block-embed is-type-video is-provider-youtube wp-block-embed-youtube wp-embed-aspect-16-9 wp-has-aspect-ratio\"><div class=\"wp-block-embed__wrapper\">\n<div class=\"video-container\"><iframe title=\"Pietra per affilare giapponese naturale Natsuya | Test di affilatura a grana media\" width=\"1170\" height=\"658\" src=\"https:\/\/www.youtube.com\/embed\/AG_eMsnn1Wo?feature=oembed\" frameborder=\"0\" allow=\"accelerometer; autoplay; clipboard-write; encrypted-media; gyroscope; picture-in-picture; web-share\" referrerpolicy=\"strict-origin-when-cross-origin\" allowfullscreen><\/iframe><\/div>\n<\/div><\/figure>\n\n\n\n<p><strong>Caratteristiche:<\/strong><\/p>\n\n\n\n<ul class=\"wp-block-list\">\n<li>Pietra naturale della regione di Kyoto<\/li>\n\n\n\n<li>Grana media (~1000\u20132000 grana)<\/li>\n\n\n\n<li>Adatto sia per coltelli giapponesi che occidentali<\/li>\n\n\n\n<li>Forma rapidamente una poltiglia liscia che facilita l&#039;affilatura<\/li>\n\n\n\n<li>Abrasivit\u00e0 bilanciata: rimuove efficacemente i graffi dalla pietra grezza e inizia a formare un profilo del bordo affilato e pulito<\/li>\n\n\n\n<li>Sensazione morbida durante l&#039;affilatura, per un controllo ottimale<\/li>\n<\/ul>\n\n\n\n<p><strong>Utilizzo:<\/strong><br>Si consiglia di immergere brevemente la pietra in acqua prima dell&#039;uso o di utilizzarla come pietra &quot;bagnata&quot; con un apporto d&#039;acqua costante. Ideale dopo la prima levigatura della lama e prima della lucidatura finale con una pietra a grana fine.<\/p>","protected":false},"excerpt":{"rendered":"<ul class=\"wp-block-list\">\n<li>Adatto per l&#039;affilatura intermedia o finale di coltelli, forbici, utensili da falegnameria e altri utensili.<\/li>\n<li>Si pu\u00f2 ottenere una buona preparazione anche con una finitura cashmere.<\/li>\n<li>Grana circa 1500<\/li>\n<li>Durezza: Lv 4<\/li>\n<li>Estratta a met\u00e0 del secolo scorso, la pietra d'epoca \u00e8 caratterizzata da una buona velocit\u00e0 e levigatezza.<\/li>\n<li>Marchio Sun Tiger The Matsuga CO. LTD<\/li>\n<li>Un lato \u00e8 levigato e pronto per essere lavorato.<\/li>\n<li><strong>Potete guardare il lavoro nel video qui sotto.<\/strong><\/li>\n<\/ul>\n<ol>\n<li>Dimensioni: 217x63x781 mm Peso: 2400 g<\/li>\n<li>Dimensioni: 203x68x77 mm Peso: 2600 g<\/li>\n<li>Dimensioni: 211x69x78 mm Peso: 2700 g<\/li>\n<\/ol>","protected":false},"featured_media":4870,"comment_status":"open","ping_status":"closed","template":"","meta":[],"product_brand":[],"product_cat":[22],"product_tag":[300,364],"class_list":{"0":"post-4860","1":"product","2":"type-product","3":"status-publish","4":"has-post-thumbnail","6":"product_cat-jnats","7":"product_tag-medium","8":"product_tag-natsuya","9":"product_shipping_class-iprastas","11":"first","12":"instock","13":"shipping-taxable","14":"purchasable","15":"product-type-variable"},"_links":{"self":[{"href":"https:\/\/jnats.eu\/it\/wp-json\/wp\/v2\/product\/4860","targetHints":{"allow":["GET"]}}],"collection":[{"href":"https:\/\/jnats.eu\/it\/wp-json\/wp\/v2\/product"}],"about":[{"href":"https:\/\/jnats.eu\/it\/wp-json\/wp\/v2\/types\/product"}],"replies":[{"embeddable":true,"href":"https:\/\/jnats.eu\/it\/wp-json\/wp\/v2\/comments?post=4860"}],"wp:featuredmedia":[{"embeddable":true,"href":"https:\/\/jnats.eu\/it\/wp-json\/wp\/v2\/media\/4870"}],"wp:attachment":[{"href":"https:\/\/jnats.eu\/it\/wp-json\/wp\/v2\/media?parent=4860"}],"wp:term":[{"taxonomy":"product_brand","embeddable":true,"href":"https:\/\/jnats.eu\/it\/wp-json\/wp\/v2\/product_brand?post=4860"},{"taxonomy":"product_cat","embeddable":true,"href":"https:\/\/jnats.eu\/it\/wp-json\/wp\/v2\/product_cat?post=4860"},{"taxonomy":"product_tag","embeddable":true,"href":"https:\/\/jnats.eu\/it\/wp-json\/wp\/v2\/product_tag?post=4860"}],"curies":[{"name":"wp","href":"https:\/\/api.w.org\/{rel}","templated":true}]}}