{"id":492,"date":"2024-03-07T10:55:29","date_gmt":"2024-03-07T08:55:29","guid":{"rendered":"http:\/\/jnats.eu\/?post_type=product&#038;p=492"},"modified":"2024-08-01T13:36:33","modified_gmt":"2024-08-01T10:36:33","slug":"heljestrand-eskiltuna-set-di-rasoi-vintage-svedesi-da-7-giorni","status":"publish","type":"product","link":"https:\/\/jnats.eu\/it\/prodotto-2\/heljestrand-eskiltuna-set-di-rasoi-vintage-svedesi-da-7-giorni\/","title":{"rendered":"Heljestrand Eskiltuna Svezia Set di rasoi vintage da 7 giorni"},"content":{"rendered":"<p>Il set di rasoi da 7 giorni Heljestrand Eskiltuna Sweden incarna artigianalit\u00e0 e raffinatezza, offrendo un&#039;esperienza di rasatura lussuosa radicata nella tradizione e nella qualit\u00e0. <\/p>\n\n\n\n<p>Set di rasoi Heljestrand Eskiltuna Sweden da 7 giorni<\/p>\n\n\n\n<p>Scatena l&#039;epitome di eleganza e precisione senza tempo con il kit da barba Heljestrand Eskiltuna Sweden 7 giorni. Realizzato nelle rinomate fucine di Eskilstuna, Svezia, rinomate per la loro secolare tradizione di lavorazione dei metalli pregiati, ogni pezzo di questo set riflette un&#039;impareggiabile maestria e attenzione ai dettagli.<\/p>\n\n\n\n<p>Artigianato eccezionale:<br>Ogni rasoio di questo set \u00e8 realizzato con cura in acciaio inossidabile della massima qualit\u00e0 per garantire un&#039;affilatura duratura e prestazioni superiori. Le lame sono perfettamente affilate per una rasatura fluida e confortevole ad ogni passata.<\/p>\n\n\n\n<p>Eleganza vintage:<br>Decorati con design classici e dettagli intricati, questi rasoi emanano fascino e raffinatezza vintage. Dai comodi manici alle lame progettate con precisione, ogni elemento parla del ricco patrimonio e della squisita arte che \u00e8 sinonimo di Heljestrand.<\/p>\n\n\n\n<p>Convenienza 7 giorni:<br>Progettato per il gentiluomo moderno che apprezza stile e funzionalit\u00e0, questo set comprende sette rasoi, ciascuno dedicato a un giorno specifico della settimana. Accetta con piacere il rituale di manutenzione, sapendo di avere lo strumento perfetto per ogni occasione.<\/p>\n\n\n\n<p>Consegna di lusso:<br>Presentato in una scatola elegante e sofisticata, il kit da barba 7 giorni Heljestrand Eskiltuna Sweden \u00e8 l&#039;aggiunta perfetta a qualsiasi collezione allettante. Che si tratti di un regalo personale o di un regalo premuroso per un gentiluomo esigente, questo set incarna lusso e raffinatezza.<\/p>\n\n\n\n<p>Migliora la tua esperienza di rasatura:<br>Goditi l&#039;arte della rasatura con il kit da barba 7 giorni Heljestrand Eskiltuna Sweden e sperimenta il fascino senza tempo dell&#039;artigianato svedese. Porta la tua routine di toelettatura a nuovi livelli di raffinatezza e stile con questa esclusiva collezione di rasoi.<\/p>\n\n\n\n<p>Il kit da barba 7 giorni Heljestrand Eskiltuna Sweden \u00e8 molto pi\u00f9 di un semplice accessorio per la cura del corpo e del viso: \u00e8 un simbolo di gusto raffinato e qualit\u00e0 senza compromessi, destinato ad essere apprezzato per le generazioni a venire.<\/p>\n\n\n\n<figure class=\"wp-block-embed is-type-video is-provider-youtube wp-block-embed-youtube wp-embed-aspect-16-9 wp-has-aspect-ratio\"><div class=\"wp-block-embed__wrapper\">\n<div class=\"video-container\"><iframe title=\"Heljestrand Eskiltuna Svezia Set di rasoi vintage da 7 giorni\" width=\"1170\" height=\"658\" src=\"https:\/\/www.youtube.com\/embed\/oYVb2hrp-h0?feature=oembed\" frameborder=\"0\" allow=\"accelerometer; autoplay; clipboard-write; encrypted-media; gyroscope; picture-in-picture; web-share\" allowfullscreen><\/iframe><\/div>\n<\/div><\/figure>","protected":false},"excerpt":{"rendered":"<ul>\n<li>Heljestrand Eskiltuna Svezia Set di rasoi vintage da 7 giorni<\/li>\n<li><strong>Lo svedese \u00e8 probabilmente il pi\u00f9 affilato tra gli acciai inossidabili utilizzati nei rasoi<\/strong><\/li>\n<li>Le maniglie sono in polimero<\/li>\n<li>Non usato (NOS - New old stock)<\/li>\n<li>Buono stato<\/li>\n<li>Segni di corrosione<\/li>\n<li>Nessuna divisione o rottura<\/li>\n<li>Dimensioni della lama: 70 x 17 mm<\/li>\n<\/ul>","protected":false},"featured_media":1071,"comment_status":"open","ping_status":"closed","template":"","meta":[],"product_brand":[],"product_cat":[23],"product_tag":[114,113,115],"class_list":{"0":"post-492","1":"product","2":"type-product","3":"status-publish","4":"has-post-thumbnail","6":"product_cat-razors","7":"product_tag-eskiltuna","8":"product_tag-heljestrand","9":"product_tag-sweden","10":"product_shipping_class-light","12":"first","13":"outofstock","14":"sale","15":"shipping-taxable","16":"purchasable","17":"product-type-simple"},"_links":{"self":[{"href":"https:\/\/jnats.eu\/it\/wp-json\/wp\/v2\/product\/492","targetHints":{"allow":["GET"]}}],"collection":[{"href":"https:\/\/jnats.eu\/it\/wp-json\/wp\/v2\/product"}],"about":[{"href":"https:\/\/jnats.eu\/it\/wp-json\/wp\/v2\/types\/product"}],"replies":[{"embeddable":true,"href":"https:\/\/jnats.eu\/it\/wp-json\/wp\/v2\/comments?post=492"}],"wp:featuredmedia":[{"embeddable":true,"href":"https:\/\/jnats.eu\/it\/wp-json\/wp\/v2\/media\/1071"}],"wp:attachment":[{"href":"https:\/\/jnats.eu\/it\/wp-json\/wp\/v2\/media?parent=492"}],"wp:term":[{"taxonomy":"product_brand","embeddable":true,"href":"https:\/\/jnats.eu\/it\/wp-json\/wp\/v2\/product_brand?post=492"},{"taxonomy":"product_cat","embeddable":true,"href":"https:\/\/jnats.eu\/it\/wp-json\/wp\/v2\/product_cat?post=492"},{"taxonomy":"product_tag","embeddable":true,"href":"https:\/\/jnats.eu\/it\/wp-json\/wp\/v2\/product_tag?post=492"}],"curies":[{"name":"wp","href":"https:\/\/api.w.org\/{rel}","templated":true}]}}