{"id":4924,"date":"2025-07-10T13:51:53","date_gmt":"2025-07-10T10:51:53","guid":{"rendered":"https:\/\/jnats.eu\/?post_type=product&#038;p=4924"},"modified":"2026-02-12T13:15:19","modified_gmt":"2026-02-12T11:15:19","slug":"hideki-ir-chobomasa-kamisori-vintaziniai-japoniski-skustuvai-naudoti","status":"publish","type":"product","link":"https:\/\/jnats.eu\/it\/prodotto-2\/hideki-ir-chobomasa-kamisori-vintaziniai-japoniski-skustuvai-naudoti\/","title":{"rendered":"Rasoi giapponesi vintage Hideki e Chobomasa Kamisori (usati)"},"content":{"rendered":"<p>Scoprite la vera maestria della rasatura giapponese con&nbsp;<strong>NOS Chobomasa Kamisori<\/strong>&nbsp;\u2013 rasoi giapponesi vintage autentici, fatti a mano. Questi rasoi sono usati, tenuti in ottime condizioni, provenienti direttamente dal Giappone di met\u00e0 XX secolo.<\/p>\n\n\n\n<figure class=\"wp-block-embed is-type-video is-provider-youtube wp-block-embed-youtube wp-embed-aspect-16-9 wp-has-aspect-ratio\"><div class=\"wp-block-embed__wrapper\">\n<div class=\"video-container\"><iframe title=\"Rasoi giapponesi vintage Hideki e Chobomasa Kamisori (usati)\" width=\"1170\" height=\"658\" src=\"https:\/\/www.youtube.com\/embed\/_KzEqBvL-7M?feature=oembed\" frameborder=\"0\" allow=\"accelerometer; autoplay; clipboard-write; encrypted-media; gyroscope; picture-in-picture; web-share\" referrerpolicy=\"strict-origin-when-cross-origin\" allowfullscreen><\/iframe><\/div>\n<\/div><\/figure>\n\n\n\n<p>Cucinato in modo tradizionale\u00a0<strong>kamisori<\/strong>\u00a0a forma di lamette da barba, questi rasoi si distinguono\u00a0<strong>lama asimmetrica<\/strong>\u00a0e\u00a0<strong>acciaio al carbonio di alta qualit\u00e0<\/strong>, garantendo un&#039;affilatura eccezionale e una lunga durata. Ogni rasoio trasmette con delicatezza lo spirito dell&#039;antica maestria artigianale giapponese e la sua eccezionale funzionalit\u00e0.<\/p>\n\n\n\n<p><strong>Caratteristiche:<\/strong><\/p>\n\n\n\n<ul class=\"wp-block-list\">\n<li>Autentico giapponese&nbsp;<strong>kamisori<\/strong>&nbsp;design<\/li>\n\n\n\n<li>Usato, vintage<\/li>\n\n\n\n<li>Alta qualit\u00e0&nbsp;<strong>lama in acciaio al carbonio<\/strong><\/li>\n\n\n\n<li>Produzione artigianale e tradizionale in Giappone<\/li>\n\n\n\n<li>Per i collezionisti e gli appassionati di rasatura<\/li>\n<\/ul>\n\n\n\n<p><strong>1\u00b0 e 2\u00b0 da sinistra:<\/strong><\/p>\n\n\n\n<ul class=\"wp-block-list\">\n<li>\u4e0a\u6e6f (Kamiyu)<\/li>\n\n\n\n<li>\u79c0\u8f1d (Hideki o Sh\u016bk\u014d \u2014 a seconda della lettura)<\/li>\n<\/ul>\n\n\n\n<p><strong>Traduzione:<\/strong><\/p>\n\n\n\n<ul class=\"wp-block-list\">\n<li><strong>\u4e0a\u6e6f (Kamiyu)<\/strong> \u2013 si tratta molto probabilmente di marchi o luoghi\/nomi di contraffazione.<\/li>\n\n\n\n<li><strong>\u79c0\u8f1d<\/strong> \u2014 il nome o il marchio del comandante.<\/li>\n<\/ul>\n\n\n\n<p><strong>Conclusione:<\/strong> entrambi i primi kamisori furono realizzati dallo stesso fabbro Hideki <strong>\u79c0\u8f1d<\/strong>, marca <strong>Kamiya<\/strong>.<\/p>\n\n\n\n<p>Tutti gli altri <strong>Chobomasa Kamisori<\/strong><\/p>","protected":false},"excerpt":{"rendered":"<ul>\n<li>Come la tradizionale spada dei samurai, la katana, questi Kamisori sono stati forgiati a mano in due parti. La parte tagliente \u00e8 realizzata in acciaio ad alto tenore di carbonio, mentre lo strato di supporto \u00e8 costituito da un acciaio pi\u00f9 semplice. Lo strato di acciaio \u00e8 duro, mentre la struttura pi\u00f9 morbida fornisce la necessaria resistenza alla rottura.<\/li>\n<li>Tutte le canotte sono leggermente diverse perch\u00e9 sono fatte a mano.<\/li>\n<li>Peso (circa): 35 g., <strong>1 e 2: 45 g.\u00a0<\/strong><\/li>\n<li>Lunghezza totale (circa): 145 mm, <strong>1 e 2: 150 mm.\u00a0<\/strong><\/li>\n<li>Altezza (circa): 18 mm, <strong>1 e 2: 21 mm.\u00a0<\/strong><\/li>\n<li>Spessore del nastro (circa): 6 mm<\/li>\n<li>Lunghezza lama (circa): 44 mm, <strong>1 e 2: 47 mm.\u00a0<\/strong><\/li>\n<li>Il manico \u00e8 fatto di cartone avvolto con spago.<\/li>\n<li><strong>Se l'articolo non compare nell'elenco a discesa, significa che \u00e8 in saldo.<\/strong><\/li>\n<\/ul>","protected":false},"featured_media":4925,"comment_status":"open","ping_status":"closed","template":"","meta":[],"product_brand":[],"product_cat":[23],"product_tag":[322,25],"class_list":{"0":"post-4924","1":"product","2":"type-product","3":"status-publish","4":"has-post-thumbnail","6":"product_cat-razors","7":"product_tag-chobomasa","8":"product_tag-kamisori","9":"product_shipping_class-light","11":"first","12":"outofstock","13":"shipping-taxable","14":"product-type-variable"},"_links":{"self":[{"href":"https:\/\/jnats.eu\/it\/wp-json\/wp\/v2\/product\/4924","targetHints":{"allow":["GET"]}}],"collection":[{"href":"https:\/\/jnats.eu\/it\/wp-json\/wp\/v2\/product"}],"about":[{"href":"https:\/\/jnats.eu\/it\/wp-json\/wp\/v2\/types\/product"}],"replies":[{"embeddable":true,"href":"https:\/\/jnats.eu\/it\/wp-json\/wp\/v2\/comments?post=4924"}],"wp:featuredmedia":[{"embeddable":true,"href":"https:\/\/jnats.eu\/it\/wp-json\/wp\/v2\/media\/4925"}],"wp:attachment":[{"href":"https:\/\/jnats.eu\/it\/wp-json\/wp\/v2\/media?parent=4924"}],"wp:term":[{"taxonomy":"product_brand","embeddable":true,"href":"https:\/\/jnats.eu\/it\/wp-json\/wp\/v2\/product_brand?post=4924"},{"taxonomy":"product_cat","embeddable":true,"href":"https:\/\/jnats.eu\/it\/wp-json\/wp\/v2\/product_cat?post=4924"},{"taxonomy":"product_tag","embeddable":true,"href":"https:\/\/jnats.eu\/it\/wp-json\/wp\/v2\/product_tag?post=4924"}],"curies":[{"name":"wp","href":"https:\/\/api.w.org\/{rel}","templated":true}]}}