{"id":4962,"date":"2025-07-14T10:53:33","date_gmt":"2025-07-14T07:53:33","guid":{"rendered":"https:\/\/jnats.eu\/?post_type=product&#038;p=4962"},"modified":"2025-07-25T01:47:01","modified_gmt":"2025-07-24T22:47:01","slug":"ohira-shiro-suita","status":"publish","type":"product","link":"https:\/\/jnats.eu\/it\/prodotto-2\/ohira-shiro-suita\/","title":{"rendered":"Suite Ohira Shiro"},"content":{"rendered":"<p><strong>Suite Ohira Shiro<\/strong> - una delle pietre da affilatura naturali pi\u00f9 ambite in Giappone, estratta nella leggendaria <strong>Miniera di Ohira<\/strong> Prefettura di Kyoto, Giappone. Questa pietra si distingue per la sua struttura abrasiva ultra-fine e omogenea, per la sensazione di affilatura morbida e cremosa e per la capacit\u00e0 di produrre un taglio molto netto e pulito.<\/p>\n\n\n\n<figure class=\"wp-block-embed is-type-video is-provider-youtube wp-block-embed-youtube wp-embed-aspect-16-9 wp-has-aspect-ratio\"><div class=\"wp-block-embed__wrapper\">\n<div class=\"video-container\"><iframe title=\"Ohira Shiro Suita Test sul coltello Yakut - Acciaio al carbonio SH15\" width=\"1170\" height=\"658\" src=\"https:\/\/www.youtube.com\/embed\/mrDqF5Y2Qvo?feature=oembed\" frameborder=\"0\" allow=\"accelerometer; autoplay; clipboard-write; encrypted-media; gyroscope; picture-in-picture; web-share\" referrerpolicy=\"strict-origin-when-cross-origin\" allowfullscreen><\/iframe><\/div>\n<\/div><\/figure>\n\n\n\n<p>La parola nel titolo <strong>\"Shiro\" (\u767d)<\/strong> mezzi <em>Bianco<\/em>indicando una tonalit\u00e0 pi\u00f9 chiara della pietra principale, e <strong>\"Suite\"<\/strong> descrive un tipo di struttura di pietra naturale stratificata con linee sottili (<em>suji<\/em>), che non interferiscono con il lavoro e sono generalmente considerati sicuri.<\/p>\n\n\n\n<hr class=\"wp-block-separator has-alpha-channel-opacity\"\/>\n\n\n\n<h3 class=\"wp-block-heading\">\ud83d\udccc <strong>Caratteristiche principali:<\/strong><\/h3>\n\n\n\n<ul class=\"wp-block-list\">\n<li>\u2705 <strong>Origine:<\/strong> Miniera di Ohira, Kyoto, Giappone<\/li>\n\n\n\n<li>\u2705 <strong>Tipo di pietra:<\/strong> La pietra per affilatura naturale finale (<em>Spedizione a<\/em>)<\/li>\n\n\n\n<li>\u2705 <strong>Ruvidit\u00e0:<\/strong> Circa 8 000-12 000 (pu\u00f2 variare leggermente a seconda della pietra)<\/li>\n\n\n\n<li>\u2705 <strong>Senso del lavoro:<\/strong> Morbido, delicato, cremoso, ottimo feedback<\/li>\n\n\n\n<li>\u2705 <strong>Risultato dell'affilatura:<\/strong> Superficie semi-specchiante con un sottile effetto \"dentellato\" - ideale per coltelli da cucina, coltelli da barba, scalpelli, utensili per l'intaglio del legno<\/li>\n\n\n\n<li>\u2705 <strong>Perfetto con acciai inossidabili e ad alto tenore di carbonio (Blu #1, #2, Bianco #1, #2, SH15, ecc.).<\/strong><\/li>\n<\/ul>\n\n\n\n<hr class=\"wp-block-separator has-alpha-channel-opacity\"\/>\n\n\n\n<h2 class=\"wp-block-heading\">\ud83e\udea8 <strong>Informazioni sulla miniera di Ohira<\/strong><\/h2>\n\n\n\n<p><strong>Miniera di Ohira<\/strong> - Uno dei pi\u00f9 famosi siti di estrazione di pietre naturali per affilare in Giappone. Si trova sulle colline della Prefettura di Kyoto, vicino alle catene montuose di H\u014dzukawa e Atago, dove fin dal periodo Edo (XVII secolo) si estraevano pietre della migliore qualit\u00e0. <em>Awasedo<\/em> pietre.<\/p>\n\n\n\n<p>La geologia della regione - strati sedimentari estremamente fini di quarzite, silice e ossidi di ferro - ha dato origine ad alcune delle pietre pi\u00f9 pulite, omogenee e di alta qualit\u00e0 del Giappone. Ohira \u00e8 particolarmente famosa per la sua <strong>Shiro Suita<\/strong>, <strong>Asagi<\/strong>, <strong>Tomae<\/strong> pietre apprezzate sia dagli affilatori professionisti di coltelli giapponesi che dai maestri di coltelli da barba.<\/p>\n\n\n\n<p>Alcune aree della miniera di Ohira sono attualmente chiuse, quindi gli esemplari vecchi e buoni sono molto apprezzati da collezionisti e professionisti.<\/p>\n\n\n\n<hr class=\"wp-block-separator has-alpha-channel-opacity\"\/>\n\n\n\n<h3 class=\"wp-block-heading\">\ud83c\udfaf <strong>Uso consigliato:<\/strong><\/h3>\n\n\n\n<ul class=\"wp-block-list\">\n<li>Per gli affilatori di coltelli professionali<\/li>\n\n\n\n<li>Per la manutenzione di rasoi e tosatrici<\/li>\n\n\n\n<li>Per i collezionisti che cercano una pietra naturale giapponese di prima qualit\u00e0 per la finitura<\/li>\n\n\n\n<li>Per coltelli da cucina che richiedono un taglio affilato, ma delicatamente grossolano e privo di micropunti<\/li>\n<\/ul>","protected":false},"excerpt":{"rendered":"<ul>\n<li>Adatto per la finitura di topi, scalpelli, forbici e altri utensili. Prefinitura per rasoi.<\/li>\n<li>Suite pulita senza \"linee tossiche\" percepibili<\/li>\n<li>Durezza: Lv 4,5<\/li>\n<li>Dimensioni circa: 198x69x26 mm<\/li>\n<li>Peso: 880 g.<\/li>\n<\/ul>","protected":false},"featured_media":4966,"comment_status":"open","ping_status":"closed","template":"","meta":[],"product_brand":[],"product_cat":[22],"product_tag":[47,50],"class_list":{"0":"post-4962","1":"product","2":"type-product","3":"status-publish","4":"has-post-thumbnail","6":"product_cat-jnats","7":"product_tag-ohira","8":"product_tag-suita","9":"product_shipping_class-iprastas","11":"first","12":"outofstock","13":"shipping-taxable","14":"purchasable","15":"product-type-simple"},"_links":{"self":[{"href":"https:\/\/jnats.eu\/it\/wp-json\/wp\/v2\/product\/4962","targetHints":{"allow":["GET"]}}],"collection":[{"href":"https:\/\/jnats.eu\/it\/wp-json\/wp\/v2\/product"}],"about":[{"href":"https:\/\/jnats.eu\/it\/wp-json\/wp\/v2\/types\/product"}],"replies":[{"embeddable":true,"href":"https:\/\/jnats.eu\/it\/wp-json\/wp\/v2\/comments?post=4962"}],"wp:featuredmedia":[{"embeddable":true,"href":"https:\/\/jnats.eu\/it\/wp-json\/wp\/v2\/media\/4966"}],"wp:attachment":[{"href":"https:\/\/jnats.eu\/it\/wp-json\/wp\/v2\/media?parent=4962"}],"wp:term":[{"taxonomy":"product_brand","embeddable":true,"href":"https:\/\/jnats.eu\/it\/wp-json\/wp\/v2\/product_brand?post=4962"},{"taxonomy":"product_cat","embeddable":true,"href":"https:\/\/jnats.eu\/it\/wp-json\/wp\/v2\/product_cat?post=4962"},{"taxonomy":"product_tag","embeddable":true,"href":"https:\/\/jnats.eu\/it\/wp-json\/wp\/v2\/product_tag?post=4962"}],"curies":[{"name":"wp","href":"https:\/\/api.w.org\/{rel}","templated":true}]}}