{"id":499,"date":"2024-03-07T11:05:59","date_gmt":"2024-03-07T09:05:59","guid":{"rendered":"http:\/\/jnats.eu\/?post_type=product&#038;p=499"},"modified":"2024-04-09T09:23:42","modified_gmt":"2024-04-09T06:23:42","slug":"rasoio-vintage-joseph-rogers-sons-set-da-7-giorni","status":"publish","type":"product","link":"https:\/\/jnats.eu\/it\/prodotto-2\/rasoio-vintage-joseph-rogers-sons-set-da-7-giorni\/","title":{"rendered":"Joseph Rogers &amp; Sons Set di rasoi d'epoca 7 giorni"},"content":{"rendered":"<p>Joseph Rogers &amp; Sons Coltellinai di Sua Maest\u00e0 Shefield Set di rasoi d'epoca 7 giorni<\/p>\n\n\n\n<figure class=\"wp-block-embed is-type-video is-provider-youtube wp-block-embed-youtube wp-embed-aspect-16-9 wp-has-aspect-ratio\"><div class=\"wp-block-embed__wrapper\">\n<div class=\"video-container\"><iframe title=\"Joseph Rogers &amp; Sons Set di rasoi vintage 7 giorni\" width=\"1170\" height=\"658\" src=\"https:\/\/www.youtube.com\/embed\/fMCv4hhV4Ug?feature=oembed\" frameborder=\"0\" allow=\"accelerometer; autoplay; clipboard-write; encrypted-media; gyroscope; picture-in-picture; web-share\" referrerpolicy=\"strict-origin-when-cross-origin\" allowfullscreen><\/iframe><\/div>\n<\/div><\/figure>\n\n\n\n<p>Provate l'epitome dell'artigianato britannico e dell'eleganza regale con il set di rasoi Joseph Rogers &amp; Sons Vintage Cutlers to Her Majesty Shefield 7-Day. Questo set \u00e8 stato realizzato da stimati artigiani di Sheffield, in Inghilterra, rinomati per il loro ricco patrimonio di precisione nella lavorazione dei metalli e per lo stile senza tempo.<\/p>\n\n\n\n<p>Un patrimonio eccezionale:<br>Ogni rasoio di questo esclusivo set \u00e8 realizzato dai fabbri del Re. Il marchio secolare incarna l'artigianalit\u00e0 e la tradizione in ogni pezzo meticolosamente realizzato.<\/p>\n\n\n\n<p>Qualit\u00e0 reale:<br>Realizzati in acciaio della migliore qualit\u00e0, i rasoi di questo set sono la prova di una qualit\u00e0 superiore e di prestazioni durature. Progettati per una rasatura liscia e confortevole, incarnano la precisione e l'attenzione ai dettagli che contraddistinguono l'artigianato Sheffield.<\/p>\n\n\n\n<p>Fascino d'altri tempi:<br>Vivete il fascino del passato con il design vintage di questi rasoi. Dai manici d'avorio ornati alle lame perfettamente lucidate, ogni rasoio emana fascino e raffinatezza d'altri tempi.<\/p>\n\n\n\n<p>7 giorni di precisione:<br>Migliorate la vostra routine di pulizia con un rasoio pratico per ogni giorno della settimana. Sia che vi stiate preparando per una giornata impegnativa in ufficio o per un weekend rilassante, questo set vi assicura di avere sempre a portata di mano lo strumento perfetto.<\/p>\n\n\n\n<p>Una presentazione regale:<br>Il set di rasoi Joseph Rogers &amp; Sons Vintage Cutlers to Her Majesty Shefield 7-Day, presentato in un'elegante scatola di presentazione, \u00e8 caratterizzato da raffinatezza e lusso. Da esporre con orgoglio sul vostro vanity case o da regalare, incarna l'eleganza senza tempo dell'artigianato britannico.<\/p>\n\n\n\n<p>Migliora la tua esperienza di rasatura:<br>Immergetevi nel lusso di un'epoca passata con il set di rasoi reali. Questi rasoi non sono solo accessori essenziali per la cura del corpo, ma anche un'eredit\u00e0 di perfezione ed esclusivit\u00e0, che assicura che ogni rasatura sia un affare regale.<\/p>","protected":false},"excerpt":{"rendered":"<ul>\n<li>Maniglie in avorio<\/li>\n<li>Non usato (NOS - New old stock)<\/li>\n<li>Buono stato<\/li>\n<li>Segni di corrosione<\/li>\n<li><strong>Un rasoio ha una grande spaccatura, due hanno piccole spaccature<\/strong><\/li>\n<\/ul>","protected":false},"featured_media":1064,"comment_status":"open","ping_status":"closed","template":"","meta":[],"product_brand":[],"product_cat":[23],"product_tag":[118,117,116,119],"class_list":{"0":"post-499","1":"product","2":"type-product","3":"status-publish","4":"has-post-thumbnail","6":"product_cat-razors","7":"product_tag-cutlers","8":"product_tag-joseph-rogers-sons","9":"product_tag-majesty","10":"product_tag-shefield","11":"product_shipping_class-light","13":"first","14":"instock","15":"shipping-taxable","16":"purchasable","17":"product-type-simple"},"_links":{"self":[{"href":"https:\/\/jnats.eu\/it\/wp-json\/wp\/v2\/product\/499","targetHints":{"allow":["GET"]}}],"collection":[{"href":"https:\/\/jnats.eu\/it\/wp-json\/wp\/v2\/product"}],"about":[{"href":"https:\/\/jnats.eu\/it\/wp-json\/wp\/v2\/types\/product"}],"replies":[{"embeddable":true,"href":"https:\/\/jnats.eu\/it\/wp-json\/wp\/v2\/comments?post=499"}],"wp:featuredmedia":[{"embeddable":true,"href":"https:\/\/jnats.eu\/it\/wp-json\/wp\/v2\/media\/1064"}],"wp:attachment":[{"href":"https:\/\/jnats.eu\/it\/wp-json\/wp\/v2\/media?parent=499"}],"wp:term":[{"taxonomy":"product_brand","embeddable":true,"href":"https:\/\/jnats.eu\/it\/wp-json\/wp\/v2\/product_brand?post=499"},{"taxonomy":"product_cat","embeddable":true,"href":"https:\/\/jnats.eu\/it\/wp-json\/wp\/v2\/product_cat?post=499"},{"taxonomy":"product_tag","embeddable":true,"href":"https:\/\/jnats.eu\/it\/wp-json\/wp\/v2\/product_tag?post=499"}],"curies":[{"name":"wp","href":"https:\/\/api.w.org\/{rel}","templated":true}]}}