{"id":5159,"date":"2025-08-26T15:10:01","date_gmt":"2025-08-26T12:10:01","guid":{"rendered":"https:\/\/jnats.eu\/?post_type=product&#038;p=5159"},"modified":"2025-10-20T17:52:29","modified_gmt":"2025-10-20T14:52:29","slug":"iwasaki-kamisori-swedish-steel-naudotas","status":"publish","type":"product","link":"https:\/\/jnats.eu\/it\/prodotto-2\/iwasaki-kamisori-swedish-steel-naudotas\/","title":{"rendered":"Acciaio svedese Iwasaki kamisori (usato, affilato)"},"content":{"rendered":"<figure class=\"wp-block-embed is-type-video is-provider-youtube wp-block-embed-youtube wp-embed-aspect-16-9 wp-has-aspect-ratio\"><div class=\"wp-block-embed__wrapper\">\n<div class=\"video-container\"><iframe title=\"Affilatura dell&#039;iconico Iwasaki Kamisori su una mola Nakayama\" width=\"1170\" height=\"658\" src=\"https:\/\/www.youtube.com\/embed\/TnGyRyTGinA?start=1049&#038;feature=oembed\" frameborder=\"0\" allow=\"accelerometer; autoplay; clipboard-write; encrypted-media; gyroscope; picture-in-picture; web-share\" referrerpolicy=\"strict-origin-when-cross-origin\" allowfullscreen><\/iframe><\/div>\n<\/div><\/figure>\n\n\n\n<p>L'Iwasaki \u00e8 uno dei rasoi pi\u00f9 apprezzati dai collezionisti e dagli appassionati di rasatura tradizionale per la qualit\u00e0 della tempra dell'acciaio e della lavorazione. Il rasoio \u00e8 stato realizzato nel periodo Showa, intorno agli anni Cinquanta. <\/p>\n\n\n\n<p>Come una tradizionale spada da samurai, questo Kamisori \u00e8 stato forgiato a mano da due strati: la parte tagliente \u00e8 in acciaio ricco di carbonio e il fulcro \u00e8 in acciaio inossidabile pi\u00f9 semplice. Lo strato centrale \u00e8 duro per garantire un'affilatura duratura e una rasatura piacevole, mentre il supporto fornisce la flessibilit\u00e0 necessaria.<\/p>\n\n\n\n<p>Entrambi gli strati sono efficaci nel resistere alla corrosione, ma nessun acciaio \u00e8 completamente antiruggine, quindi mantieni sempre il rasoio asciutto e proteggilo con un sottile strato di olio dopo la rasatura.<\/p>","protected":false},"excerpt":{"rendered":"<ul>\n<li>Materiale della lama: acciaio svedese forgiato e temprato a 63 HRC, per mantenere a lungo l'affilatura.<\/li>\n<li>Affilato con Nakayama Kiita + Kanayama strop<\/li>\n<li>Dimensioni della lama circa: 46x17x4,5 mm<\/li>\n<li>L'altro lato del rasoio lavorato grossolanamente da un dilettante<\/li>\n<li>Materiale manico: acciaio forgiato<\/li>\n<li>Lunghezza totale: 151 mm<\/li>\n<li>Peso 35 g<\/li>\n<li>Origine: Giappone<\/li>\n<\/ul>","protected":false},"featured_media":5163,"comment_status":"open","ping_status":"closed","template":"","meta":[],"product_brand":[],"product_cat":[23],"product_tag":[130],"class_list":{"0":"post-5159","1":"product","2":"type-product","3":"status-publish","4":"has-post-thumbnail","6":"product_cat-razors","7":"product_tag-iwasaki","8":"product_shipping_class-light","10":"first","11":"outofstock","12":"shipping-taxable","13":"purchasable","14":"product-type-simple"},"_links":{"self":[{"href":"https:\/\/jnats.eu\/it\/wp-json\/wp\/v2\/product\/5159","targetHints":{"allow":["GET"]}}],"collection":[{"href":"https:\/\/jnats.eu\/it\/wp-json\/wp\/v2\/product"}],"about":[{"href":"https:\/\/jnats.eu\/it\/wp-json\/wp\/v2\/types\/product"}],"replies":[{"embeddable":true,"href":"https:\/\/jnats.eu\/it\/wp-json\/wp\/v2\/comments?post=5159"}],"wp:featuredmedia":[{"embeddable":true,"href":"https:\/\/jnats.eu\/it\/wp-json\/wp\/v2\/media\/5163"}],"wp:attachment":[{"href":"https:\/\/jnats.eu\/it\/wp-json\/wp\/v2\/media?parent=5159"}],"wp:term":[{"taxonomy":"product_brand","embeddable":true,"href":"https:\/\/jnats.eu\/it\/wp-json\/wp\/v2\/product_brand?post=5159"},{"taxonomy":"product_cat","embeddable":true,"href":"https:\/\/jnats.eu\/it\/wp-json\/wp\/v2\/product_cat?post=5159"},{"taxonomy":"product_tag","embeddable":true,"href":"https:\/\/jnats.eu\/it\/wp-json\/wp\/v2\/product_tag?post=5159"}],"curies":[{"name":"wp","href":"https:\/\/api.w.org\/{rel}","templated":true}]}}