{"id":5204,"date":"2025-09-12T11:07:37","date_gmt":"2025-09-12T08:07:37","guid":{"rendered":"https:\/\/jnats.eu\/?post_type=product&#038;p=5204"},"modified":"2025-09-16T13:13:04","modified_gmt":"2025-09-16T10:13:04","slug":"peiliu-rinkinys-suncraft-elegancia-3-vnt-sefo-peilis-20-cm-universalus-peilis-15-cm-universalus-peilis-10-cm-ksk-set3","status":"publish","type":"product","link":"https:\/\/jnats.eu\/it\/prodotto-2\/peiliu-rinkinys-suncraft-elegancia-3-vnt-sefo-peilis-20-cm-universalus-peilis-15-cm-universalus-peilis-10-cm-ksk-set3\/","title":{"rendered":"Set di coltelli Suncraft Elegancia, 3 pezzi, coltello da chef 20 cm + coltello multiuso 15 cm, coltello multiuso 10 cm, KSK-SET3"},"content":{"rendered":"<p><strong>KSK-SET3 Set di coltelli Suncraft Elegancia, 3 pezzi, Coltello da cuoco 20 cm, Coltello multiuso 15 cm, Coltello multiuso 10 cm, KSK-SET3, acciaio in polvere SG2<\/strong><\/p>\n\n\n\n<p>Questo coltello in acciaio\u00a0<strong>\"Eleganza\"<\/strong>\u00a0Il set \u00e8 il regalo perfetto per chi ama cucinare. L'arte giapponese, la qualit\u00e0 impeccabile e l'eleganza impressioneranno anche lo chef pi\u00f9 esigente.<\/p>\n\n\n\n<p><strong>Il set comprende:<\/strong><\/p>\n\n\n\n<p>- Coltello da chef \"Elegancia Chef\", 20 cm.<\/p>\n\n\n\n<p>- Coltello multiuso \"Elegancia Petty\", 15 cm.<\/p>\n\n\n\n<p>- Coltello multiuso \"Elegancia Paring\", 10 cm.<\/p>\n\n\n\n<p>Coltelli giapponesi robusti, molto affilati e pesanti&nbsp;<strong>Suncraft \"Elegance<\/strong>&nbsp;in acciaio giapponese SG2 verniciato a polvere, dal design accattivante e di alta qualit\u00e0. Le punte e i bordi dei coltelli sono affusolati fino all'estremit\u00e0, conferendo a questi coltelli versatilit\u00e0 e potenza di taglio. Il manico \u00e8 in legno duro, impermeabile e completamente inodore. Potete essere certi che il manico in legno duro non si ossida e non si ammorbidisce, e non ha bisogno delle cure supplementari che richiede il legno comune.<\/p>\n\n\n\n<p>- Coltello da chef&nbsp;<strong>\"Elegancia Chef\"<\/strong>&nbsp;Il suo design curvo lo rende ideale non solo per tagliare la carne, ma anche per sminuzzare erbe, verdure o persino noci. La lama lunga e l'impugnatura in stile occidentale consentono un controllo totale durante il taglio. Arte giapponese, precisione e nuove tecnologie rendono questo coltello unico e inimitabile.<\/p>\n\n\n\n<p>- Tagliare o pulire carne, frutta o verdura con il coltello giapponese universale&nbsp;<strong>\"Eleganza Petty\"<\/strong>&nbsp;sar\u00e0 uno scherzo.<\/p>\n\n\n\n<p>- \"<strong>Eleganza di taglio\".&nbsp;<\/strong>\u00e8 un'ottima alternativa al coltello da chef. Il coltello \u00e8 piccolo ma perfetto per tritare piccole verdure, sbucciare la frutta o anche affettare la carne, e i bordi curvi del coltello assicurano una scorrevolezza impeccabile.<\/p>\n\n\n\n<p><strong>Caratteristiche dei coltelli Suncraft Elegancia in acciaio verniciato:<\/strong><\/p>\n\n\n\n<p>- In acciaio inox giapponese SG2 verniciato a polvere;<\/p>\n\n\n\n<p>- Durezza del nucleo - R63 +\/- 1;<\/p>\n\n\n\n<p>- Dimensioni (coltello da chef): lunghezza della lama - 20 cm, lunghezza totale - 34 cm.<\/p>\n\n\n\n<p>- Dimensioni (coltellino): lunghezza lama 15 cm, lunghezza totale 26 cm.<\/p>\n\n\n\n<p>- Dimensioni (coltello multiuso): lunghezza della lama - 10 cm.<\/p>\n\n\n\n<p>- Peso (coltello da chef): 197 g.<\/p>\n\n\n\n<p>- Peso (coltello universale): 104 g.<\/p>\n\n\n\n<p>- Prodotto in Giappone.<\/p>\n\n\n\n<p>- Non lavabile in lavastoviglie.<\/p>","protected":false},"excerpt":{"rendered":"<p>Il set comprende:<\/p>\n<p>- Coltello da chef \"Elegancia Chef\", 20 cm.<\/p>\n<p>- Coltello multiuso \"Elegancia Petty\", 15 cm.<\/p>\n<p>- Coltello multiuso \"Elegancia Paring\", 10 cm.<\/p>","protected":false},"featured_media":5210,"comment_status":"open","ping_status":"closed","template":"","meta":[],"product_brand":[],"product_cat":[24],"product_tag":[76,103],"class_list":{"0":"post-5204","1":"product","2":"type-product","3":"status-publish","4":"has-post-thumbnail","6":"product_cat-knifes","7":"product_tag-peilis","8":"product_tag-suncraft","9":"product_shipping_class-iprastas","11":"first","12":"instock","13":"shipping-taxable","14":"purchasable","15":"product-type-simple"},"_links":{"self":[{"href":"https:\/\/jnats.eu\/it\/wp-json\/wp\/v2\/product\/5204","targetHints":{"allow":["GET"]}}],"collection":[{"href":"https:\/\/jnats.eu\/it\/wp-json\/wp\/v2\/product"}],"about":[{"href":"https:\/\/jnats.eu\/it\/wp-json\/wp\/v2\/types\/product"}],"replies":[{"embeddable":true,"href":"https:\/\/jnats.eu\/it\/wp-json\/wp\/v2\/comments?post=5204"}],"wp:featuredmedia":[{"embeddable":true,"href":"https:\/\/jnats.eu\/it\/wp-json\/wp\/v2\/media\/5210"}],"wp:attachment":[{"href":"https:\/\/jnats.eu\/it\/wp-json\/wp\/v2\/media?parent=5204"}],"wp:term":[{"taxonomy":"product_brand","embeddable":true,"href":"https:\/\/jnats.eu\/it\/wp-json\/wp\/v2\/product_brand?post=5204"},{"taxonomy":"product_cat","embeddable":true,"href":"https:\/\/jnats.eu\/it\/wp-json\/wp\/v2\/product_cat?post=5204"},{"taxonomy":"product_tag","embeddable":true,"href":"https:\/\/jnats.eu\/it\/wp-json\/wp\/v2\/product_tag?post=5204"}],"curies":[{"name":"wp","href":"https:\/\/api.w.org\/{rel}","templated":true}]}}