{"id":53,"date":"2024-02-15T12:17:41","date_gmt":"2024-02-15T10:17:41","guid":{"rendered":"http:\/\/jnats.eu\/?post_type=product&#038;p=53"},"modified":"2026-01-08T23:49:56","modified_gmt":"2026-01-08T21:49:56","slug":"nos-vintage-japanese-razor-kamisori-tamahagane-eisho-%e7%8e%89%e9%8b%bc-%e6%b0%b8%e6%ad%a3","status":"publish","type":"product","link":"https:\/\/jnats.eu\/it\/prodotto-2\/nos-vintage-japanese-razor-kamisori-tamahagane-eisho-%e7%8e%89%e9%8b%bc-%e6%b0%b8%e6%ad%a3\/","title":{"rendered":"NOS rasoio giapponese d'epoca Kamisori Tamahagane Eisho \u7389\u92fc \u6c38\u6b63"},"content":{"rendered":"<p>NOS (New old stock) Rasoio giapponese Kamisori Tamahagane Eisho \u7389\u92fc \u6c38\u6b63.<\/p>\n\n\n\n<p>Sono presenti tracce del tempo e della ruggine. Guarda attentamente le foto e i video.<\/p>\n\n\n\n<p>Il rasoio \u00e8 stato realizzato nel periodo Showa, all&#039;incirca negli anni &#039;50. Ha una lunghezza di 14,2 cm, larghezza di 1,4 cm, lunghezza del tagliente di 3,6 cm, 4 mm di spessore e un peso di 37,0 g. Un kamisori di medie dimensioni con un peso leggero. <\/p>\n\n\n\n<p>Simile alla tradizionale spada samurai, questa Kamisori \u00e8 stata forgiata a mano da 2 strati, la parte tagliente \u00e8 realizzata in acciaio ad alto tenore di carbonio e lo strato di supporto in ferro. La cosa speciale di questa Kamisori \u00e8 che l&#039;acciaio \u00e8 vero Tamahagane. Il Tamahagane \u00e8 l&#039;acciaio tradizionale prodotto in Giappone da secoli. Poich\u00e9 il Giappone non ha grandi risorse di minerale di ferro, l&#039;acciaio viene prodotto manualmente dalla sabbia ferrosa in un processo che dura diversi giorni. Era la fonte principale di tutte le spade dei samurai. Lo strato di Acciaio \u00e8 fragile e duro, mentre il Ferro conferisce la giusta flessibilit\u00e0. <\/p>\n\n\n\n<p>Entrambi gli strati non sono inossidabili, quindi mantieni sempre il rasoio asciutto dopo la rasatura e proteggilo con un sottile strato di olio. Perch\u00e9 questa lama non \u00e8 inossidabile? Le lame inossidabili sono realizzate con una lega che impedisce loro di macchiarsi, ma le rende anche meno dure. Gli acciai ad alto tenore di carbonio, come lo strato tagliente di questo Kamisori, hanno una durezza molto pi\u00f9 elevata e manterranno la loro qualit\u00e0 di rasatura liscia per molto pi\u00f9 tempo prima di doverli affilare nuovamente, specialmente questo strato Tamahagane!<\/p>\n\n\n\n<p>L&#039;acciaio Tamahagane \u7389\u92fc, un materiale leggendario e venerato nel regno della tradizionale produzione di spade giapponesi, occupa un posto speciale nel cuore sia degli artigiani che degli appassionati. Rinomato per la sua eccezionale qualit\u00e0 e il meticoloso processo della sua creazione, l&#039;acciaio Tamahagane incarna la perfetta combinazione di arte, tradizione e funzionalit\u00e0. In questo articolo approfondiremo le origini, il processo di produzione e il significato dell&#039;acciaio Tamahagane nella cultura giapponese.<\/p>\n\n\n\n<figure class=\"wp-block-embed is-type-video is-provider-youtube wp-block-embed-youtube wp-embed-aspect-16-9 wp-has-aspect-ratio\"><div class=\"wp-block-embed__wrapper\">\n<div class=\"video-container\"><iframe title=\"Mai usato \u2606 Rasoio giapponese \u2606 Tamahagane Eisho\" width=\"1170\" height=\"658\" src=\"https:\/\/www.youtube.com\/embed\/9HariQcWgsI?feature=oembed\" frameborder=\"0\" allow=\"accelerometer; autoplay; clipboard-write; encrypted-media; gyroscope; picture-in-picture; web-share\" allowfullscreen><\/iframe><\/div>\n<\/div><\/figure>","protected":false},"excerpt":{"rendered":"<p>Rasoio giapponese NOS (New old Stock) Kamisori Tamahagane Eisho \u7389\u92fc \u6c38\u6b63.<\/p>\n<p>Il rasoio \u00e8 stato realizzato nel periodo Showa, all&#039;incirca negli anni &#039;50. Ha una lunghezza di 14,2 cm, larghezza di 1,4 cm, lunghezza del tagliente di 3,6 cm, 4 mm di spessore e un peso di 37,0 g. Un kamisori di medie dimensioni con un peso leggero.<\/p>\n<p>&nbsp;<\/p>","protected":false},"featured_media":1108,"comment_status":"open","ping_status":"closed","template":"","meta":[],"product_brand":[],"product_cat":[23],"product_tag":[27,25,26],"class_list":{"0":"post-53","1":"product","2":"type-product","3":"status-publish","4":"has-post-thumbnail","6":"product_cat-razors","7":"product_tag-eisho","8":"product_tag-kamisori","9":"product_tag-tamahagane","10":"product_shipping_class-light","12":"first","13":"instock","14":"sale","15":"sold-individually","16":"shipping-taxable","17":"purchasable","18":"product-type-variable"},"_links":{"self":[{"href":"https:\/\/jnats.eu\/it\/wp-json\/wp\/v2\/product\/53","targetHints":{"allow":["GET"]}}],"collection":[{"href":"https:\/\/jnats.eu\/it\/wp-json\/wp\/v2\/product"}],"about":[{"href":"https:\/\/jnats.eu\/it\/wp-json\/wp\/v2\/types\/product"}],"replies":[{"embeddable":true,"href":"https:\/\/jnats.eu\/it\/wp-json\/wp\/v2\/comments?post=53"}],"wp:featuredmedia":[{"embeddable":true,"href":"https:\/\/jnats.eu\/it\/wp-json\/wp\/v2\/media\/1108"}],"wp:attachment":[{"href":"https:\/\/jnats.eu\/it\/wp-json\/wp\/v2\/media?parent=53"}],"wp:term":[{"taxonomy":"product_brand","embeddable":true,"href":"https:\/\/jnats.eu\/it\/wp-json\/wp\/v2\/product_brand?post=53"},{"taxonomy":"product_cat","embeddable":true,"href":"https:\/\/jnats.eu\/it\/wp-json\/wp\/v2\/product_cat?post=53"},{"taxonomy":"product_tag","embeddable":true,"href":"https:\/\/jnats.eu\/it\/wp-json\/wp\/v2\/product_tag?post=53"}],"curies":[{"name":"wp","href":"https:\/\/api.w.org\/{rel}","templated":true}]}}