{"id":5329,"date":"2025-10-08T11:45:20","date_gmt":"2025-10-08T08:45:20","guid":{"rendered":"https:\/\/jnats.eu\/?post_type=product&#038;p=5329"},"modified":"2025-11-23T10:59:32","modified_gmt":"2025-11-23T08:59:32","slug":"ohira-uchigumori-naturalus-japoniskas-galandinimo-akmuo-%e5%86%85%e6%9b%87%e7%a0%a5","status":"publish","type":"product","link":"https:\/\/jnats.eu\/it\/prodotto-2\/ohira-uchigumori-naturalus-japoniskas-galandinimo-akmuo-%e5%86%85%e6%9b%87%e7%a0%a5\/","title":{"rendered":"Ohira Uchigumori - pietra giapponese naturale per affilare (\u5185\u66c7\u7825)"},"content":{"rendered":"<p>Alta qualit\u00e0 <strong>Uchigumori Naturale Giapponese<\/strong> una pietra estratta dalla famosa <strong>Ohira<\/strong> cava di Kyoto, in Giappone. Queste pietre sono tradizionalmente utilizzate <strong>finitura finale e lucidatura delle lame<\/strong>, in particolare per i coltelli forgiati giapponesi, le spade e gli utensili di alta gamma.<\/p>\n\n\n\n<figure class=\"wp-block-embed is-type-video is-provider-youtube wp-block-embed-youtube wp-embed-aspect-16-9 wp-has-aspect-ratio\"><div class=\"wp-block-embed__wrapper\">\n<div class=\"video-container\"><iframe title=\"Pietra Ohira Uchigumori - Leggendaria pietra da taglio giapponese da finitura\" width=\"1170\" height=\"658\" src=\"https:\/\/www.youtube.com\/embed\/TtPEvr_U_To?feature=oembed\" frameborder=\"0\" allow=\"accelerometer; autoplay; clipboard-write; encrypted-media; gyroscope; picture-in-picture; web-share\" referrerpolicy=\"strict-origin-when-cross-origin\" allowfullscreen><\/iframe><\/div>\n<\/div><\/figure>\n\n\n\n<p>\"Le pietre di Uchigumori sono famose per i loro <strong>una delicata sensazione di macinatura<\/strong> e la capacit\u00e0 di creare un'unica <strong>kasumi (nebbia)<\/strong> o <strong>contrasto sfocato<\/strong> tra l'acciaio pi\u00f9 duro della lama e il lato pi\u00f9 morbido, molto apprezzato dagli artigiani professionisti e dagli appassionati di coltelli.<\/p>\n\n\n\n<hr class=\"wp-block-separator has-alpha-channel-opacity\"\/>\n\n\n\n<p><strong>Caratteristiche:<\/strong><\/p>\n\n\n\n<ul class=\"wp-block-list\">\n<li>\ud83c\uddef\ud83c\uddf5 <strong>Origine:<\/strong> Ohira, Prefettura di Kyoto, Giappone<\/li>\n\n\n\n<li>\ud83e\udea8 <strong>Tipo:<\/strong> Pietra d'acqua naturale giapponese (Uchigumori - \u5185\u66c7\u7825)<\/li>\n\n\n\n<li>\ud83c\udf3f <strong>Utilizzi:<\/strong> Lucidatura finale (pietra di finitura)<\/li>\n\n\n\n<li>\u2728 <strong>Ruvidit\u00e0:<\/strong> Circa 6000-8000+ (naturale, non standardizzato)<\/li>\n\n\n\n<li>\ud83e\uddf1 <strong>Durezza:<\/strong> Da medio a morbido (a seconda del pezzo)<\/li>\n\n\n\n<li>\ud83d\udca7 Usare solo con acqua, senza olio<\/li>\n<\/ul>\n\n\n\n<hr class=\"wp-block-separator has-alpha-channel-opacity\"\/>\n\n\n\n<p><strong>Caratteristiche:<\/strong><\/p>\n\n\n\n<ul class=\"wp-block-list\">\n<li>Crea un classico <strong>effetto kasumi<\/strong> su una lama giapponese<\/li>\n\n\n\n<li>Sensazione di affilatura molto morbida, abrasione controllata<\/li>\n\n\n\n<li>Adatto sia ai professionisti che ai collezionisti che cercano un'autentica finitura giapponese<\/li>\n\n\n\n<li>Ogni pietra \u00e8 <strong>un pezzo unico<\/strong>con una texture e una struttura distintive<\/li>\n<\/ul>\n\n\n\n<hr class=\"wp-block-separator has-alpha-channel-opacity\"\/>\n\n\n\n<p>\ud83d\udcdd <strong>Osservazione:<\/strong> Le pietre Uchigumori sono spesso utilizzate in combinazione con il nagura (una pietra ausiliaria pi\u00f9 fine) per formare uno strato di fango che migliora l'effetto di lucidatura. Grazie alla loro natura naturale, possono essere <strong>piccole crepe, stratificazioni o inclusioni naturali<\/strong>non influisce sull'uso.<\/p>","protected":false},"excerpt":{"rendered":"<ul>\n<li>Adatto per la lucidatura di coltelli e altri utensili e per l'affilatura<\/li>\n<li>Dimensioni e peso approssimativi:<\/li>\n<li>1: 205x60x56 mm. 1750 g.<\/li>\n<li>2: 204x75x45 mm. 1810 g.<\/li>\n<li>3: 208x71x57 mm. 2170 g.<\/li>\n<li>Durezza: Lv 4. Molto pi\u00f9 duro del classico Ohira Uchigumori, ricorda molto gli analoghi di Mizukihara.<\/li>\n<li>La superficie non \u00e8 completamente liscia, solo una parte \u00e8 pronta per l'uso. Se lo desiderate, possiamo levigare l'intera superficie, ma questo ridurr\u00e0 il peso di qualche decina di grammi.<\/li>\n<li><strong>Il pi\u00f9 piccolo ha una linea \"tossica\".<\/strong><\/li>\n<\/ul>","protected":false},"featured_media":5330,"comment_status":"open","ping_status":"closed","template":"","meta":[],"product_brand":[],"product_cat":[22],"product_tag":[47,193],"class_list":{"0":"post-5329","1":"product","2":"type-product","3":"status-publish","4":"has-post-thumbnail","6":"product_cat-jnats","7":"product_tag-ohira","8":"product_tag-uchigumori","9":"product_shipping_class-iprastas","11":"first","12":"instock","13":"shipping-taxable","14":"purchasable","15":"product-type-variable"},"_links":{"self":[{"href":"https:\/\/jnats.eu\/it\/wp-json\/wp\/v2\/product\/5329","targetHints":{"allow":["GET"]}}],"collection":[{"href":"https:\/\/jnats.eu\/it\/wp-json\/wp\/v2\/product"}],"about":[{"href":"https:\/\/jnats.eu\/it\/wp-json\/wp\/v2\/types\/product"}],"replies":[{"embeddable":true,"href":"https:\/\/jnats.eu\/it\/wp-json\/wp\/v2\/comments?post=5329"}],"wp:featuredmedia":[{"embeddable":true,"href":"https:\/\/jnats.eu\/it\/wp-json\/wp\/v2\/media\/5330"}],"wp:attachment":[{"href":"https:\/\/jnats.eu\/it\/wp-json\/wp\/v2\/media?parent=5329"}],"wp:term":[{"taxonomy":"product_brand","embeddable":true,"href":"https:\/\/jnats.eu\/it\/wp-json\/wp\/v2\/product_brand?post=5329"},{"taxonomy":"product_cat","embeddable":true,"href":"https:\/\/jnats.eu\/it\/wp-json\/wp\/v2\/product_cat?post=5329"},{"taxonomy":"product_tag","embeddable":true,"href":"https:\/\/jnats.eu\/it\/wp-json\/wp\/v2\/product_tag?post=5329"}],"curies":[{"name":"wp","href":"https:\/\/api.w.org\/{rel}","templated":true}]}}