{"id":5715,"date":"2026-02-03T12:44:39","date_gmt":"2026-02-03T10:44:39","guid":{"rendered":"https:\/\/jnats.eu\/?post_type=product&#038;p=5715"},"modified":"2026-02-17T11:07:57","modified_gmt":"2026-02-17T09:07:57","slug":"dorko-solingen-no-3739-85-solingen-172-de-luxe-vintaziniai-vokiski-skustuvai-nos","status":"publish","type":"product","link":"https:\/\/jnats.eu\/it\/prodotto-2\/dorko-solingen-no-3739-85-solingen-172-de-luxe-vintaziniai-vokiski-skustuvai-nos\/","title":{"rendered":"Dorko Solingen No. 3739\/85 Solingen 172 De Luxe - rasoi tedeschi vintage (NOS)"},"content":{"rendered":"<figure class=\"wp-block-embed is-type-video is-provider-youtube wp-block-embed-youtube wp-embed-aspect-9-16 wp-has-aspect-ratio\"><div class=\"wp-block-embed__wrapper\">\n<div class=\"video-container\"><iframe title=\"Rasoi DORKO Solingen d&#039;epoca - NOS De Luxe (1950)\" width=\"563\" height=\"1000\" src=\"https:\/\/www.youtube.com\/embed\/ZNubipgIW04?feature=oembed\" frameborder=\"0\" allow=\"accelerometer; autoplay; clipboard-write; encrypted-media; gyroscope; picture-in-picture; web-share\" referrerpolicy=\"strict-origin-when-cross-origin\" allowfullscreen><\/iframe><\/div>\n<\/div><\/figure>\n\n\n\n<p>N<strong>usato d'epoca (NOS - New Old Stock)<\/strong> Rasoi tedeschi <strong>Dorko Solingen n. 3739\/85 in acciaio inox<\/strong> e <strong>Solingen 172 De Luxe<\/strong>, prodotto <strong>a met\u00e0 del secolo scorso<\/strong>, nella leggendaria regione di Solingen.<\/p>\n\n\n\n<p>Anche se i rasoi di questo marchio vengono prodotti ancora oggi, <strong>Le Dorcas d'epoca sono nettamente superiori alle loro controparti moderne in termini di qualit\u00e0 del trattamento termico e meccanico.<\/strong>. Sono prodotti di un periodo in cui l'attenzione era rivolta alla durata e alla precisione artigianale.<\/p>\n\n\n\n<p>I manici sono in plastica sintetica vintage di alta qualit\u00e0 (bachelite \/ stile avorio) utilizzata dagli artigiani di Solingen a met\u00e0 del XX secolo. Stabili, senza crepe o deformazioni, con emblemi originali Dorko.<\/p>\n\n\n\n<p>I rasoi hanno <strong>segni naturali del tempo<\/strong>, tipico della condizione NOS, tuttavia:<\/p>\n\n\n\n<ul class=\"wp-block-list\">\n<li><strong>la lama \u00e8 completamente intatta<\/strong>,<\/li>\n\n\n\n<li><strong>L'affilatura e l'utilizzo non saranno un problema<\/strong>,<\/li>\n\n\n\n<li><strong>meccanica e geometria in perfette condizioni<\/strong>.<\/li>\n<\/ul>\n\n\n\n<p>La scelta perfetta per entrambi <strong>da utilizzare presso<\/strong>, entrambi <strong>per la raccolta<\/strong>.<\/p>\n\n\n\n<p>Raccomandiamo <strong>esaminare attentamente le foto e il video<\/strong>, che sono una parte importante della descrizione del prodotto.<\/p>\n\n\n\n<h3 class=\"wp-block-heading\">Dati tecnici:<\/h3>\n\n\n\n<ul class=\"wp-block-list\">\n<li><strong>Dimensioni della lama:<\/strong> 75 \u00d7 20 \u00d7 5 mm<\/li>\n\n\n\n<li><strong>Peso:<\/strong>\n<ul class=\"wp-block-list\">\n<li>52 g - con <strong>con un fondo di iscrizione dorato<\/strong><\/li>\n\n\n\n<li>50 g - versione standard<\/li>\n<\/ul>\n<\/li>\n<\/ul>","protected":false},"excerpt":{"rendered":"<p>Rasoi tedeschi NOS (New old stock) vintage non usati Dorko Solingen n. 3739\/85 Stainless-Inox Solingen 172 De Luxe. Prodotto a met\u00e0 del secolo scorso. Ancora prodotti con questo marchio, ma inferiori a quelli d'epoca per qualit\u00e0 del trattamento termico e meccanico. I manici sono in plastica sintetica vintage di alta qualit\u00e0 (bachelite\/avorio) utilizzata dagli artigiani di Solingen a met\u00e0 del XX secolo. Stabili, senza crepe o deformazioni, con emblemi originali Dorko. Ci sono segni del tempo, ma tutte le lame sono completamente intatte, quindi l'affilatura e l'uso non saranno un problema. La meccanica e la geometria sono perfette. Si prega di guardare attentamente le foto e il video.<\/p>\n<ol>\n<li>Dimensioni della lama 75x20x5 mm. Peso 52 g. (Fondo dorato)<\/li>\n<li>Dimensioni della lama 75x20x5 mm. Peso 50 g.<\/li>\n<\/ol>\n<p><strong>Se l'articolo non viene visualizzato nell'elenco a discesa, significa che \u00e8 stato venduto.\u00a0<\/strong><\/p>","protected":false},"featured_media":5749,"comment_status":"closed","ping_status":"closed","template":"","meta":[],"product_brand":[],"product_cat":[23],"product_tag":[379,55],"class_list":{"0":"post-5715","1":"product","2":"type-product","3":"status-publish","4":"has-post-thumbnail","6":"product_cat-razors","7":"product_tag-dorko","8":"product_tag-nos","9":"product_shipping_class-light","11":"first","12":"instock","13":"shipping-taxable","14":"purchasable","15":"product-type-variable"},"_links":{"self":[{"href":"https:\/\/jnats.eu\/it\/wp-json\/wp\/v2\/product\/5715","targetHints":{"allow":["GET"]}}],"collection":[{"href":"https:\/\/jnats.eu\/it\/wp-json\/wp\/v2\/product"}],"about":[{"href":"https:\/\/jnats.eu\/it\/wp-json\/wp\/v2\/types\/product"}],"replies":[{"embeddable":true,"href":"https:\/\/jnats.eu\/it\/wp-json\/wp\/v2\/comments?post=5715"}],"wp:featuredmedia":[{"embeddable":true,"href":"https:\/\/jnats.eu\/it\/wp-json\/wp\/v2\/media\/5749"}],"wp:attachment":[{"href":"https:\/\/jnats.eu\/it\/wp-json\/wp\/v2\/media?parent=5715"}],"wp:term":[{"taxonomy":"product_brand","embeddable":true,"href":"https:\/\/jnats.eu\/it\/wp-json\/wp\/v2\/product_brand?post=5715"},{"taxonomy":"product_cat","embeddable":true,"href":"https:\/\/jnats.eu\/it\/wp-json\/wp\/v2\/product_cat?post=5715"},{"taxonomy":"product_tag","embeddable":true,"href":"https:\/\/jnats.eu\/it\/wp-json\/wp\/v2\/product_tag?post=5715"}],"curies":[{"name":"wp","href":"https:\/\/api.w.org\/{rel}","templated":true}]}}