{"id":5833,"date":"2026-03-17T08:50:06","date_gmt":"2026-03-17T06:50:06","guid":{"rendered":"https:\/\/jnats.eu\/?post_type=product&#038;p=5833"},"modified":"2026-03-17T08:51:20","modified_gmt":"2026-03-17T06:51:20","slug":"autentiskas-japoniskas-naturalus-galandimo-akmuo-8-sluoksniu-awasedo-%e5%85%ab%e5%b1%a4%e5%90%88%e7%a0%a5","status":"publish","type":"product","link":"https:\/\/jnats.eu\/it\/prodotto-2\/autentiskas-japoniskas-naturalus-galandimo-akmuo-8-sluoksniu-awasedo-%e5%85%ab%e5%b1%a4%e5%90%88%e7%a0%a5\/","title":{"rendered":"Autentica pietra naturale giapponese per affilare - 8 strati Awasedo (\u516b\u5c64\u5408\u7825)"},"content":{"rendered":"<figure class=\"wp-block-embed is-type-video is-provider-youtube wp-block-embed-youtube wp-embed-aspect-16-9 wp-has-aspect-ratio\"><div class=\"wp-block-embed__wrapper\">\n<div class=\"video-container\"><iframe title=\"Affilatura di coltelli su JNATS - Suita, Karasu e pietre naturali giapponesi a 8 strati (test 14C28N)\" width=\"1170\" height=\"658\" src=\"https:\/\/www.youtube.com\/embed\/kSozhQunC4k?start=364&#038;feature=oembed\" frameborder=\"0\" allow=\"accelerometer; autoplay; clipboard-write; encrypted-media; gyroscope; picture-in-picture; web-share\" referrerpolicy=\"strict-origin-when-cross-origin\" allowfullscreen><\/iframe><\/div>\n<\/div><\/figure>\n\n\n\n<p>Una pietra da finitura naturale unica, selezionata a mano e proveniente dal Giappone, con un'eccezionale struttura multistrato (8 strati naturali). Questa struttura geologica conferisce alla pietra le sue propriet\u00e0 speciali: stabilit\u00e0, uniformit\u00e0 di abrasione e una finitura di altissima qualit\u00e0.<\/p>\n\n\n\n<h3 class=\"wp-block-heading\">Caratteristiche principali:<\/h3>\n\n\n\n<ul class=\"wp-block-list\">\n<li><strong>Tipo:<\/strong> Awasedo (pietra di finitura)<\/li>\n\n\n\n<li><strong>Struttura:<\/strong> 8 strati naturali<\/li>\n\n\n\n<li><strong>Durezza:<\/strong> medio-duro (adatto sia con che senza nagura)<\/li>\n\n\n\n<li><strong>Lavoro:<\/strong> pulito, controllato, genera una sospensione fine e uniforme<\/li>\n\n\n\n<li><strong>Finitura:<\/strong> abbastanza piccolo, ideale per coltelli e altri utensili di alta gamma<\/li>\n<\/ul>\n\n\n\n<h3 class=\"wp-block-heading\">Esclusivit\u00e0:<\/h3>\n\n\n\n<ul class=\"wp-block-list\">\n<li>La struttura multistrato consente di modificare leggermente la sensazione del lavoro, passando da un contatto pi\u00f9 morbido a uno pi\u00f9 aggressivo a seconda della pressione e del contenuto d'acqua.<\/li>\n\n\n\n<li>Risultati stabili e prevedibili - perfetti per i professionisti<\/li>\n\n\n\n<li>Esteticamente raffinato - con calligrafia tradizionale (versi classici cinesi)<\/li>\n<\/ul>\n\n\n\n<p>Sulla pietra \u00e8 incisa una poesia classica cinese (spesso presente sulle pietre naturali giapponesi):<\/p>\n\n\n\n<p><strong>\u539f\u6587 (cinese):<\/strong><br>\u6625\u7720\u4e0d\u89c9\u6653<br>\u5904\u5904\u95fb\u557c\u9e1f<br>\u591c\u6765\u98ce\u96e8\u58f0<br>\u82b1\u843d\u77e5\u591a\u5c11<\/p>\n\n\n\n<p><strong>Traduzione in lituano:<\/strong><br>Dormo in primavera - non sento l'alba,<br>Sento il canto degli uccelli ovunque.<br>Di notte c'era vento e pioggia,<br>Quanti fiori sono caduti - chi pu\u00f2 contare?<\/p>\n\n\n\n<h3 class=\"wp-block-heading\">Note:<\/h3>\n\n\n\n<p>Non si tratta di una pietra prodotta in serie: ogni esemplare \u00e8 unico per stratificazione, colori e carattere della lavorazione.<\/p>","protected":false},"excerpt":{"rendered":"<ul>\n<li>Adatto per la finitura di coltelli, forbici, attrezzi da falegnameria e altri utensili.<\/li>\n<li>Dimensioni: 220x87x62 mm<\/li>\n<li>Peso: 2695 g<\/li>\n<li>Durezza: Lv 4,8<\/li>\n<li>La superficie \u00e8 liscia e pronta per il lavoro<\/li>\n<li>Fianchi e parte inferiore rivestiti di vernice<\/li>\n<li>Si consiglia di lavorare con acqua calda, poich\u00e9 l'acqua fredda compromette la velocit\u00e0 e la risposta.<\/li>\n<\/ul>","protected":false},"featured_media":5836,"comment_status":"closed","ping_status":"closed","template":"","meta":[],"product_brand":[],"product_cat":[22],"product_tag":[40],"class_list":{"0":"post-5833","1":"product","2":"type-product","3":"status-publish","4":"has-post-thumbnail","6":"product_cat-jnats","7":"product_tag-awasedo","8":"product_shipping_class-iprastas","10":"first","11":"instock","12":"shipping-taxable","13":"purchasable","14":"product-type-simple"},"_links":{"self":[{"href":"https:\/\/jnats.eu\/it\/wp-json\/wp\/v2\/product\/5833","targetHints":{"allow":["GET"]}}],"collection":[{"href":"https:\/\/jnats.eu\/it\/wp-json\/wp\/v2\/product"}],"about":[{"href":"https:\/\/jnats.eu\/it\/wp-json\/wp\/v2\/types\/product"}],"replies":[{"embeddable":true,"href":"https:\/\/jnats.eu\/it\/wp-json\/wp\/v2\/comments?post=5833"}],"wp:featuredmedia":[{"embeddable":true,"href":"https:\/\/jnats.eu\/it\/wp-json\/wp\/v2\/media\/5836"}],"wp:attachment":[{"href":"https:\/\/jnats.eu\/it\/wp-json\/wp\/v2\/media?parent=5833"}],"wp:term":[{"taxonomy":"product_brand","embeddable":true,"href":"https:\/\/jnats.eu\/it\/wp-json\/wp\/v2\/product_brand?post=5833"},{"taxonomy":"product_cat","embeddable":true,"href":"https:\/\/jnats.eu\/it\/wp-json\/wp\/v2\/product_cat?post=5833"},{"taxonomy":"product_tag","embeddable":true,"href":"https:\/\/jnats.eu\/it\/wp-json\/wp\/v2\/product_tag?post=5833"}],"curies":[{"name":"wp","href":"https:\/\/api.w.org\/{rel}","templated":true}]}}