{"id":5861,"date":"2025-03-19T09:11:00","date_gmt":"2025-03-19T07:11:00","guid":{"rendered":"https:\/\/jnats.eu\/?post_type=product&#038;p=5861"},"modified":"2026-03-19T11:17:54","modified_gmt":"2026-03-19T09:17:54","slug":"stiga-carbonado-90-78-g-penhold","status":"publish","type":"product","link":"https:\/\/jnats.eu\/it\/prodotto-2\/stiga-carbonado-90-78-g-penhold\/","title":{"rendered":"Stiga Carbonado 90 (78 g, Penhold)"},"content":{"rendered":"<figure class=\"wp-block-embed is-type-video is-provider-youtube wp-block-embed-youtube wp-embed-aspect-9-16 wp-has-aspect-ratio\"><div class=\"wp-block-embed__wrapper\">\n<div class=\"video-container\"><iframe title=\"Stiga Carbonado 90 Penhold\" width=\"563\" height=\"1000\" src=\"https:\/\/www.youtube.com\/embed\/AmO66AXEUdE?feature=oembed\" frameborder=\"0\" allow=\"accelerometer; autoplay; clipboard-write; encrypted-media; gyroscope; picture-in-picture; web-share\" referrerpolicy=\"strict-origin-when-cross-origin\" allowfullscreen><\/iframe><\/div>\n<\/div><\/figure>\n\n\n\n<p>Stiga Carbonado 90 \u00e8 una base da ping pong di qualit\u00e0 superiore, progettata per garantire la massima velocit\u00e0 e stabilit\u00e0. Utilizza un sistema unico <strong>Tecnologia al carbonio TeXtreme<\/strong> (fibra orientata a 90\u00b0), che offre una sensazione di estrema rigidit\u00e0, alta velocit\u00e0 e una traiettoria della palla molto rettilinea.<\/p>\n\n\n\n<p>Questo modello \u00e8 particolarmente apprezzato da chi ama il gioco aggressivo - ideale per topspin veloci, colpi ravvicinati e gioco a media distanza.<\/p>\n\n\n\n<p><strong>Specifiche:<\/strong><\/p>\n\n\n\n<ul class=\"wp-block-list\">\n<li>Modello: Stiga Carbonado 90<\/li>\n\n\n\n<li>Peso: 78 g (pi\u00f9 leggero della media - migliore manovrabilit\u00e0)<\/li>\n\n\n\n<li>Rankena: Penhold (cinese - CPEN)<\/li>\n\n\n\n<li>Costruzione: 5 strati di legno + 2 strati di carbonio (TeXtreme\u00ae Carbon)<\/li>\n\n\n\n<li>Velocit\u00e0: OFF+<\/li>\n\n\n\n<li>Controllo: medio (orientato all'attacco)<\/li>\n\n\n\n<li>Sensazione: traiettoria ripida e molto rettilinea<\/li>\n<\/ul>\n\n\n\n<p><strong>Condizioni:<\/strong><\/p>\n\n\n\n<ul class=\"wp-block-list\">\n<li>Non usato (nuovo di zecca)<\/li>\n\n\n\n<li>La scatola presenta segni di usura (appannata).<\/li>\n<\/ul>","protected":false},"excerpt":{"rendered":"<p>Modello: Stiga Carbonado 90<\/p>\n<p>Peso: 78 g (pi\u00f9 leggero della media - migliore manovrabilit\u00e0)<\/p>\n<p>Rankena: Penhold (cinese - CPEN)<\/p>\n<p>Costruzione: 5 strati di legno + 2 strati di carbonio (TeXtreme\u00ae Carbon)<\/p>\n<p>Velocit\u00e0: OFF+<\/p>\n<p>Controllo: medio (orientato all'attacco)<\/p>\n<p>Sensazione: traiettoria ripida e molto rettilinea<\/p>","protected":false},"featured_media":5865,"comment_status":"closed","ping_status":"closed","template":"","meta":[],"product_brand":[],"product_cat":[24],"product_tag":[383,384],"class_list":{"0":"post-5861","1":"product","2":"type-product","3":"status-publish","4":"has-post-thumbnail","6":"product_cat-knifes","7":"product_tag-stiga","8":"product_tag-tenisas","9":"product_shipping_class-iprastas","11":"first","12":"instock","13":"shipping-taxable","14":"purchasable","15":"product-type-simple"},"_links":{"self":[{"href":"https:\/\/jnats.eu\/it\/wp-json\/wp\/v2\/product\/5861","targetHints":{"allow":["GET"]}}],"collection":[{"href":"https:\/\/jnats.eu\/it\/wp-json\/wp\/v2\/product"}],"about":[{"href":"https:\/\/jnats.eu\/it\/wp-json\/wp\/v2\/types\/product"}],"replies":[{"embeddable":true,"href":"https:\/\/jnats.eu\/it\/wp-json\/wp\/v2\/comments?post=5861"}],"wp:featuredmedia":[{"embeddable":true,"href":"https:\/\/jnats.eu\/it\/wp-json\/wp\/v2\/media\/5865"}],"wp:attachment":[{"href":"https:\/\/jnats.eu\/it\/wp-json\/wp\/v2\/media?parent=5861"}],"wp:term":[{"taxonomy":"product_brand","embeddable":true,"href":"https:\/\/jnats.eu\/it\/wp-json\/wp\/v2\/product_brand?post=5861"},{"taxonomy":"product_cat","embeddable":true,"href":"https:\/\/jnats.eu\/it\/wp-json\/wp\/v2\/product_cat?post=5861"},{"taxonomy":"product_tag","embeddable":true,"href":"https:\/\/jnats.eu\/it\/wp-json\/wp\/v2\/product_tag?post=5861"}],"curies":[{"name":"wp","href":"https:\/\/api.w.org\/{rel}","templated":true}]}}