{"id":590,"date":"2024-03-09T12:30:54","date_gmt":"2024-03-09T10:30:54","guid":{"rendered":"http:\/\/jnats.eu\/?post_type=product&#038;p=590"},"modified":"2024-04-17T10:40:41","modified_gmt":"2024-04-17T07:40:41","slug":"pietra-per-affilare-naturale-giapponese-di-qualita-dorata-nakayama-kiita-honyama","status":"publish","type":"product","link":"https:\/\/jnats.eu\/it\/prodotto-2\/pietra-per-affilare-naturale-giapponese-di-qualita-dorata-nakayama-kiita-honyama\/","title":{"rendered":"Pietra naturale giapponese di alta qualit\u00e0 Nakayama Kiita Honyama per affilatura"},"content":{"rendered":"<p>La Nakayama Kiita \u00e8 un'apprezzata pietra per affilare originaria del Giappone, nota tra gli appassionati e i professionisti per la sua qualit\u00e0 e le sue prestazioni eccezionali. Estratta dalle montagne, nota per la sua grana fine e le sue eccellenti propriet\u00e0 di affilatura, la pietra da affilatura Nakayama Kiita \u00e8 apprezzata per la sua capacit\u00e0 di creare lame affilate per coltelli, rasoi e altri strumenti da taglio.<\/p>\n\n\n\n<h2 class=\"wp-block-heading\">Le principali caratteristiche della pietra da macina Nakayama Kiita:<\/h2>\n\n\n\n<p>La pietra Nakayama Kiita \u00e8 una pietra naturale proveniente dalla cava di Nakayama, in Giappone, a met\u00e0 del secolo scorso. Questa pietra naturale \u00e8 apprezzata per la sua composizione unica e per l'affilatura costante.<\/p>\n\n\n\n<p>Grana fine: la pietra Kiita ha solitamente una grana fine, che consente di creare lame estremamente affilate con una finitura liscia. La pietra Kiita Nakayama \u00e8 nota per la sua capacit\u00e0 di affinare gli utensili con un alto grado di precisione, rendendola adatta all'uso professionale e a compiti di affilatura difficili.<\/p>\n\n\n\n<p>Eccellente feedback: gli utenti spesso lodano la pietra da affilatura Nakayama Kiita per la sua eccellente risposta durante il processo di affilatura. La pietra fornisce una sensazione tattile che consente all'utente di valutare il processo di affilatura e di raggiungere il livello di affilatura desiderato.<\/p>\n\n\n\n<p>Versatilit\u00e0: la pietra per affilare Nakayama Kiita \u00e8 utilizzata principalmente per affilare coltelli e rasoi, ma pu\u00f2 essere impiegata anche per affilare un'ampia gamma di altri strumenti da taglio, tra cui scalpelli per la lavorazione del legno, forbici e utensili da intaglio.<\/p>\n\n\n\n<p>Estetica: oltre che per le sue qualit\u00e0 funzionali, la pietra da affilatura Nakayama Kiita \u00e8 apprezzata per il suo fascino estetico. La pietra presenta spesso motivi, colori e texture unici che ne esaltano l'aspetto e ne aumentano il fascino tra i collezionisti e gli appassionati di affilatura.<\/p>\n\n\n\n<p>Durata: con una cura e una manutenzione adeguate, la pietra per affilatura Nakayama Kiita pu\u00f2 fornire prestazioni di affilatura affidabili per anni. Per preservare l'integrit\u00e0 della pietra e garantire risultati costanti nel tempo, si raccomanda di levigarla regolarmente.<\/p>\n\n\n\n<p>Nel complesso, la pietra per affilare Nakayama Kiita rappresenta l'apice dell'artigianato giapponese ed \u00e8 apprezzata per la sua capacit\u00e0 di raggiungere un'affilatura eccezionale con precisione e finezza. \u00c8 uno strumento prezioso per gli appassionati di affilatura e per i professionisti che cercano una pietra da affilatura di qualit\u00e0 e prestazioni senza compromessi.<\/p>\n\n\n\n<figure class=\"wp-block-embed is-type-video is-provider-youtube wp-block-embed-youtube wp-embed-aspect-16-9 wp-has-aspect-ratio\"><div class=\"wp-block-embed__wrapper\">\n<div class=\"video-container\"><iframe title=\"Nakayama Homdomae e Kiita Pietre naturali giapponesi di qualit\u00e0 superiore\" width=\"1170\" height=\"658\" src=\"https:\/\/www.youtube.com\/embed\/lq1ALjueKgw?start=195&#038;feature=oembed\" frameborder=\"0\" allow=\"accelerometer; autoplay; clipboard-write; encrypted-media; gyroscope; picture-in-picture; web-share\" allowfullscreen><\/iframe><\/div>\n<\/div><\/figure>","protected":false},"excerpt":{"rendered":"<ul>\n<li>Adatto per la finitura di rasoi, coltelli e utensili.<\/li>\n<li>Dimensioni: 151x88x24 mm<\/li>\n<li>Peso 785 g<\/li>\n<li>Durezza: Lv 4,5<\/li>\n<li>Con la matrice Honyama, che \u00e8 stata posta sulle pietre Nakayama e Shobudani<\/li>\n<\/ul>","protected":false},"featured_media":989,"comment_status":"open","ping_status":"closed","template":"","meta":[],"product_brand":[],"product_cat":[22],"product_tag":[141,49,140],"class_list":{"0":"post-590","1":"product","2":"type-product","3":"status-publish","4":"has-post-thumbnail","6":"product_cat-jnats","7":"product_tag-kiita","8":"product_tag-nakayama","9":"product_tag-nakayama-kiita","10":"product_shipping_class-iprastas","12":"first","13":"outofstock","14":"sale","15":"shipping-taxable","16":"purchasable","17":"product-type-simple"},"_links":{"self":[{"href":"https:\/\/jnats.eu\/it\/wp-json\/wp\/v2\/product\/590","targetHints":{"allow":["GET"]}}],"collection":[{"href":"https:\/\/jnats.eu\/it\/wp-json\/wp\/v2\/product"}],"about":[{"href":"https:\/\/jnats.eu\/it\/wp-json\/wp\/v2\/types\/product"}],"replies":[{"embeddable":true,"href":"https:\/\/jnats.eu\/it\/wp-json\/wp\/v2\/comments?post=590"}],"wp:featuredmedia":[{"embeddable":true,"href":"https:\/\/jnats.eu\/it\/wp-json\/wp\/v2\/media\/989"}],"wp:attachment":[{"href":"https:\/\/jnats.eu\/it\/wp-json\/wp\/v2\/media?parent=590"}],"wp:term":[{"taxonomy":"product_brand","embeddable":true,"href":"https:\/\/jnats.eu\/it\/wp-json\/wp\/v2\/product_brand?post=590"},{"taxonomy":"product_cat","embeddable":true,"href":"https:\/\/jnats.eu\/it\/wp-json\/wp\/v2\/product_cat?post=590"},{"taxonomy":"product_tag","embeddable":true,"href":"https:\/\/jnats.eu\/it\/wp-json\/wp\/v2\/product_tag?post=590"}],"curies":[{"name":"wp","href":"https:\/\/api.w.org\/{rel}","templated":true}]}}