{"id":5931,"date":"2026-04-01T10:25:24","date_gmt":"2026-04-01T07:25:24","guid":{"rendered":"https:\/\/jnats.eu\/?post_type=product&#038;p=5931"},"modified":"2026-04-01T11:45:30","modified_gmt":"2026-04-01T08:45:30","slug":"tiesiosiu-britvu-komplektas-2-8-ir-4-8-naujos-renaissance-solingen-germany-spitzenqualitat-meister-funk","status":"publish","type":"product","link":"https:\/\/jnats.eu\/it\/prodotto-2\/tiesiosiu-britvu-komplektas-2-8-ir-4-8-naujos-renaissance-solingen-germany-spitzenqualitat-meister-funk\/","title":{"rendered":"Set di rasoi (2\/8 e 4\/8), nuovi, Rinascimento Solingen Germania, Spitzenqualitat Meister Funk"},"content":{"rendered":"<figure class=\"wp-block-embed is-type-video is-provider-youtube wp-block-embed-youtube wp-embed-aspect-9-16 wp-has-aspect-ratio\"><div class=\"wp-block-embed__wrapper\">\n<div class=\"video-container\"><iframe title=\"Rinascimento del rasoio, Solingen Germania, Spitzenqualitat Meister Funk\" width=\"563\" height=\"1000\" src=\"https:\/\/www.youtube.com\/embed\/i1XlX4nmuQA?feature=oembed\" frameborder=\"0\" allow=\"accelerometer; autoplay; clipboard-write; encrypted-media; gyroscope; picture-in-picture; web-share\" referrerpolicy=\"strict-origin-when-cross-origin\" allowfullscreen><\/iframe><\/div>\n<\/div><\/figure>\n\n\n\n<p>Set di due rasoi dritti di dimensioni diverse provenienti da Solingen (Germania). Entrambi i rasoi vintage sono inutilizzati, in ottime condizioni, con lame decorate e manici classici e luminosi.<\/p>\n\n\n\n<p>Il set comprende:<\/p>\n\n\n\n<p><strong>Modello 804 (4\/8)<\/strong><br>Dimensioni della lama: 70 \u00d7 16 \u00d7 4 mm<br>Peso: 31 g<br>Rasoio pi\u00f9 grande, pi\u00f9 versatile, pi\u00f9 comodo per la rasatura di base<\/p>\n\n\n\n<p><strong>Modello 802 (2\/8)<\/strong><br>Dimensioni della lama: 70 \u00d7 10 \u00d7 3 mm<br>Peso: 24 g<br>Rasoio pi\u00f9 piccolo, particolarmente comodo per lavori mirati e zone difficili da raggiungere (sotto il naso, intorno alle orecchie, contorni)<\/p>\n\n\n\n<p>Iscrizioni sulla lama: Rinascimento, Solingen Germania, Spitzenqualitat, Meister Funk<br>Maniglie: Solingen INOX e logo Solingen<\/p>\n\n\n\n<p>I rasoi sono inutilizzati, senza segni di utilizzo. Adatti per la rasatura, il collezionismo o il regalo. Possono necessitare di una leggera affilatura o di una rinfrescata prima dell'uso.<\/p>\n\n\n\n<p>Non si tratta di bricole antiche (dell'inizio o della met\u00e0 del XX secolo) in termini di caratteristiche visibili, ma piuttosto di <strong>Produzione tardiva, intorno al 1980-2000<\/strong>, forse anche leggermente pi\u00f9 recente.<\/p>\n\n\n\n<p>Perch\u00e9 s\u00ec:<\/p>\n\n\n\n<ul class=\"wp-block-list\">\n<li>Stampato su <strong>\u201cSolingen INOX\u201d<\/strong> indica l'acciaio inossidabile, che \u00e8 entrato in uso solo a partire dal 1960-1970, ed \u00e8 comunemente presente nei prodotti successivi.<\/li>\n\n\n\n<li><strong>\u201cRinascimento\u201d<\/strong> - tipico nome commerciale, orientato all'esportazione, spesso utilizzato nella produzione successiva.<\/li>\n\n\n\n<li>Le incisioni e il design complessivo hanno un aspetto pi\u00f9 moderno (produzione in fabbrica piuttosto che a mano e in serie).<\/li>\n\n\n\n<li>La numerazione dei modelli (802, 804, 208) \u00e8 tipica dei prodotti del catalogo successivo.<\/li>\n\n\n\n<li>Manici in plastica (avorio) anzich\u00e9 in vero osso o corno: un altro segno della produzione pi\u00f9 moderna.<\/li>\n<\/ul>\n\n\n\n<p>Importante: sono ancora considerati <strong>vintage da parte degli appassionati di rasatura<\/strong>, ma non \u201eantico\u201c.<\/p>","protected":false},"excerpt":{"rendered":"<p><strong>Il set comprende: <\/strong><\/p>\n<ul>\n<li><strong>Modello 804 (4\/8)<\/strong><\/li>\n<li>Dimensioni della lama: 70 \u00d7 16 \u00d7 4 mm<\/li>\n<li>Peso: 31 g<\/li>\n<li>Rasoio pi\u00f9 grande, pi\u00f9 versatile, pi\u00f9 comodo per la rasatura di base<\/li>\n<\/ul>\n<p>&nbsp;<\/p>\n<ul>\n<li><strong>Modello 802 (2\/8)<\/strong><\/li>\n<li>Dimensioni della lama: 70 \u00d7 10 \u00d7 3 mm<\/li>\n<li>Peso: 24 g<\/li>\n<li>Rasoio pi\u00f9 piccolo, particolarmente comodo per lavori mirati e zone difficili da raggiungere (sotto il naso, intorno alle orecchie, contorni)<\/li>\n<\/ul>","protected":false},"featured_media":5940,"comment_status":"closed","ping_status":"closed","template":"","meta":[],"product_brand":[],"product_cat":[23],"product_tag":[385,84],"class_list":{"0":"post-5931","1":"product","2":"type-product","3":"status-publish","4":"has-post-thumbnail","6":"product_cat-razors","7":"product_tag-renaissance","8":"product_tag-solingen","9":"product_shipping_class-light","11":"first","12":"instock","13":"shipping-taxable","14":"purchasable","15":"product-type-simple"},"_links":{"self":[{"href":"https:\/\/jnats.eu\/it\/wp-json\/wp\/v2\/product\/5931","targetHints":{"allow":["GET"]}}],"collection":[{"href":"https:\/\/jnats.eu\/it\/wp-json\/wp\/v2\/product"}],"about":[{"href":"https:\/\/jnats.eu\/it\/wp-json\/wp\/v2\/types\/product"}],"replies":[{"embeddable":true,"href":"https:\/\/jnats.eu\/it\/wp-json\/wp\/v2\/comments?post=5931"}],"wp:featuredmedia":[{"embeddable":true,"href":"https:\/\/jnats.eu\/it\/wp-json\/wp\/v2\/media\/5940"}],"wp:attachment":[{"href":"https:\/\/jnats.eu\/it\/wp-json\/wp\/v2\/media?parent=5931"}],"wp:term":[{"taxonomy":"product_brand","embeddable":true,"href":"https:\/\/jnats.eu\/it\/wp-json\/wp\/v2\/product_brand?post=5931"},{"taxonomy":"product_cat","embeddable":true,"href":"https:\/\/jnats.eu\/it\/wp-json\/wp\/v2\/product_cat?post=5931"},{"taxonomy":"product_tag","embeddable":true,"href":"https:\/\/jnats.eu\/it\/wp-json\/wp\/v2\/product_tag?post=5931"}],"curies":[{"name":"wp","href":"https:\/\/api.w.org\/{rel}","templated":true}]}}