{"id":6014,"date":"2026-05-05T11:34:39","date_gmt":"2026-05-05T08:34:39","guid":{"rendered":"https:\/\/jnats.eu\/?post_type=product&#038;p=6014"},"modified":"2026-05-05T12:27:02","modified_gmt":"2026-05-05T09:27:02","slug":"japoniskas-naturalus-honyama-galandinimo-akmuo-kiotas-finisui-lv-4-5","status":"publish","type":"product","link":"https:\/\/jnats.eu\/it\/prodotto-2\/japoniskas-naturalus-honyama-galandinimo-akmuo-kiotas-finisui-lv-4-5\/","title":{"rendered":"Pietra da affilatura giapponese naturale Honyama (Kyoto) per la rifinitura, Lv 4.5"},"content":{"rendered":"<figure class=\"wp-block-embed is-type-video is-provider-youtube wp-block-embed-youtube wp-embed-aspect-16-9 wp-has-aspect-ratio\"><div class=\"wp-block-embed__wrapper\">\n<div class=\"video-container\"><iframe title=\"Kiita Lv 3.7 \u2192 Shobudani Ozaki Namito Lv 4.5 \u2192 Autentica finitura Honyama\" width=\"1170\" height=\"658\" src=\"https:\/\/www.youtube.com\/embed\/CYzgQi-fqqo?start=711&#038;feature=oembed\" frameborder=\"0\" allow=\"accelerometer; autoplay; clipboard-write; encrypted-media; gyroscope; picture-in-picture; web-share\" referrerpolicy=\"strict-origin-when-cross-origin\" allowfullscreen><\/iframe><\/div>\n<\/div><\/figure>\n\n\n\n<p>Pietra da affilatura naturale giapponese Honyama, proveniente dalla regione di Kyoto, per la finitura finale della lama. \u00c8 una scelta classica per chi cerca un taglio molto pulito, controllato e delicato. \u00c8 particolarmente adatta ai rasoi, ma funziona bene anche con i coltelli di alta qualit\u00e0.<\/p>\n\n\n\n<p>Una durezza di circa 4,5 offre un buon equilibrio tra generazione di sospensioni e controllo. La pietra \u00e8 abbastanza vivace da lavorare con la superficie e creare un effetto di lucidatura, ma allo stesso tempo permette un alto livello di finitura senza essere troppo aggressiva.<\/p>\n\n\n\n<p>Con l'acqua si ottiene un risultato pi\u00f9 pulito e liscio, mentre con la sospensione \u00e8 possibile ottenere un po\u201e pi\u00f9 di \u201cmordente\" nella fase iniziale. \u00c8 una pietra da finitura versatile, adatta sia agli utilizzatori esperti sia a chi cerca un ingresso di qualit\u00e0 nel mondo delle pietre naturali giapponesi.<\/p>\n\n\n\n<p><strong>Dati tecnici<\/strong><\/p>\n\n\n\n<ul class=\"wp-block-list\">\n<li>Pietra pi\u00f9 grande (compresa la scatola): circa 137 x 76 x 27 mm, peso circa 640 g<\/li>\n\n\n\n<li>Pietra pi\u00f9 piccola: ca. 115 x 90 x 13 mm, peso ca. 390 g<\/li>\n<\/ul>\n\n\n\n<p><strong>Informazioni aggiuntive<\/strong><\/p>\n\n\n\n<p>La pietra \u00e8 naturale, quindi ogni pezzo \u00e8 unico. Sono possibili variazioni di colore, consistenza e sensazione al tatto. Tracce visibili di utilizzo o conservazione sono normali e non influiscono negativamente sulle propriet\u00e0 di affilatura.<\/p>\n\n\n\n<p><strong>Traduzione dalla scatola (etichetta)<\/strong><\/p>\n\n\n\n<p>\u9ec4\u8700\u6b63\u672c\u5c71\u7825\u77f3<br>Significato: \u201eAutentica pietra da affilatura naturale Honyama (vera montagna)\u201c.\u201c<\/p>\n\n\n\n<p>Note aggiuntive:<br>\u5929\u7136\u7825\u77f3 - pietra per affilare naturale<br>\u4eac\u90fd - Kyoto (regione tradizionale di pietra di alto livello in Giappone)<\/p>\n\n\n\n<p>Il timbro sulla pietra \u00e8 un'iscrizione giapponese in kanji, inserita in una cornice. Si legge come:<\/p>\n\n\n\n<p><strong>\u6b63\u672c\u5c71 (Seihonzan \/ Sh\u014dhonzan)<\/strong><\/p>\n\n\n\n<p>Significato:<br>\u201eLa vera (autentica) collina principale\u201c, o pi\u00f9 semplicemente -<br><strong>\u201eAutentica pietra di Honyama\u201c<\/strong><\/p>\n\n\n\n<p>Nel contesto dell'affilatura delle pietre, questo non \u00e8 il nome di una cava specifica, ma piuttosto di un'azienda che si occupa di affilatura. <strong>marchio di qualit\u00e0 e di origine<\/strong>, che indica che la pietra \u00e8 classificata come pietra da finitura naturale tradizionale di Kyoto (categoria Honyama).<\/p>","protected":false},"excerpt":{"rendered":"<p>Pietra da affilatura naturale giapponese Honyama, proveniente dalla regione di Kyoto, per la finitura finale della lama. \u00c8 una scelta classica per chi cerca un taglio molto pulito, controllato e delicato. \u00c8 particolarmente adatta ai rasoi, ma funziona bene anche con i coltelli di alta qualit\u00e0.<\/p>\n<ul>\n<li>Pietra pi\u00f9 grande (compresa la scatola): circa 137 x 76 x 27 mm, peso circa 640 g<\/li>\n<li>Pietra pi\u00f9 piccola: ca. 115 x 90 x 13 mm, peso ca. 390 g<\/li>\n<\/ul>","protected":false},"featured_media":6019,"comment_status":"closed","ping_status":"closed","template":"","meta":[],"product_brand":[],"product_cat":[22],"product_tag":[270],"class_list":{"0":"post-6014","1":"product","2":"type-product","3":"status-publish","4":"has-post-thumbnail","6":"product_cat-jnats","7":"product_tag-honyama","8":"product_shipping_class-light","10":"first","11":"instock","12":"shipping-taxable","13":"purchasable","14":"product-type-variable"},"_links":{"self":[{"href":"https:\/\/jnats.eu\/it\/wp-json\/wp\/v2\/product\/6014","targetHints":{"allow":["GET"]}}],"collection":[{"href":"https:\/\/jnats.eu\/it\/wp-json\/wp\/v2\/product"}],"about":[{"href":"https:\/\/jnats.eu\/it\/wp-json\/wp\/v2\/types\/product"}],"replies":[{"embeddable":true,"href":"https:\/\/jnats.eu\/it\/wp-json\/wp\/v2\/comments?post=6014"}],"wp:featuredmedia":[{"embeddable":true,"href":"https:\/\/jnats.eu\/it\/wp-json\/wp\/v2\/media\/6019"}],"wp:attachment":[{"href":"https:\/\/jnats.eu\/it\/wp-json\/wp\/v2\/media?parent=6014"}],"wp:term":[{"taxonomy":"product_brand","embeddable":true,"href":"https:\/\/jnats.eu\/it\/wp-json\/wp\/v2\/product_brand?post=6014"},{"taxonomy":"product_cat","embeddable":true,"href":"https:\/\/jnats.eu\/it\/wp-json\/wp\/v2\/product_cat?post=6014"},{"taxonomy":"product_tag","embeddable":true,"href":"https:\/\/jnats.eu\/it\/wp-json\/wp\/v2\/product_tag?post=6014"}],"curies":[{"name":"wp","href":"https:\/\/api.w.org\/{rel}","templated":true}]}}