{"id":621,"date":"2024-03-09T14:36:54","date_gmt":"2024-03-09T12:36:54","guid":{"rendered":"http:\/\/jnats.eu\/?post_type=product&#038;p=621"},"modified":"2026-03-25T23:53:21","modified_gmt":"2026-03-25T21:53:21","slug":"pietra-shapton-pro-grana-30000-pietra-per-affilatura-super-fine-murasaki-k0711","status":"publish","type":"product","link":"https:\/\/jnats.eu\/it\/prodotto-2\/pietra-shapton-pro-grana-30000-pietra-per-affilatura-super-fine-murasaki-k0711\/","title":{"rendered":"Shapton Pro Stone grana 30000 pietra per affilatura superfine, murasaki, K0711"},"content":{"rendered":"<p>Questa pietra Shapton Pro Stone 30 000 grit, murasaki \u00e8 una pietra per affilare molto speciale con una grana di 30 000. \u00c8 cos\u00ec fine che sembra quasi morbida. \u00c8 cos\u00ec fine che sembra quasi morbida. Come tutte le pietre Shapton Pro, con questa pietra da 30.000 \u00e8 possibile affilare in modo molto rapido e uniforme. La pietra per affilare \u00e8 stata progettata per l'ultima fase del processo di affilatura, in modo che anche l'ultimo millimetro del bordo sia assolutamente affilato. \u00c8 ideale per affilare i rasoi dritti, ad esempio. Prima di passare a questa pietra, si consiglia di utilizzare una pietra da 12.000 se si affilano acciai pi\u00f9 duri. Per gli acciai pi\u00f9 morbidi, una pietra da 8.000 \u00e8 pi\u00f9 adatta. Se poi si utilizza correttamente questa pietra da 30.000, il filo sar\u00e0 pi\u00f9 affilato che mai.<\/p>\n\n\n\n<p>\u00c8 particolarmente importante lavorare nel modo pi\u00f9 pulito possibile con questa superba pietra da 30.000. Soprattutto se si \u00e8 gi\u00e0 pensato a una pietra pi\u00f9 grande. Pulire accuratamente il coltello\/strumento prima di utilizzare la pietra. Lo stesso vale per le mani e sotto le unghie. In questo modo si riduce la possibilit\u00e0 di scheggiare la superficie fine della pietra.<\/p>\n\n\n\n<p>In Giappone, queste colorate pietre da affilatura Shapton Pro sono note anche come Shapton Ha-No-Kuromaku. Sono le pietre da affilatura Shapton pi\u00f9 spesse, con uno spessore di 15 mm. Come si addice a Shapton, ogni pietra ha una struttura splendidamente omogenea, con particelle di affilatura in ceramica uniformemente distribuite. Questo garantisce un risultato di affilatura davvero uniforme. Essendo relativamente dure, le pietre rimuovono rapidamente l'acciaio e non si consumano a lungo.<\/p>\n\n\n\n<figure class=\"wp-block-embed is-type-video is-provider-youtube wp-block-embed-youtube wp-embed-aspect-16-9 wp-has-aspect-ratio\"><div class=\"wp-block-embed__wrapper\">\n<div class=\"video-container\"><iframe title=\"30.000 Grit!\" width=\"1170\" height=\"658\" src=\"https:\/\/www.youtube.com\/embed\/Ut_PF5dlmlQ?feature=oembed\" frameborder=\"0\" allow=\"accelerometer; autoplay; clipboard-write; encrypted-media; gyroscope; picture-in-picture; web-share\" allowfullscreen><\/iframe><\/div>\n<\/div><\/figure>","protected":false},"excerpt":{"rendered":"<ul>\n<li>La pietra per affilare pi\u00f9 piccola sul mercato<\/li>\n<li>Pu\u00f2 lavorare con acqua o grasso<\/li>\n<li>Dimensioni e peso:<\/li>\n<li>Altezza 1,6 cm<\/li>\n<li>Altezza della scatola\/custodia 3,7 cm<\/li>\n<li>Frazione di altezza utile 1,6 cm<\/li>\n<li>Lunghezza 21 cm<\/li>\n<li>Lunghezza della scatola 22,3 cm<\/li>\n<li>Parte utilizzabile 21 cm<\/li>\n<li>Peso 510 g<\/li>\n<li>Larghezza 7 cm<\/li>\n<li>Larghezza della scatola 8,6 cm<\/li>\n<li>Larghezza della parte da utilizzare 7 cm<\/li>\n<li>Materiali:<\/li>\n<li>Ceramica abrasiva, allumina bianca<\/li>\n<li>Legante ceramico<\/li>\n<\/ul>","protected":false},"featured_media":624,"comment_status":"open","ping_status":"closed","template":"","meta":[],"product_brand":[],"product_cat":[290],"product_tag":[145,144,143],"class_list":{"0":"post-621","1":"product","2":"type-product","3":"status-publish","4":"has-post-thumbnail","6":"product_cat-whetstones","7":"product_tag-k0711","8":"product_tag-murasaki","9":"product_tag-shapton","10":"product_shipping_class-iprastas","12":"first","13":"outofstock","14":"shipping-taxable","15":"purchasable","16":"product-type-simple"},"_links":{"self":[{"href":"https:\/\/jnats.eu\/it\/wp-json\/wp\/v2\/product\/621","targetHints":{"allow":["GET"]}}],"collection":[{"href":"https:\/\/jnats.eu\/it\/wp-json\/wp\/v2\/product"}],"about":[{"href":"https:\/\/jnats.eu\/it\/wp-json\/wp\/v2\/types\/product"}],"replies":[{"embeddable":true,"href":"https:\/\/jnats.eu\/it\/wp-json\/wp\/v2\/comments?post=621"}],"wp:featuredmedia":[{"embeddable":true,"href":"https:\/\/jnats.eu\/it\/wp-json\/wp\/v2\/media\/624"}],"wp:attachment":[{"href":"https:\/\/jnats.eu\/it\/wp-json\/wp\/v2\/media?parent=621"}],"wp:term":[{"taxonomy":"product_brand","embeddable":true,"href":"https:\/\/jnats.eu\/it\/wp-json\/wp\/v2\/product_brand?post=621"},{"taxonomy":"product_cat","embeddable":true,"href":"https:\/\/jnats.eu\/it\/wp-json\/wp\/v2\/product_cat?post=621"},{"taxonomy":"product_tag","embeddable":true,"href":"https:\/\/jnats.eu\/it\/wp-json\/wp\/v2\/product_tag?post=621"}],"curies":[{"name":"wp","href":"https:\/\/api.w.org\/{rel}","templated":true}]}}