{"id":638,"date":"2025-01-22T14:32:21","date_gmt":"2025-01-22T12:32:21","guid":{"rendered":"http:\/\/jnats.eu\/?post_type=product&#038;p=638"},"modified":"2026-01-17T11:36:53","modified_gmt":"2026-01-17T09:36:53","slug":"rasoi-tradizionali-giapponesi-kamisori","status":"publish","type":"product","link":"https:\/\/jnats.eu\/it\/prodotto-2\/rasoi-tradizionali-giapponesi-kamisori\/","title":{"rendered":"Rasoi giapponesi tradizionali Kamisori vintage"},"content":{"rendered":"<p>Simili a una tradizionale spada da samurai, questi Kamisori sono stati forgiati a mano da 2 strati, la parte tagliente in acciaio ad alto tenore di carbonio e lo strato di supporto in uno pi\u00f9 semplice. Lo strato di acciaio \u00e8 fragile e duro, mentre la guaina fornisce la flessibilit\u00e0 necessaria.<\/p>\n\n\n\n<figure class=\"wp-block-embed is-type-video is-provider-youtube wp-block-embed-youtube wp-embed-aspect-16-9 wp-has-aspect-ratio\"><div class=\"wp-block-embed__wrapper\">\n<div class=\"video-container\"><iframe title=\"Rasoi giapponesi tradizionali Kamisori vintage\" width=\"1170\" height=\"658\" src=\"https:\/\/www.youtube.com\/embed\/mX8JwuToyuw?feature=oembed\" frameborder=\"0\" allow=\"accelerometer; autoplay; clipboard-write; encrypted-media; gyroscope; picture-in-picture; web-share\" referrerpolicy=\"strict-origin-when-cross-origin\" allowfullscreen><\/iframe><\/div>\n<\/div><\/figure>\n\n\n\n<p>Entrambi gli strati sono antiruggine, quindi mantieni sempre il rasoio asciutto dopo la rasatura e proteggilo con un sottile strato di olio. Perch\u00e9 questo coltello si arrugginisce? I coltelli in acciaio inossidabile sono realizzati con una lega che previene la formazione di macchie di corrosione, ma sar\u00e0 anche meno dura. L&#039;acciaio ad alto contenuto di carbonio, come lo strato di questo taglierino Kamisori, fornisce molta pi\u00f9 durezza e manterr\u00e0 il tuo rasoio liscio per molto pi\u00f9 tempo prima che tu debba affilarlo nuovamente!<\/p>","protected":false},"excerpt":{"rendered":"<p>Simili a una tradizionale spada da samurai, questi Kamisori sono stati forgiati a mano da 2 strati, la parte tagliente in acciaio ad alto tenore di carbonio e lo strato di supporto in uno pi\u00f9 semplice. Lo strato di acciaio \u00e8 fragile e duro, mentre la guaina fornisce la flessibilit\u00e0 necessaria.<\/p>\n<p><strong>Usatelo e non pensateci due volte.<\/strong><\/p>\n<p>Se non vedi No nell&#039;elenco, significa che l&#039;articolo \u00e8 stato venduto.<\/p>\n<p>&nbsp;<\/p>","protected":false},"featured_media":3833,"comment_status":"open","ping_status":"closed","template":"","meta":[],"product_brand":[],"product_cat":[23],"product_tag":[25],"class_list":{"0":"post-638","1":"product","2":"type-product","3":"status-publish","4":"has-post-thumbnail","6":"product_cat-razors","7":"product_tag-kamisori","8":"product_shipping_class-light","10":"first","11":"instock","12":"sale","13":"sold-individually","14":"shipping-taxable","15":"purchasable","16":"product-type-variable"},"_links":{"self":[{"href":"https:\/\/jnats.eu\/it\/wp-json\/wp\/v2\/product\/638","targetHints":{"allow":["GET"]}}],"collection":[{"href":"https:\/\/jnats.eu\/it\/wp-json\/wp\/v2\/product"}],"about":[{"href":"https:\/\/jnats.eu\/it\/wp-json\/wp\/v2\/types\/product"}],"replies":[{"embeddable":true,"href":"https:\/\/jnats.eu\/it\/wp-json\/wp\/v2\/comments?post=638"}],"wp:featuredmedia":[{"embeddable":true,"href":"https:\/\/jnats.eu\/it\/wp-json\/wp\/v2\/media\/3833"}],"wp:attachment":[{"href":"https:\/\/jnats.eu\/it\/wp-json\/wp\/v2\/media?parent=638"}],"wp:term":[{"taxonomy":"product_brand","embeddable":true,"href":"https:\/\/jnats.eu\/it\/wp-json\/wp\/v2\/product_brand?post=638"},{"taxonomy":"product_cat","embeddable":true,"href":"https:\/\/jnats.eu\/it\/wp-json\/wp\/v2\/product_cat?post=638"},{"taxonomy":"product_tag","embeddable":true,"href":"https:\/\/jnats.eu\/it\/wp-json\/wp\/v2\/product_tag?post=638"}],"curies":[{"name":"wp","href":"https:\/\/api.w.org\/{rel}","templated":true}]}}