{"id":682,"date":"2025-11-08T11:20:33","date_gmt":"2025-11-08T09:20:33","guid":{"rendered":"http:\/\/jnats.eu\/?post_type=product&#038;p=682"},"modified":"2026-04-07T17:08:20","modified_gmt":"2026-04-07T14:08:20","slug":"rasoio-giapponese-iwasaki-tamhagane-kamisori","status":"publish","type":"product","link":"https:\/\/jnats.eu\/it\/prodotto-2\/rasoio-giapponese-iwasaki-tamhagane-kamisori\/","title":{"rendered":"Rasoio giapponese Iwasaki Tamahagane Kamisori"},"content":{"rendered":"<p><strong>Iwasaki Kamisori - Sanj\u014d Seisakusho (\u4e09\u6761\u88fd\u4f5c\u6240) - Tarda produzione<\/strong><\/p>\n\n\n\n<p><strong>Un autentico rasoio da barbiere giapponese (kamisori) realizzato secondo la tradizione del famoso laboratorio Shigeyoshi Iwasaki di Sanj\u014d, nella prefettura di Niigata.<\/strong><\/p>\n\n\n\n<figure class=\"wp-block-embed is-type-video is-provider-youtube wp-block-embed-youtube wp-embed-aspect-9-16 wp-has-aspect-ratio\"><div class=\"wp-block-embed__wrapper\">\n<div class=\"video-container\"><iframe title=\"Iwasaki Tamahagane Kamisori\" width=\"563\" height=\"1000\" src=\"https:\/\/www.youtube.com\/embed\/fVlZE2ogMIw?feature=oembed\" frameborder=\"0\" allow=\"accelerometer; autoplay; clipboard-write; encrypted-media; gyroscope; picture-in-picture; web-share\" referrerpolicy=\"strict-origin-when-cross-origin\" allowfullscreen><\/iframe><\/div>\n<\/div><\/figure>\n\n\n\n<hr class=\"wp-block-separator has-alpha-channel-opacity\"\/>\n\n\n\n<h3 class=\"wp-block-heading\"><strong>Una breve storia<\/strong><\/h3>\n\n\n\n<p>Questo modello \u00e8 stato prodotto <strong>Sanj\u014d Seisakusho (\u4e09\u6761\u88fd\u4f5c\u6240)<\/strong> durante il periodo in cui la bottega del fabbro Iwasaki (\u5ca9\u5d0e\u5203\u7269\u88fd\u4f5c\u6240) ha collaborato con <strong>Kawasaki Seisakusho (\u5ddd\u5d0e\u88fd\u4f5c\u6240)<\/strong> e <strong>Mizuochi-san<\/strong> - Allievo di Shigeyoshi Iwasaki.<br>Questo \u00e8 il periodo in cui il fabbro originale, Shigeyoshi Iwasaki (\u5ca9\u5d0e\u91cd\u7fa9, 1903-1993), non martellava pi\u00f9 ogni rasoio a mano, ma tutti i prodotti venivano ancora realizzati secondo gli standard di trattamento termico e metallurgico da lui progettati.<\/p>\n\n\n\n<p>Tali rasoi sono stati prodotti <strong>circa 1970-1980<\/strong>, citt\u00e0 di Sanj\u014d, prefettura di Niigata, Giappone - utilizzando le stesse billette di acciaio e gli stessi principi di trattamento termico dei primi modelli Iwasaki Tamahagane.<\/p>\n\n\n\n<hr class=\"wp-block-separator has-alpha-channel-opacity\"\/>\n\n\n\n<h3 class=\"wp-block-heading\"> <strong>Costruzione e caratteristiche<\/strong><\/h3>\n\n\n\n<ul class=\"wp-block-list\">\n<li><strong>Lama:<\/strong> colpevole di <em>TamaHagane<\/em> Acciaio al carbonio tradizionale di alta qualit\u00e0, trattato termicamente secondo il processo Iwasaki.<\/li>\n\n\n\n<li><strong>Impressione:<\/strong> \"\u5ca9\u5d0e\u3007\u4f5c\" (<em>Iwasaki Maru-Saku<\/em>) \u00e8 il marchio originale di Shigeyoshi Iwasaki, successivamente utilizzato nei prodotti del suo allievo Mizuochi-san.<\/li>\n\n\n\n<li><strong>Maniglia:<\/strong> acciaio massiccio e ossidato - superficie opaca a righe nere, caratteristica <strong>Mizuochi<\/strong> il periodo di produzione.<\/li>\n\n\n\n<li><strong>Tipo:<\/strong> Giapponese classico <em>kamisori<\/em>, profilo di rettifica su un solo lato (<em>kataba<\/em>).<\/li>\n\n\n\n<li><strong>Utilizzo:<\/strong> per la rasatura professionale, tecniche tradizionali.<\/li>\n\n\n\n<li><strong>Luogo di produzione:<\/strong> Sanj\u014d Seisakusho (\u4e09\u6761\u88fd\u4f5c\u6240), Niigata, Giappone.<\/li>\n<\/ul>\n\n\n\n<hr class=\"wp-block-separator has-alpha-channel-opacity\"\/>\n\n\n\n<h3 class=\"wp-block-heading\"><strong>Imballaggio<\/strong><\/h3>\n\n\n\n<p><strong>Inserto\/busta di plastica gialla<\/strong> - usato <strong>Sanj\u014d \/ Kawasaki Seisakusho<\/strong> in serie da circa <strong>fine anni '70-anni '80<\/strong>per proteggere la lama dalla corrosione durante il trasporto.<\/p>\n\n\n\n<hr class=\"wp-block-separator has-alpha-channel-opacity\"\/>\n\n\n\n<h3 class=\"wp-block-heading\"> <strong>Segni di autenticit\u00e0<\/strong><\/h3>\n\n\n\n<ul class=\"wp-block-list\">\n<li>Impressione \u5ca9\u5d0e\u3007\u4f5c (Iwasaki saku con cerchio) - tipica del periodo Sanj\u014d \/ Kawasaki Seisakusho.<\/li>\n\n\n\n<li>La scritta della confezione \u4e09\u6761\u88fd\u4f5c\u6240 - indica direttamente <strong>Impianto di Sanj\u014d<\/strong>basato sulla tecnologia Iwasaki.<\/li>\n\n\n\n<li>Foglietto cartaceo con istruzioni per l'affilatura (\u7814\u304e\u65b9), tipico dei prodotti originali Iwasaki.<\/li>\n\n\n\n<li>Il timbro \"\u691c\u67fb\u6e08\" (verificato) \u00e8 un sigillo di qualit\u00e0 utilizzato nei lotti ufficiali.<\/li>\n<\/ul>\n\n\n\n<hr class=\"wp-block-separator has-alpha-channel-opacity\"\/>\n\n\n\n<h3 class=\"wp-block-heading\"> <strong>Condizione<\/strong><\/h3>\n\n\n\n<ul class=\"wp-block-list\">\n<li>Usato, senza imballaggio.<\/li>\n\n\n\n<li>Minime tracce di ossidazione dovute all'invecchiamento sono naturali per l'acciaio.<\/li>\n\n\n\n<li>Tutti i marchi autentici sono chiaramente visibili.<\/li>\n<\/ul>\n\n\n\n<hr class=\"wp-block-separator has-alpha-channel-opacity\"\/>\n\n\n\n<h3 class=\"wp-block-heading\"> <strong>Valore del collezionista<\/strong><\/h3>\n\n\n\n<p>Questi <em>Iwasaki Sanj\u014d Seisakusho<\/em> kamisori sono considerati <strong>prodotti di transizione<\/strong> tra il lavoro artigianale di Shigeyoshi Iwasaki e la produzione continua del suo allievo Mizuochi-san.<br>Sono apprezzati nella comunit\u00e0 dei collezionisti per la loro <strong>qualit\u00e0 eccellente, grana del metallo e contesto storico<\/strong>.<\/p>\n\n\n\n<p>Contenuto dell'opuscolo:<\/p>\n\n\n\n<hr class=\"wp-block-separator has-alpha-channel-opacity\"\/>\n\n\n\n<h3 class=\"wp-block-heading\"> <strong>Testo originale <\/strong><\/h3>\n\n\n\n<p>\u767b\u9332 \u5ca9\u5d0e\u306e\u65e5\u672c\u5243\u5200<br>\u3053\u306e\u65e5\u672c\u5243\u5200\u306f\u3001\u5f53\u5de5\u5834\u3067\u4e00\u8cab\u3057\u3066\u88fd\u9020\u3057\u305f\u3082\u306e\u3067\u3059\u3002<br>\u672c\u5203\u4ed8\u306f\u5c02\u9580\u6280\u8853\u8005\u304c\u624b\u4f5c\u696d\u3067\u4ed5\u4e0a\u3052\u3066\u304a\u308a\u307e\u3059\u3002<br>\u3054\u4f7f\u7528\u306e\u524d\u306b\u3001\u8efd\u304f\u76ae\u7825\u3067\u6574\u3048\u3066\u304f\u3060\u3055\u3044\u3002<br>\u3054\u4f7f\u7528\u5f8c\u306f\u6c34\u6c17\u3092\u3088\u304f\u62ed\u304d\u53d6\u308a, \u9306\u3092\u9632\u3050\u305f\u3081\u306b\u6cb9\u3092\u8584\u304f\u5857\u3063\u3066\u304f\u3060\u3055\u3044\u3002<br>\u4e09\u6761\u88fd\u4f5c\u6240<\/p>\n\n\n\n<hr class=\"wp-block-separator has-alpha-channel-opacity\"\/>\n\n\n\n<h3 class=\"wp-block-heading\"><strong>Traduzione in inglese:<\/strong><\/h3>\n\n\n\n<p><strong>Rasoio giapponese registrato Iwasaki<\/strong><br>Questo rasoio giapponese \u00e8 stato interamente prodotto nella nostra fabbrica.<br>Il bordo finale \u00e8 stato rifinito a mano da un abile artigiano.<br>Prima dell'uso, stropicciare leggermente la lama sulla pelle.<br>Dopo l'uso, eliminare accuratamente l'umidit\u00e0 e applicare un sottile strato di olio per prevenire la ruggine.<br><em>Sanj\u014d Seisakusho<\/em> (Fabbrica di Sanj\u014d)<\/p>\n\n\n\n<hr class=\"wp-block-separator has-alpha-channel-opacity\"\/>\n\n\n\n<h3 class=\"wp-block-heading\">\ud83c\uddf1\ud83c\uddf9 <strong>Traduzione in lituano:<\/strong><\/h3>\n\n\n\n<p><strong>Rasoio giapponese registrato Iwasaki<\/strong><br>Questo rasoio giapponese \u00e8 prodotto nella nostra fabbrica dall'inizio alla fine.<br>La finitura finale della lama viene eseguita da un abile artigiano.<br>Prima dell'uso, regolare leggermente la lama sul cinturino in pelle.<br>Dopo l'uso, pulire accuratamente dall'umidit\u00e0 e applicare un sottile strato di olio per prevenire la ruggine.<br><em>Sanj\u014d Seisakusho<\/em> (\u4e09\u6761\u88fd\u4f5c\u6240 - Fabbrica Sanj\u014d)<\/p>\n\n\n\n<p>L'Iwasaki \u00e8 uno dei rasoi pi\u00f9 apprezzati dai collezionisti e dagli appassionati di rasatura tradizionale per la qualit\u00e0 della tempra dell'acciaio e della lavorazione. Il rasoio \u00e8 stato realizzato nel periodo Showa, intorno agli anni Cinquanta. Ha una lunghezza di 16 cm, una lunghezza del tagliente di 5 cm e un peso di 35 grammi. \u00c8 un kamisori di medie dimensioni e leggero.<\/p>\n\n\n\n<p>Simile a una tradizionale spada da samurai, questa Kamisori \u00e8 stata forgiata a mano da 2 strati, la parte tagliente in acciaio ad alto tenore di carbonio e il supporto in acciaio pi\u00f9 semplice e di alta qualit\u00e0. Ci\u00f2 che rende speciale questo Kamisori \u00e8 che la lama \u00e8 forgiata dal vero Tamahagane. Il Tamahagane \u00e8 un acciaio tradizionale prodotto in Giappone diversi secoli fa. Poich\u00e9 il Giappone non dispone di grandi risorse di minerale di ferro, l&#039;acciaio viene prodotto manualmente dalla sabbia di ferro in un processo che richiede diversi giorni. Era la fonte principale di tutte le lame delle spade dei samurai. Lo strato di acciaio \u00e8 fragile e duro, mentre il telaio pi\u00f9 morbido fornisce la flessibilit\u00e0 necessaria.<\/p>\n\n\n\n<p>Entrambi gli strati sono antiruggine, quindi mantieni sempre il rasoio asciutto dopo la rasatura e proteggilo con un sottile strato di olio. Perch\u00e9 questo rasoio \u00e8 inossidabile? La lama in acciaio \u00e8 realizzata con una lega che riduce la possibilit\u00e0 di macchie di corrosione, ma la rende anche meno dura. L&#039;acciaio ad alto tenore di carbonio come questo strato di taglio Kamisori ha una durezza molto pi\u00f9 elevata e manterr\u00e0 una rasatura liscia molto pi\u00f9 a lungo prima di dover riaffilare, specialmente questo strato Tamahagane!<\/p>\n\n\n\n<p>L&#039;acciaio Tamahagane \u7389\u92fc, un materiale leggendario e venerato nella tradizionale produzione di spade giapponesi, occupa un posto speciale nel cuore degli artigiani e degli appassionati. Conosciuto per la sua eccezionale qualit\u00e0 e il meticoloso processo di produzione, l&#039;acciaio Tamahagane incarna la perfetta combinazione di arte, tradizione e funzionalit\u00e0. <\/p>\n\n\n\n<p><\/p>","protected":false},"excerpt":{"rendered":"<ul>\n<li>Il materiale della lama \u00e8 acciaio Tamahagane forgiato e temprato a 70 HRC, il che significa che mantiene a lungo la sua affilatura.<\/li>\n<li>Usato, affilato, ma potrebbe aver bisogno di essere rifinito e di arrotondare gli angoli.\u00a0<\/li>\n<li>Senza imballaggio.<\/li>\n<li>Dimensioni della lama: 45x16x2 mm<\/li>\n<li>Materiale manico: acciaio forgiato<\/li>\n<li>Lunghezza totale: 143 mm<\/li>\n<li>\u5ddd\u5d0e\u88fd\u4f5c\u6240 (Kawasaki Seisakusho) era una divisione del laboratorio Iwasaki, dove si svolgeva la produzione nell'ultimo periodo, quando Shigeyoshi Iwasaki non produceva pi\u00f9 ogni coltello individualmente.<\/li>\n<li>Mizuochi-san (\u6c34\u843d\u6c0f), fabbro, fu allievo di Shigeyoshi Iwasaki e lavor\u00f2 sotto la supervisione o la direzione di Shigeyoshi.<\/li>\n<li>Periodo di produzione: 1975-1985<\/li>\n<li>Peso 21 g<\/li>\n<li>Origine: Giappone<\/li>\n<li>Sono presenti tracce del tempo e della ruggine. Si prega di rivedere attentamente le foto e il video.<\/li>\n<\/ul>","protected":false},"featured_media":5398,"comment_status":"open","ping_status":"closed","template":"","meta":[],"product_brand":[],"product_cat":[23],"product_tag":[130,149,25,26,148],"class_list":{"0":"post-682","1":"product","2":"type-product","3":"status-publish","4":"has-post-thumbnail","6":"product_cat-razors","7":"product_tag-iwasaki","8":"product_tag-japoniskas-skustuvas","9":"product_tag-kamisori","10":"product_tag-tamahagane","11":"product_tag-tamhagane","12":"product_shipping_class-light","14":"first","15":"outofstock","16":"sale","17":"shipping-taxable","18":"purchasable","19":"product-type-simple"},"_links":{"self":[{"href":"https:\/\/jnats.eu\/it\/wp-json\/wp\/v2\/product\/682","targetHints":{"allow":["GET"]}}],"collection":[{"href":"https:\/\/jnats.eu\/it\/wp-json\/wp\/v2\/product"}],"about":[{"href":"https:\/\/jnats.eu\/it\/wp-json\/wp\/v2\/types\/product"}],"replies":[{"embeddable":true,"href":"https:\/\/jnats.eu\/it\/wp-json\/wp\/v2\/comments?post=682"}],"wp:featuredmedia":[{"embeddable":true,"href":"https:\/\/jnats.eu\/it\/wp-json\/wp\/v2\/media\/5398"}],"wp:attachment":[{"href":"https:\/\/jnats.eu\/it\/wp-json\/wp\/v2\/media?parent=682"}],"wp:term":[{"taxonomy":"product_brand","embeddable":true,"href":"https:\/\/jnats.eu\/it\/wp-json\/wp\/v2\/product_brand?post=682"},{"taxonomy":"product_cat","embeddable":true,"href":"https:\/\/jnats.eu\/it\/wp-json\/wp\/v2\/product_cat?post=682"},{"taxonomy":"product_tag","embeddable":true,"href":"https:\/\/jnats.eu\/it\/wp-json\/wp\/v2\/product_tag?post=682"}],"curies":[{"name":"wp","href":"https:\/\/api.w.org\/{rel}","templated":true}]}}