{"id":714,"date":"2024-03-11T18:36:21","date_gmt":"2024-03-11T16:36:21","guid":{"rendered":"http:\/\/jnats.eu\/?post_type=product&#038;p=714"},"modified":"2025-01-02T11:05:58","modified_gmt":"2025-01-02T09:05:58","slug":"pulsante-mikawa-nagura","status":"publish","type":"product","link":"https:\/\/jnats.eu\/it\/prodotto-2\/pulsante-mikawa-nagura\/","title":{"rendered":"Pietra da affilatura naturale giapponese Mikawa Botan Nagura"},"content":{"rendered":"<p>Queste pietre da affilatura naturali, estratte nella prefettura di Aichi, in Giappone, sono state utilizzate per secoli come parte del processo di lucidatura delle spade tradizionali dei samurai giapponesi. Negli ultimi anni sono diventate popolari e vengono utilizzate per lucidare e affilare molti altri utensili taglienti. La loro velocit\u00e0 e la dimensione uniforme delle particelle le rendono molto efficaci per i coltelli da cucina. La capacit\u00e0 di creare un bordo affilato con un eccellente equilibrio di nitidezza e perfezione, nonch\u00e9 di lucidare la superficie in modo dettagliato e uniforme. Sono ideali per affilare dopo aver grattato le pietre sintetiche a grana media. Pu\u00f2 essere utile come pre-lucidatore contro le pietre naturali molto fini e pu\u00f2 funzionare bene per le finiture dei coltelli sia laminati che mono acciaio.<\/p>\n\n\n\n<p>La pietra Mikawa Botan Nagura rimuove facilmente i graffi dalle grane pi\u00f9 grosse. La sensazione di affilatura \u00e8 dolce e non \"prende\" la lama, con una linea di camoscio dettagliata e una brina brillante sull'acciaio con graffi sottili e poco profondi. La lama perfettamente seghettata \u00e8 adatta a qualsiasi coltello da cucina.<\/p>\n\n\n\n<ul class=\"wp-block-list\">\n<li>Adatto per la finitura e la lucidatura di coltelli e utensili<\/li>\n\n\n\n<li>Dimensioni: 210x79x41 mm<\/li>\n\n\n\n<li>Peso 1470 g<\/li>\n\n\n\n<li>Durezza: Lv 3,5<\/li>\n\n\n\n<li>Una pietra molto veloce e di forma regolare.<\/li>\n\n\n\n<li>Entrambi i lati sono adatti al lavoro.<\/li>\n<\/ul>\n\n\n\n<figure class=\"wp-block-embed is-type-video is-provider-youtube wp-block-embed-youtube wp-embed-aspect-16-9 wp-has-aspect-ratio\"><div class=\"wp-block-embed__wrapper\">\n<div class=\"video-container\"><iframe title=\"Mikawa Button Nagura Pietra naturale giapponese\" width=\"1170\" height=\"658\" src=\"https:\/\/www.youtube.com\/embed\/J3MLGWThONE?feature=oembed\" frameborder=\"0\" allow=\"accelerometer; autoplay; clipboard-write; encrypted-media; gyroscope; picture-in-picture; web-share\" allowfullscreen><\/iframe><\/div>\n<\/div><\/figure>\n\n\n\n<p>I principali vantaggi delle pietre giapponesi naturali per affilare:<\/p>\n\n\n\n<ul class=\"wp-block-list\">\n<li>Gli utensili rimangono affilati pi\u00f9 a lungo<\/li>\n\n\n\n<li>Le pietre non si contaminano con i rifiuti metallici<\/li>\n\n\n\n<li>Facile da rimuovere la valvola a saracinesca<\/li>\n\n\n\n<li>Una risposta sorprendente che consente di percepire esattamente ci\u00f2 che accade sulla superficie metallica.<\/li>\n<\/ul>","protected":false},"excerpt":{"rendered":"<p><!-- wp:list --><\/p>\n<ul><!-- wp:list-item --><\/p>\n<li>Adatto per la finitura e la lucidatura di coltelli e utensili<\/li>\n<p><!-- \/wp:list-item --><\/p>\n<p><!-- wp:list-item --><\/p>\n<li>Dimensioni: 210\u00d741 mm<\/li>\n<p><!-- \/wp:list-item --><\/p>\n<p><!-- wp:list-item --><\/p>\n<li>Peso 1470 g<\/li>\n<p><!-- \/wp:list-item --><\/p>\n<p><!-- wp:list-item --><\/p>\n<li>Durezza: Lv 3,5<\/li>\n<p><!-- \/wp:list-item --><\/p>\n<p><!-- wp:list-item --><\/p>\n<li>Una pietra molto veloce e di forma regolare.<\/li>\n<p><!-- \/wp:list-item --><\/p>\n<p><!-- wp:list-item --><\/p>\n<li>Entrambi i lati sono adatti al lavoro.<\/li>\n<p><!-- \/wp:list-item --><\/ul>\n<p><!-- \/wp:list --><\/p>","protected":false},"featured_media":1308,"comment_status":"open","ping_status":"closed","template":"","meta":[],"product_brand":[],"product_cat":[22],"product_tag":[152,151,153],"class_list":{"0":"post-714","1":"product","2":"type-product","3":"status-publish","4":"has-post-thumbnail","6":"product_cat-jnats","7":"product_tag-button","8":"product_tag-mikawa","9":"product_tag-nagura","10":"product_shipping_class-iprastas","12":"first","13":"outofstock","14":"sale","15":"shipping-taxable","16":"purchasable","17":"product-type-simple"},"_links":{"self":[{"href":"https:\/\/jnats.eu\/it\/wp-json\/wp\/v2\/product\/714","targetHints":{"allow":["GET"]}}],"collection":[{"href":"https:\/\/jnats.eu\/it\/wp-json\/wp\/v2\/product"}],"about":[{"href":"https:\/\/jnats.eu\/it\/wp-json\/wp\/v2\/types\/product"}],"replies":[{"embeddable":true,"href":"https:\/\/jnats.eu\/it\/wp-json\/wp\/v2\/comments?post=714"}],"wp:featuredmedia":[{"embeddable":true,"href":"https:\/\/jnats.eu\/it\/wp-json\/wp\/v2\/media\/1308"}],"wp:attachment":[{"href":"https:\/\/jnats.eu\/it\/wp-json\/wp\/v2\/media?parent=714"}],"wp:term":[{"taxonomy":"product_brand","embeddable":true,"href":"https:\/\/jnats.eu\/it\/wp-json\/wp\/v2\/product_brand?post=714"},{"taxonomy":"product_cat","embeddable":true,"href":"https:\/\/jnats.eu\/it\/wp-json\/wp\/v2\/product_cat?post=714"},{"taxonomy":"product_tag","embeddable":true,"href":"https:\/\/jnats.eu\/it\/wp-json\/wp\/v2\/product_tag?post=714"}],"curies":[{"name":"wp","href":"https:\/\/api.w.org\/{rel}","templated":true}]}}