{"id":726,"date":"2024-03-11T18:46:54","date_gmt":"2024-03-11T16:46:54","guid":{"rendered":"http:\/\/jnats.eu\/?post_type=product&#038;p=726"},"modified":"2024-10-21T14:33:04","modified_gmt":"2024-10-21T11:33:04","slug":"pietra-naturale-giapponese-ho-nagura","status":"publish","type":"product","link":"https:\/\/jnats.eu\/it\/prodotto-2\/pietra-naturale-giapponese-ho-nagura\/","title":{"rendered":"Pietra naturale giapponese Ho Nagura"},"content":{"rendered":"<p>Queste pietre da affilatura naturali, estratte nella prefettura di Aichi, in Giappone, sono state utilizzate per secoli come parte del processo di lucidatura delle spade tradizionali dei samurai giapponesi. Negli ultimi anni sono diventate popolari e vengono utilizzate per lucidare e affilare molti altri utensili taglienti. La loro velocit\u00e0 e la dimensione uniforme delle particelle le rendono molto efficaci per i coltelli da cucina. La capacit\u00e0 di creare un bordo affilato con un eccellente equilibrio di nitidezza e perfezione, nonch\u00e9 di lucidare la superficie in modo dettagliato e uniforme. Sono ideali per affilare dopo aver grattato le pietre sintetiche a grana media. Pu\u00f2 essere utile come pre-lucidatore contro le pietre naturali molto fini e pu\u00f2 funzionare bene per le finiture dei coltelli sia laminati che mono acciaio.<\/p>\n\n\n\n<p>La pietra Mikawa Button Nagura rimuove facilmente i graffi dalle grane pi\u00f9 grosse. La sensazione di affilatura \u00e8 dolce e non \"prende\" la lama, con una linea di camoscio dettagliata e una brina brillante sull'acciaio con graffi sottili e poco profondi. La lama perfettamente seghettata \u00e8 adatta a qualsiasi coltello da cucina.<\/p>","protected":false},"excerpt":{"rendered":"<ul>\n<li>Adatto per la finitura e la lucidatura di coltelli e utensili<\/li>\n<p><!-- \/wp:list-item --><\/p>\n<p><!-- wp:list-item --><\/p>\n<li>Dimensioni: 197x59x27 mm<\/li>\n<p><!-- \/wp:list-item --><\/p>\n<p><!-- wp:list-item --><\/p>\n<li>Peso con supporto 840 g<\/li>\n<p><!-- \/wp:list-item --><\/p>\n<p><!-- wp:list-item --><\/p>\n<li>Durezza: Lv 3,5<\/li>\n<p><!-- \/wp:list-item --><\/p>\n<p><!-- wp:list-item --><\/p>\n<li>Una pietra molto veloce e di forma regolare.<\/li>\n<\/ul>","protected":false},"featured_media":1295,"comment_status":"open","ping_status":"closed","template":"","meta":[],"product_brand":[],"product_cat":[22],"product_tag":[153],"class_list":{"0":"post-726","1":"product","2":"type-product","3":"status-publish","4":"has-post-thumbnail","6":"product_cat-jnats","7":"product_tag-nagura","8":"product_shipping_class-iprastas","10":"first","11":"outofstock","12":"shipping-taxable","13":"purchasable","14":"product-type-simple"},"_links":{"self":[{"href":"https:\/\/jnats.eu\/it\/wp-json\/wp\/v2\/product\/726","targetHints":{"allow":["GET"]}}],"collection":[{"href":"https:\/\/jnats.eu\/it\/wp-json\/wp\/v2\/product"}],"about":[{"href":"https:\/\/jnats.eu\/it\/wp-json\/wp\/v2\/types\/product"}],"replies":[{"embeddable":true,"href":"https:\/\/jnats.eu\/it\/wp-json\/wp\/v2\/comments?post=726"}],"wp:featuredmedia":[{"embeddable":true,"href":"https:\/\/jnats.eu\/it\/wp-json\/wp\/v2\/media\/1295"}],"wp:attachment":[{"href":"https:\/\/jnats.eu\/it\/wp-json\/wp\/v2\/media?parent=726"}],"wp:term":[{"taxonomy":"product_brand","embeddable":true,"href":"https:\/\/jnats.eu\/it\/wp-json\/wp\/v2\/product_brand?post=726"},{"taxonomy":"product_cat","embeddable":true,"href":"https:\/\/jnats.eu\/it\/wp-json\/wp\/v2\/product_cat?post=726"},{"taxonomy":"product_tag","embeddable":true,"href":"https:\/\/jnats.eu\/it\/wp-json\/wp\/v2\/product_tag?post=726"}],"curies":[{"name":"wp","href":"https:\/\/api.w.org\/{rel}","templated":true}]}}