{"id":741,"date":"2024-03-12T09:46:27","date_gmt":"2024-03-12T07:46:27","guid":{"rendered":"http:\/\/jnats.eu\/?post_type=product&#038;p=741"},"modified":"2025-03-02T02:24:54","modified_gmt":"2025-03-02T00:24:54","slug":"ozuku-mizu-asagi-pietra-naturale-giapponese-per-affilare","status":"publish","type":"product","link":"https:\/\/jnats.eu\/it\/prodotto-2\/ozuku-mizu-asagi-pietra-naturale-giapponese-per-affilare\/","title":{"rendered":"Pietra da affilatura naturale giapponese Ozuku Mizu Asagi"},"content":{"rendered":"<ul class=\"wp-block-list\">\n<li>Adatto per la finitura di rasoi, coltelli e utensili.<\/li>\n\n\n\n<li>Dimensioni: 208x72x12mm<\/li>\n\n\n\n<li>Peso con supporto 830 g<\/li>\n\n\n\n<li>Durezza: Lv 5+<\/li>\n\n\n\n<li>Linee sicure<\/li>\n\n\n\n<li>La pietra molto dura Ozuku Mizu Asagi \u00e8 molto apprezzata dagli affilatrici per rasoi perch\u00e9 permette di ottenere la massima affilatura. \u00c8 possibile velocizzare il lavoro con l&#039;ausilio della sospensione Nagura oppure sfregando con una placchetta diamantata grezza, ma ci\u00f2 non \u00e8 necessario.<\/li>\n\n\n\n<li>Non \u00e8 duro, ma \u00e8 molto resistente. Si usura quindi molto lentamente e dura per molti anni.<\/li>\n<\/ul>\n\n\n\n<figure class=\"wp-block-embed is-type-video is-provider-youtube wp-block-embed-youtube wp-embed-aspect-16-9 wp-has-aspect-ratio\"><div class=\"wp-block-embed__wrapper\">\n<div class=\"video-container\"><iframe title=\"Okudo Nashiji, Ozuku Mizu Asagi, Aiwatani Pietre naturali giapponesi per affilatura\" width=\"1170\" height=\"658\" src=\"https:\/\/www.youtube.com\/embed\/VB9YnumSvYY?start=315&#038;feature=oembed\" frameborder=\"0\" allow=\"accelerometer; autoplay; clipboard-write; encrypted-media; gyroscope; picture-in-picture; web-share\" allowfullscreen><\/iframe><\/div>\n<\/div><\/figure>\n\n\n\n<p>I principali vantaggi delle pietre giapponesi naturali per affilare:<\/p>\n\n\n\n<ul class=\"wp-block-list\">\n<li>Gli utensili rimangono affilati pi\u00f9 a lungo<\/li>\n\n\n\n<li>Le pietre non si contaminano con i rifiuti metallici<\/li>\n\n\n\n<li>Facile da rimuovere la valvola a saracinesca<\/li>\n\n\n\n<li>Una risposta sorprendente che consente di percepire esattamente ci\u00f2 che accade sulla superficie metallica.<\/li>\n<\/ul>","protected":false},"excerpt":{"rendered":"<ul>\n<li>Adatto per la finitura di rasoi, coltelli e utensili.<\/li>\n<li>Dimensioni: 208x72x12mm<\/li>\n<li>Peso con supporto 830 g<\/li>\n<li>Durezza: Lv 5+<\/li>\n<li>Linee sicure<\/li>\n<li>La pietra molto dura Ozuku Mizu Asagi \u00e8 molto apprezzata dagli affilatrici per rasoi perch\u00e9 permette di ottenere la massima affilatura. \u00c8 possibile accelerare il lavoro con l&#039;aiuto della sospensione Nagura o sfregando con una piastra diamantata grezza, ma ci\u00f2 non \u00e8 necessario.<\/li>\n<li>Non \u00e8 duro, ma \u00e8 molto resistente. Si usura quindi molto lentamente e dura per molti anni.<\/li>\n<\/ul>","protected":false},"featured_media":1339,"comment_status":"open","ping_status":"closed","template":"","meta":[],"product_brand":[],"product_cat":[22],"product_tag":[45,154,66],"class_list":{"0":"post-741","1":"product","2":"type-product","3":"status-publish","4":"has-post-thumbnail","6":"product_cat-jnats","7":"product_tag-asagi","8":"product_tag-mizu","9":"product_tag-ozuku","10":"product_shipping_class-iprastas","12":"first","13":"outofstock","14":"sale","15":"shipping-taxable","16":"purchasable","17":"product-type-simple"},"_links":{"self":[{"href":"https:\/\/jnats.eu\/it\/wp-json\/wp\/v2\/product\/741","targetHints":{"allow":["GET"]}}],"collection":[{"href":"https:\/\/jnats.eu\/it\/wp-json\/wp\/v2\/product"}],"about":[{"href":"https:\/\/jnats.eu\/it\/wp-json\/wp\/v2\/types\/product"}],"replies":[{"embeddable":true,"href":"https:\/\/jnats.eu\/it\/wp-json\/wp\/v2\/comments?post=741"}],"wp:featuredmedia":[{"embeddable":true,"href":"https:\/\/jnats.eu\/it\/wp-json\/wp\/v2\/media\/1339"}],"wp:attachment":[{"href":"https:\/\/jnats.eu\/it\/wp-json\/wp\/v2\/media?parent=741"}],"wp:term":[{"taxonomy":"product_brand","embeddable":true,"href":"https:\/\/jnats.eu\/it\/wp-json\/wp\/v2\/product_brand?post=741"},{"taxonomy":"product_cat","embeddable":true,"href":"https:\/\/jnats.eu\/it\/wp-json\/wp\/v2\/product_cat?post=741"},{"taxonomy":"product_tag","embeddable":true,"href":"https:\/\/jnats.eu\/it\/wp-json\/wp\/v2\/product_tag?post=741"}],"curies":[{"name":"wp","href":"https:\/\/api.w.org\/{rel}","templated":true}]}}