{"id":756,"date":"2026-04-01T10:52:28","date_gmt":"2026-04-01T07:52:28","guid":{"rendered":"http:\/\/jnats.eu\/?post_type=product&#038;p=756"},"modified":"2026-04-06T10:58:20","modified_gmt":"2026-04-06T07:58:20","slug":"ja-henckels-solingen-zwilligswerk-friodur-inox-no-macchia-rasoio-a-mano-libera-germania","status":"publish","type":"product","link":"https:\/\/jnats.eu\/it\/prodotto-2\/ja-henckels-solingen-zwilligswerk-friodur-inox-no-macchia-rasoio-a-mano-libera-germania\/","title":{"rendered":"Rasoio dritto NOS J.A. Henckels Solingen Zwilligswerk Friodur Inox Germany"},"content":{"rendered":"<figure class=\"wp-block-embed is-type-video is-provider-youtube wp-block-embed-youtube wp-embed-aspect-9-16 wp-has-aspect-ratio\"><div class=\"wp-block-embed__wrapper\">\n<div class=\"video-container\"><iframe title=\"Rasoi dritti NOS J.A. Henckels Solingen Zwilligswerk Friodur Inox Germania\" width=\"563\" height=\"1000\" src=\"https:\/\/www.youtube.com\/embed\/gGjV-mblg78?feature=oembed\" frameborder=\"0\" allow=\"accelerometer; autoplay; clipboard-write; encrypted-media; gyroscope; picture-in-picture; web-share\" referrerpolicy=\"strict-origin-when-cross-origin\" allowfullscreen><\/iframe><\/div>\n<\/div><\/figure>\n\n\n\n<p>Henckels Friodur \u00e8 l'apice dell'ingegneria e dell'artigianato tedesco nel mondo della rasatura tradizionale. Conosciuto per la sua precisione, qualit\u00e0 e durata, questo rasoio dritto offre la lussuosa esperienza di rasatura ricercata dagli amanti dei prodotti classici.<\/p>\n\n\n\n<p>Acciaio inossidabile Friodur: realizzato in Inox e temprato a freddo con la tecnologia Friodur brevettata da Henckels, questo rasoio ha una durezza, una resistenza alla corrosione e un'affilatura eccezionali. Il processo Friodur prevede lo spegnimento dell'acciaio in azoto liquido per aumentarne la forza e la resistenza alla corrosione e per estrarre una struttura pi\u00f9 fine, garantendo cos\u00ec prestazioni durature che mantengono l'affilatura nel tempo.<\/p>\n\n\n\n<p>Design classico: il rasoio dritto Friodur Inox presenta un design senza tempo che riflette l'impegno di Henckels per l'eleganza e la funzionalit\u00e0. Il suo profilo elegante, il peso bilanciato e l'impugnatura ergonomica lo rendono comodo da tenere in mano e facile da manovrare durante la rasatura.<\/p>\n\n\n\n<p>Uso versatile: che siate appassionati di rasoi o neofiti della rasatura tradizionale, il rasoio dritto Henckels Friodur Inox \u00e8 adatto a tutti i livelli. Il suo design versatile si adatta a un'ampia gamma di stili e preferenze di rasatura.<\/p>\n\n\n\n<p>Marchio storico: con una ricca storia che risale al 1731, Henckels \u00e8 sinonimo di qualit\u00e0, affidabilit\u00e0 e innovazione nel mondo della coltelleria e della cura dell'igiene. Il rasoio vintage Friodur Inox incarna l'artigianalit\u00e0 Henckels da generazioni.<\/p>\n\n\n\n<p>Che siate alla ricerca di uno strumento da barba di qualit\u00e0 superiore per la vostra routine quotidiana di cura dei capelli o da aggiungere alla vostra collezione di prodotti per il grooming, il rasoio dritto Henckels Friodur Inox promette un'esperienza di rasatura eccezionale che unisce tradizione, precisione e lusso.<\/p>","protected":false},"excerpt":{"rendered":"<ul>\n<li>Acciaio inox Inox, Friodur - temprato a freddo.<\/li>\n<li>Manico in polimero<\/li>\n<li>Scatola di plastica<\/li>\n<li>Peso - 50 g<\/li>\n<li>Dimensioni della lama 75x20x6 mm<\/li>\n<li>I rasoi sono inutilizzati (tranne il n. 6), ma possono presentare lievi graffi dovuti alla lunga conservazione.<\/li>\n<li><strong>Se non vedi No. nell&#039;elenco, significa che \u00e8 venduto<\/strong><\/li>\n<\/ul>","protected":false},"featured_media":5949,"comment_status":"open","ping_status":"closed","template":"","meta":[],"product_brand":[],"product_cat":[23],"product_tag":[158,156,157,159],"class_list":{"0":"post-756","1":"product","2":"type-product","3":"status-publish","4":"has-post-thumbnail","6":"product_cat-razors","7":"product_tag-friodur","8":"product_tag-henckels","9":"product_tag-inox","10":"product_tag-straight-razor","11":"product_shipping_class-light","13":"first","14":"instock","15":"shipping-taxable","16":"purchasable","17":"product-type-variable"},"_links":{"self":[{"href":"https:\/\/jnats.eu\/it\/wp-json\/wp\/v2\/product\/756","targetHints":{"allow":["GET"]}}],"collection":[{"href":"https:\/\/jnats.eu\/it\/wp-json\/wp\/v2\/product"}],"about":[{"href":"https:\/\/jnats.eu\/it\/wp-json\/wp\/v2\/types\/product"}],"replies":[{"embeddable":true,"href":"https:\/\/jnats.eu\/it\/wp-json\/wp\/v2\/comments?post=756"}],"wp:featuredmedia":[{"embeddable":true,"href":"https:\/\/jnats.eu\/it\/wp-json\/wp\/v2\/media\/5949"}],"wp:attachment":[{"href":"https:\/\/jnats.eu\/it\/wp-json\/wp\/v2\/media?parent=756"}],"wp:term":[{"taxonomy":"product_brand","embeddable":true,"href":"https:\/\/jnats.eu\/it\/wp-json\/wp\/v2\/product_brand?post=756"},{"taxonomy":"product_cat","embeddable":true,"href":"https:\/\/jnats.eu\/it\/wp-json\/wp\/v2\/product_cat?post=756"},{"taxonomy":"product_tag","embeddable":true,"href":"https:\/\/jnats.eu\/it\/wp-json\/wp\/v2\/product_tag?post=756"}],"curies":[{"name":"wp","href":"https:\/\/api.w.org\/{rel}","templated":true}]}}