{"id":796,"date":"2024-03-14T12:38:15","date_gmt":"2024-03-14T10:38:15","guid":{"rendered":"http:\/\/jnats.eu\/?post_type=product&#038;p=796"},"modified":"2025-09-30T11:22:55","modified_gmt":"2025-09-30T08:22:55","slug":"rasoi-giapponesi-vintage-usati","status":"publish","type":"product","link":"https:\/\/jnats.eu\/it\/prodotto-2\/rasoi-giapponesi-vintage-usati\/","title":{"rendered":"Rasoi giapponesi vintage usati Towa, Union, Daishi, R. Saito, Kikuboshi, Triumph"},"content":{"rendered":"<ol class=\"wp-block-list\">\n<li>G Towa T Best Hollow Ground Extra Tungsten Steel Vero giapponese Hollow Ground Gen Takahashi H.Diamond &amp; Co<\/li>\n\n\n\n<li>Lama a forma di scalpello Union 72 Japan<\/li>\n\n\n\n<li>Daishi 350 Yasuki Acciaio Realizzato in ferro Acciaio Tamahagane RK CO. Lama a forma di scalpello. L&#039;acciaio Tamahagane utilizzato nelle katane delle spade dei samurai \u00e8 costituito da &quot;sabbia ferrosa&quot;.<\/li>\n\n\n\n<li>Daishi 55 Yasuki Acciaio Realizzato in ferro Acciaio Tamahagane RK CO. L&#039;acciaio Tamahagane utilizzato nelle spade dei samurai \u00e8 costituito da &quot;sabbia ferrosa&quot;. Pu\u00f2 essere indurito molto duramente, fino a 70 HRC.<\/li>\n\n\n\n<li>R. Saito Kikuboshi 135 Extra Hollow Gruond<\/li>\n\n\n\n<li>Triumph YSS 65825 Yasuki Acciaio R. Saito Design<\/li>\n<\/ol>\n\n\n\n<p>R. Saito era un barbiere famoso in Giappone negli anni &#039;50 e &#039;60. Ha fondato una scuola per barbieri con molti professionisti in molte citt\u00e0. Poich\u00e9 il suo nome era sinonimo del mondo della moda giapponese, i suoi modelli erano molto apprezzati, cos\u00ec come lo era il suo nome. Ha creato rasoi che sono stati prodotti dalle grandi aziende che portano il suo nome: Kikuboshi, Diamond Hayashi e altri produttori. Il prodotto \u00e8 stato progettato per essere il rasoio pi\u00f9 semplice da usare.<\/p>\n\n\n\n<p>Presenta tracce di corrosione. Guarda il video.<\/p>\n\n\n\n<figure class=\"wp-block-embed is-type-video is-provider-youtube wp-block-embed-youtube wp-embed-aspect-16-9 wp-has-aspect-ratio\"><div class=\"wp-block-embed__wrapper\">\n<div class=\"video-container\"><iframe title=\"Rasoi giapponesi vintage usati R. Saito, Tamahagane, Towa, Daishi\" width=\"1170\" height=\"658\" src=\"https:\/\/www.youtube.com\/embed\/CheeI2Xk0pE?feature=oembed\" frameborder=\"0\" allow=\"accelerometer; autoplay; clipboard-write; encrypted-media; gyroscope; picture-in-picture; web-share\" allowfullscreen><\/iframe><\/div>\n<\/div><\/figure>","protected":false},"excerpt":{"rendered":"<ol>\n<li><del>G Towa T Best Hollow Ground Extra Tungsten Steel Real Japanese Hollow Ground Gen Takahashi H.Diamond &amp; Co.\u00a0<\/del> Venduto<\/li>\n<li><del>Lama a forma di scalpello Union 72 Japan<\/del><\/li>\n<li><del>Daishi 350 Yasuki Acciaio Realizzato in ferro Acciaio Tamahagane RK CO. Lama a forma di scalpello. L&#039;acciaio Tamahagane utilizzato nelle katane delle spade dei samurai \u00e8 costituito da &quot;sabbia ferrosa&quot;.<\/del><\/li>\n<li>Daishi 55 Yasuki Acciaio Realizzato in ferro Acciaio Tamahagane RK CO. L&#039;acciaio Tamahagane utilizzato nelle spade dei samurai \u00e8 costituito da &quot;sabbia ferrosa&quot;. Pu\u00f2 essere indurito molto duramente, fino a 70 HRC.<\/li>\n<li><del>R. Saito Kikuboshi 135 Extra Hollow Gruond\u00a0<\/del> Venduto<\/li>\n<li><del>Triumph YSS 65825 Yasuki Acciaio R. Saito Design<\/del><\/li>\n<\/ol>","protected":false},"featured_media":1151,"comment_status":"open","ping_status":"closed","template":"","meta":[],"product_brand":[],"product_cat":[23],"product_tag":[164,161,162,160,129,163],"class_list":{"0":"post-796","1":"product","2":"type-product","3":"status-publish","4":"has-post-thumbnail","6":"product_cat-razors","7":"product_tag-daishi","8":"product_tag-kikuboshi","9":"product_tag-r-saito","10":"product_tag-skustuvai","11":"product_tag-towa","12":"product_tag-union","13":"product_shipping_class-light","15":"first","16":"outofstock","17":"sold-individually","18":"shipping-taxable","19":"product-type-variable"},"_links":{"self":[{"href":"https:\/\/jnats.eu\/it\/wp-json\/wp\/v2\/product\/796","targetHints":{"allow":["GET"]}}],"collection":[{"href":"https:\/\/jnats.eu\/it\/wp-json\/wp\/v2\/product"}],"about":[{"href":"https:\/\/jnats.eu\/it\/wp-json\/wp\/v2\/types\/product"}],"replies":[{"embeddable":true,"href":"https:\/\/jnats.eu\/it\/wp-json\/wp\/v2\/comments?post=796"}],"wp:featuredmedia":[{"embeddable":true,"href":"https:\/\/jnats.eu\/it\/wp-json\/wp\/v2\/media\/1151"}],"wp:attachment":[{"href":"https:\/\/jnats.eu\/it\/wp-json\/wp\/v2\/media?parent=796"}],"wp:term":[{"taxonomy":"product_brand","embeddable":true,"href":"https:\/\/jnats.eu\/it\/wp-json\/wp\/v2\/product_brand?post=796"},{"taxonomy":"product_cat","embeddable":true,"href":"https:\/\/jnats.eu\/it\/wp-json\/wp\/v2\/product_cat?post=796"},{"taxonomy":"product_tag","embeddable":true,"href":"https:\/\/jnats.eu\/it\/wp-json\/wp\/v2\/product_tag?post=796"}],"curies":[{"name":"wp","href":"https:\/\/api.w.org\/{rel}","templated":true}]}}