{"id":814,"date":"2024-04-20T14:08:11","date_gmt":"2024-04-20T11:08:11","guid":{"rendered":"http:\/\/jnats.eu\/?post_type=product&#038;p=814"},"modified":"2024-07-11T11:51:08","modified_gmt":"2024-07-11T08:51:08","slug":"nakayama-asagi-maruka-pietra-naturale-giapponese-per-affilare","status":"publish","type":"product","link":"https:\/\/jnats.eu\/it\/prodotto-2\/nakayama-asagi-maruka-pietra-naturale-giapponese-per-affilare\/","title":{"rendered":"Pietra per affilare naturale giapponese Nakayama Asagi Maruka"},"content":{"rendered":"<p>Questa pietra \u00e8 dura ed estremamente fine, ideale per lavorare facilmente con i rasoi. Sebbene sia abbastanza forte, ha una risposta migliore della media rispetto ad altre pietre di questo grano. Pu\u00f2 essere utilizzato anche per attrezzi da falegnameria e coltelli. Lascer\u00e0 un argento brillante e uno smalto san mai dettagliato. Queste sono pietre di finitura molto potenti in ogni modo.<\/p>\n\n\n\n<p>La pietra Nakayama \u00e8 famosa per il marchio Kato Mutsuyama Maruka con la lettera &quot;ka&quot; e il sigillo Seihonzan \u32d5\u6b63\u672c\u5c71. Kato Mutsuyama fu il primo a scolpire un simile sigillo. Dimensioni non standard, pietre di grandi dimensioni o pietre grezze originariamente non avevano il marchio Maruka. Tuttavia, ci sono anche prodotti di qualit\u00e0 e pietre per affilare non standard che sono state successivamente contrassegnate con il timbro Maruka durante la lavorazione finale al dettaglio, cos\u00ec come pietre che sono state tagliate dal venditore da pietre grezze senza il timbro \u32d5\u6b63\u672c\u5c71. Inoltre, le mole Nakayama vendute prima del periodo di stampaggio non recano il timbro Maruka. <\/p>\n\n\n\n<p>In ogni caso, se si tratta della pietra di Kato Mutsuyama proveniente da questa miniera, sar\u00e0 la stessa pietra di Nakayama, indipendentemente dal fatto che abbia o meno il marchio Maruka. Il timbro \u32d5\u6b63\u672c\u5c71 stesso pu\u00f2 essere presente o meno a seconda del canale di distribuzione e non garantisce la qualit\u00e0. Non solo Nakayama, ma anche altre mole naturali, ognuna \u00e8 diversa e non ce ne sono due uguali. Inoltre, sono passati molti anni dalla chiusura della miniera, quindi ogni anno ci sono sempre meno esemplari buoni sul mercato.<\/p>\n\n\n\n<p>A causa della loro rarit\u00e0 e della potenza del marchio, ci sono molti falsi, quindi ti consigliamo di non fidarti troppo del sigillo Maruka e di valutare la pietra con i tuoi occhi.&nbsp;<\/p>\n\n\n\n<p>La miniera di Kato si trova sui monti Nakayama dove venivano estratte le pietre per affilare ed era cos\u00ec chiamata perch\u00e9 era di propriet\u00e0 del signor Kato. Hatanaka Whetstone \u00e8 un negozio di pietra di lunga data a Kyoto. Dopo la guerra, le vendite delle mole Nakayama estratte a Kato Utsuyama erano gestite da un gruppo di cinque persone di un importante negozio di pietre di Kyoto. Tra questi, si dice che Hatanaka Toishi sia stato per un certo periodo il pi\u00f9 fidato dei proprietari di montagne. nel 1952 Hatanaka Toishi ha registrato il marchio Junshin Honzan (\u7d14\u7a7a\u6b63\u672c\u5c71) per distinguersi dagli altri rivenditori. Dopo il 1980 dove i diritti sulla miniera di Nakayama furono acquistati da Hatanaka Whetstone e divenne proprietaria del marchio Maruka. Allo stesso tempo, le pietre di questa miniera venivano distribuite anche attraverso altri rivenditori.<\/p>\n\n\n\n<p><strong>Nakayama (\u4e2d\u5c71)<\/strong><br>Questa miniera orientale \u00e8 famosa per le sue pietre awasedo che completano il processo di affilatura. La pietra multistrato (Hondomae Shikitomae) con la sua \"controparte\" color kiita \u00e8 particolarmente apprezzata da ebanisti e affilatori. Rispetto alle pietre di durezza e finezza simili di altre miniere, i prodotti Nakayama sono noti per una sensazione di affilatura pi\u00f9 piacevole. Le pietre Nakayama autentiche spesso recano il famoso sigillo Maruka \u32d5\u6b63\u672c\u5c71.<\/p>\n\n\n\n<figure class=\"wp-block-embed is-type-video is-provider-youtube wp-block-embed-youtube wp-embed-aspect-16-9 wp-has-aspect-ratio\"><div class=\"wp-block-embed__wrapper\">\n<div class=\"video-container\"><iframe title=\"Awasedo Jnats Ozuku Asagi Okudo Shobudani Karasu Kyoto Shinzen\" width=\"1170\" height=\"658\" src=\"https:\/\/www.youtube.com\/embed\/WR-t0Lxs7XY?start=612&#038;feature=oembed\" frameborder=\"0\" allow=\"accelerometer; autoplay; clipboard-write; encrypted-media; gyroscope; picture-in-picture; web-share\" referrerpolicy=\"strict-origin-when-cross-origin\" allowfullscreen><\/iframe><\/div>\n<\/div><\/figure>","protected":false},"excerpt":{"rendered":"<ul>\n<li>Adatto per la finitura di rasoi, coltelli e utensili.<\/li>\n<li>Dimensioni: 210x52x30mm<\/li>\n<li>Peso: 860 g<\/li>\n<li>Durezza: Lv 5+<\/li>\n<li>Linee sicure<\/li>\n<li>La pietra molto dura \u00e8 molto apprezzata tra gli affilatori di rasoi, poich\u00e9 permette di ottenere la massima affilatura. \u00c8 possibile velocizzare il lavoro con l&#039;ausilio della sospensione Nagura oppure sfregando con una placchetta diamantata grezza. Il timbro Maruka \u32d5\u6b63\u672c\u5c71 \u00e8 appena visibile, ma c&#039;\u00e8. Ci\u00f2 \u00e8 confermato dalla massima qualit\u00e0 della lavorazione della pietra.\u00a0<\/li>\n<\/ul>","protected":false},"featured_media":1347,"comment_status":"open","ping_status":"closed","template":"","meta":[],"product_brand":[],"product_cat":[22],"product_tag":[45,58,49],"class_list":{"0":"post-814","1":"product","2":"type-product","3":"status-publish","4":"has-post-thumbnail","6":"product_cat-jnats","7":"product_tag-asagi","8":"product_tag-maruka","9":"product_tag-nakayama","10":"product_shipping_class-iprastas","12":"first","13":"outofstock","14":"sale","15":"shipping-taxable","16":"purchasable","17":"product-type-simple"},"_links":{"self":[{"href":"https:\/\/jnats.eu\/it\/wp-json\/wp\/v2\/product\/814","targetHints":{"allow":["GET"]}}],"collection":[{"href":"https:\/\/jnats.eu\/it\/wp-json\/wp\/v2\/product"}],"about":[{"href":"https:\/\/jnats.eu\/it\/wp-json\/wp\/v2\/types\/product"}],"replies":[{"embeddable":true,"href":"https:\/\/jnats.eu\/it\/wp-json\/wp\/v2\/comments?post=814"}],"wp:featuredmedia":[{"embeddable":true,"href":"https:\/\/jnats.eu\/it\/wp-json\/wp\/v2\/media\/1347"}],"wp:attachment":[{"href":"https:\/\/jnats.eu\/it\/wp-json\/wp\/v2\/media?parent=814"}],"wp:term":[{"taxonomy":"product_brand","embeddable":true,"href":"https:\/\/jnats.eu\/it\/wp-json\/wp\/v2\/product_brand?post=814"},{"taxonomy":"product_cat","embeddable":true,"href":"https:\/\/jnats.eu\/it\/wp-json\/wp\/v2\/product_cat?post=814"},{"taxonomy":"product_tag","embeddable":true,"href":"https:\/\/jnats.eu\/it\/wp-json\/wp\/v2\/product_tag?post=814"}],"curies":[{"name":"wp","href":"https:\/\/api.w.org\/{rel}","templated":true}]}}