{"id":841,"date":"2024-03-15T14:51:46","date_gmt":"2024-03-15T12:51:46","guid":{"rendered":"http:\/\/jnats.eu\/?post_type=product&#038;p=841"},"modified":"2025-02-18T00:52:58","modified_gmt":"2025-02-17T22:52:58","slug":"pietra-naturale-giapponese-shobudani-karasu","status":"publish","type":"product","link":"https:\/\/jnats.eu\/it\/prodotto-2\/pietra-naturale-giapponese-shobudani-karasu\/","title":{"rendered":"Pietra da affilatura naturale giapponese Shobudani Karasu"},"content":{"rendered":"<ul class=\"wp-block-list\">\n<li>Adatto per la finitura di rasoi, coltelli e utensili.<\/li>\n\n\n\n<li>Dimensioni: 206x78x29 mm<\/li>\n\n\n\n<li>Peso: 1200 g<\/li>\n\n\n\n<li>Durezza: Lv 4,8<\/li>\n\n\n\n<li>Lati e parte inferiore ricoperti di vernice<\/li>\n\n\n\n<li>Solido, abbastanza veloce. Pu\u00f2 essere accelerato con un chiodo o una piastra diamantata.<\/li>\n\n\n\n<li>Lo strato Aisa Karasu \u00e8 uno dei pi\u00f9 apprezzati da appassionati e professionisti. La Shobudani \u00e8 seconda solo alla Nakayama nella gerarchia delle pietre da affilatura naturali giapponesi e non \u00e8 molto lontana o uguale a quest'ultima per velocit\u00e0, scorrevolezza, finezza e risposta.<\/li>\n<\/ul>\n\n\n\n<figure class=\"wp-block-embed is-type-video is-provider-youtube wp-block-embed-youtube wp-embed-aspect-16-9 wp-has-aspect-ratio\"><div class=\"wp-block-embed__wrapper\">\n<div class=\"video-container\"><iframe title=\"Awasedo Jnats Ozuku Asagi Okudo Shobudani Karasu Kyoto Shinzen\" width=\"1170\" height=\"658\" src=\"https:\/\/www.youtube.com\/embed\/WR-t0Lxs7XY?start=507&#038;feature=oembed\" frameborder=\"0\" allow=\"accelerometer; autoplay; clipboard-write; encrypted-media; gyroscope; picture-in-picture; web-share\" allowfullscreen><\/iframe><\/div>\n<\/div><\/figure>","protected":false},"excerpt":{"rendered":"<p><!-- wp:list --><\/p>\n<ul><!-- wp:list-item --><\/p>\n<li><!-- wp:list -->\n<ul><!-- wp:list-item --><\/p>\n<li>Adatto per la finitura di rasoi, coltelli e utensili.<\/li>\n<p><!-- \/wp:list-item --><\/p>\n<p><!-- wp:list-item --><\/p>\n<li>Dimensioni: 206x78x29 mm<\/li>\n<p><!-- \/wp:list-item --><\/p>\n<p><!-- wp:list-item --><\/p>\n<li>Peso: 1200 g<\/li>\n<p><!-- \/wp:list-item --><\/p>\n<p><!-- wp:list-item --><\/p>\n<li>Durezza: Lv 4,8<\/li>\n<p><!-- \/wp:list-item --><\/p>\n<p><!-- wp:list-item --><\/p>\n<li>Lati e parte inferiore ricoperti di vernice<\/li>\n<p><!-- \/wp:list-item --><\/p>\n<p><!-- wp:list-item --><\/p>\n<li>Solido, abbastanza veloce. Pu\u00f2 essere accelerato con un chiodo o una piastra diamantata.<\/li>\n<p><!-- \/wp:list-item --><\/p>\n<p><!-- wp:list-item --><\/p>\n<li>Lo strato Aisa Karasu \u00e8 uno dei pi\u00f9 apprezzati da appassionati e professionisti. La Shobudani \u00e8 seconda solo alla Nakayama nella gerarchia delle pietre da affilatura naturali giapponesi e non \u00e8 molto lontana o uguale a quest'ultima per velocit\u00e0, scorrevolezza, finezza e risposta.<\/li>\n<p><!-- \/wp:list-item --><\/ul>\n<p><!-- \/wp:list --><\/li>\n<p><!-- \/wp:list-item --><\/ul>\n<p><!-- \/wp:list --><\/p>","protected":false},"featured_media":1370,"comment_status":"open","ping_status":"closed","template":"","meta":[],"product_brand":[],"product_cat":[22],"product_tag":[57,44],"class_list":{"0":"post-841","1":"product","2":"type-product","3":"status-publish","4":"has-post-thumbnail","6":"product_cat-jnats","7":"product_tag-karasu","8":"product_tag-shobudani","9":"product_shipping_class-iprastas","11":"first","12":"outofstock","13":"sale","14":"shipping-taxable","15":"purchasable","16":"product-type-simple"},"_links":{"self":[{"href":"https:\/\/jnats.eu\/it\/wp-json\/wp\/v2\/product\/841","targetHints":{"allow":["GET"]}}],"collection":[{"href":"https:\/\/jnats.eu\/it\/wp-json\/wp\/v2\/product"}],"about":[{"href":"https:\/\/jnats.eu\/it\/wp-json\/wp\/v2\/types\/product"}],"replies":[{"embeddable":true,"href":"https:\/\/jnats.eu\/it\/wp-json\/wp\/v2\/comments?post=841"}],"wp:featuredmedia":[{"embeddable":true,"href":"https:\/\/jnats.eu\/it\/wp-json\/wp\/v2\/media\/1370"}],"wp:attachment":[{"href":"https:\/\/jnats.eu\/it\/wp-json\/wp\/v2\/media?parent=841"}],"wp:term":[{"taxonomy":"product_brand","embeddable":true,"href":"https:\/\/jnats.eu\/it\/wp-json\/wp\/v2\/product_brand?post=841"},{"taxonomy":"product_cat","embeddable":true,"href":"https:\/\/jnats.eu\/it\/wp-json\/wp\/v2\/product_cat?post=841"},{"taxonomy":"product_tag","embeddable":true,"href":"https:\/\/jnats.eu\/it\/wp-json\/wp\/v2\/product_tag?post=841"}],"curies":[{"name":"wp","href":"https:\/\/api.w.org\/{rel}","templated":true}]}}