{"id":855,"date":"2024-03-16T10:16:58","date_gmt":"2024-03-16T08:16:58","guid":{"rendered":"http:\/\/jnats.eu\/?post_type=product&#038;p=855"},"modified":"2025-04-09T14:33:27","modified_gmt":"2025-04-09T11:33:27","slug":"nakayama-awasedo-pietra-naturale-giapponese-per-affilare","status":"publish","type":"product","link":"https:\/\/jnats.eu\/it\/prodotto-2\/nakayama-awasedo-pietra-naturale-giapponese-per-affilare\/","title":{"rendered":"Pietra da affilatura naturale giapponese Nakayama Awasedo"},"content":{"rendered":"<ul class=\"wp-block-list\">\n<li>Adatto per la finitura di rasoi, coltelli e utensili.<\/li>\n\n\n\n<li>Dimensioni: 198x72x27mm<\/li>\n\n\n\n<li>Peso con supporto: 1090 g<\/li>\n\n\n\n<li>Durezza: Lv 5+<\/li>\n\n\n\n<li>Una pietra molto dura. Il lavoro pu\u00f2 essere accelerato con l&#039;aiuto di una piastra Nagura o diamantata.<\/li>\n\n\n\n<li>La pietra per affilare estratta nei Monti Nakayama \u00e8 la pi\u00f9 apprezzata dagli appassionati e dai professionisti. Nella gerarchia delle pietre naturali per affilare giapponesi, Nakayama occupa il posto pi\u00f9 alto in termini di tutte le caratteristiche: velocit\u00e0 di lavoro, uniformit\u00e0, finezza e risposta.<\/li>\n<\/ul>\n\n\n\n<p>I principali vantaggi delle pietre giapponesi naturali per affilare:<\/p>\n\n\n\n<ul class=\"wp-block-list\">\n<li>Gli utensili rimangono affilati pi\u00f9 a lungo<\/li>\n\n\n\n<li>Le pietre non si contaminano con i rifiuti metallici<\/li>\n\n\n\n<li>Facile da rimuovere la valvola a saracinesca<\/li>\n\n\n\n<li>Una risposta sorprendente che consente di percepire esattamente ci\u00f2 che accade sulla superficie metallica.<\/li>\n<\/ul>\n\n\n\n<figure class=\"wp-block-embed is-type-video is-provider-youtube wp-block-embed-youtube wp-embed-aspect-16-9 wp-has-aspect-ratio\"><div class=\"wp-block-embed__wrapper\">\n<div class=\"video-container\"><iframe title=\"Nuovo Kinmoji Kamisori Nakayama Awasedo\" width=\"1170\" height=\"658\" src=\"https:\/\/www.youtube.com\/embed\/SQeigg5Fprs?feature=oembed\" frameborder=\"0\" allow=\"accelerometer; autoplay; clipboard-write; encrypted-media; gyroscope; picture-in-picture; web-share\" referrerpolicy=\"strict-origin-when-cross-origin\" allowfullscreen><\/iframe><\/div>\n<\/div><\/figure>","protected":false},"excerpt":{"rendered":"<ul>\n<li>Adatto per la finitura di rasoi, coltelli e utensili.<\/li>\n<li>Dimensioni: 198x72x27mm<\/li>\n<li>Peso con supporto: 1090 g<\/li>\n<li>Durezza: Lv 5+<\/li>\n<li>Una pietra molto dura. Il lavoro pu\u00f2 essere accelerato con l&#039;aiuto di una piastra Nagura o diamantata.<\/li>\n<li>La pietra per affilare estratta nei Monti Nakayama \u00e8 la pi\u00f9 apprezzata dagli appassionati e dai professionisti. Nella gerarchia delle pietre naturali per affilare giapponesi, Nakayama occupa il posto pi\u00f9 alto in termini di tutte le caratteristiche: velocit\u00e0 di lavoro, uniformit\u00e0, finezza e risposta.<\/li>\n<\/ul>","protected":false},"featured_media":1292,"comment_status":"open","ping_status":"closed","template":"","meta":[],"product_brand":[],"product_cat":[22],"product_tag":[40,49],"class_list":{"0":"post-855","1":"product","2":"type-product","3":"status-publish","4":"has-post-thumbnail","6":"product_cat-jnats","7":"product_tag-awasedo","8":"product_tag-nakayama","9":"product_shipping_class-iprastas","11":"first","12":"outofstock","13":"sale","14":"shipping-taxable","15":"purchasable","16":"product-type-simple"},"_links":{"self":[{"href":"https:\/\/jnats.eu\/it\/wp-json\/wp\/v2\/product\/855","targetHints":{"allow":["GET"]}}],"collection":[{"href":"https:\/\/jnats.eu\/it\/wp-json\/wp\/v2\/product"}],"about":[{"href":"https:\/\/jnats.eu\/it\/wp-json\/wp\/v2\/types\/product"}],"replies":[{"embeddable":true,"href":"https:\/\/jnats.eu\/it\/wp-json\/wp\/v2\/comments?post=855"}],"wp:featuredmedia":[{"embeddable":true,"href":"https:\/\/jnats.eu\/it\/wp-json\/wp\/v2\/media\/1292"}],"wp:attachment":[{"href":"https:\/\/jnats.eu\/it\/wp-json\/wp\/v2\/media?parent=855"}],"wp:term":[{"taxonomy":"product_brand","embeddable":true,"href":"https:\/\/jnats.eu\/it\/wp-json\/wp\/v2\/product_brand?post=855"},{"taxonomy":"product_cat","embeddable":true,"href":"https:\/\/jnats.eu\/it\/wp-json\/wp\/v2\/product_cat?post=855"},{"taxonomy":"product_tag","embeddable":true,"href":"https:\/\/jnats.eu\/it\/wp-json\/wp\/v2\/product_tag?post=855"}],"curies":[{"name":"wp","href":"https:\/\/api.w.org\/{rel}","templated":true}]}}